{"id":933,"date":"2024-01-03T00:04:44","date_gmt":"2024-01-02T21:04:44","guid":{"rendered":"https:\/\/kamp.linux.org.tr\/2024-kis\/?page_id=933"},"modified":"2024-01-29T21:55:46","modified_gmt":"2024-01-29T18:55:46","slug":"aydin-yakar","status":"publish","type":"page","link":"https:\/\/kamp.linux.org.tr\/2024-kis\/egitmenler\/aydin-yakar\/","title":{"rendered":"Ayd\u0131n Yakar"},"content":{"rendered":"\n<p>Verdi\u011fi E\u011fitim: <a href=\"https:\/\/kamp.linux.org.tr\/2024-kis\/kurslar\/rust-101\/\">Rust 101<\/a><\/p>\n\n\n\n<p>\u00c7al\u0131\u015ft\u0131\u011f\u0131 Kurum: <a href=\"https:\/\/turkiyerust.com\/\">T\u00fcrkiye Rust Community<\/a><\/p>\n\n\n\n<figure class=\"wp-block-image size-thumbnail\"><img loading=\"lazy\" decoding=\"async\" width=\"150\" height=\"150\" src=\"https:\/\/kamp.linux.org.tr\/2024-kis\/wp-content\/uploads\/sites\/5\/2024\/01\/turkiye-rust-community-150x150.png\" alt=\"\" class=\"wp-image-1299\" srcset=\"https:\/\/kamp.linux.org.tr\/2024-kis\/wp-content\/uploads\/sites\/5\/2024\/01\/turkiye-rust-community-150x150.png 150w, https:\/\/kamp.linux.org.tr\/2024-kis\/wp-content\/uploads\/sites\/5\/2024\/01\/turkiye-rust-community-300x300.png 300w, https:\/\/kamp.linux.org.tr\/2024-kis\/wp-content\/uploads\/sites\/5\/2024\/01\/turkiye-rust-community-768x768.png 768w, https:\/\/kamp.linux.org.tr\/2024-kis\/wp-content\/uploads\/sites\/5\/2024\/01\/turkiye-rust-community.png 900w\" sizes=\"auto, (max-width: 150px) 100vw, 150px\" \/><\/figure>\n","protected":false},"excerpt":{"rendered":"<p>Verdi\u011fi E\u011fitim: Rust 101 \u00c7al\u0131\u015ft\u0131\u011f\u0131 Kurum: T\u00fcrkiye Rust Community<\/p>\n","protected":false},"author":2,"featured_media":0,"parent":12,"menu_order":0,"comment_status":"closed","ping_status":"closed","template":"","meta":{"footnotes":""},"class_list":["post-933","page","type-page","status-publish","hentry"],"jetpack_sharing_enabled":true,"_links":{"self":[{"href":"https:\/\/kamp.linux.org.tr\/2024-kis\/wp-json\/wp\/v2\/pages\/933","targetHints":{"allow":["GET"]}}],"collection":[{"href":"https:\/\/kamp.linux.org.tr\/2024-kis\/wp-json\/wp\/v2\/pages"}],"about":[{"href":"https:\/\/kamp.linux.org.tr\/2024-kis\/wp-json\/wp\/v2\/types\/page"}],"author":[{"embeddable":true,"href":"https:\/\/kamp.linux.org.tr\/2024-kis\/wp-json\/wp\/v2\/users\/2"}],"replies":[{"embeddable":true,"href":"https:\/\/kamp.linux.org.tr\/2024-kis\/wp-json\/wp\/v2\/comments?post=933"}],"version-history":[{"count":4,"href":"https:\/\/kamp.linux.org.tr\/2024-kis\/wp-json\/wp\/v2\/pages\/933\/revisions"}],"predecessor-version":[{"id":1301,"href":"https:\/\/kamp.linux.org.tr\/2024-kis\/wp-json\/wp\/v2\/pages\/933\/revisions\/1301"}],"up":[{"embeddable":true,"href":"https:\/\/kamp.linux.org.tr\/2024-kis\/wp-json\/wp\/v2\/pages\/12"}],"wp:attachment":[{"href":"https:\/\/kamp.linux.org.tr\/2024-kis\/wp-json\/wp\/v2\/media?parent=933"}],"curies":[{"name":"wp","href":"https:\/\/api.w.org\/{rel}","templated":true}]}}