{"id":941,"date":"2024-01-03T00:08:48","date_gmt":"2024-01-02T21:08:48","guid":{"rendered":"https:\/\/kamp.linux.org.tr\/2024-kis\/?page_id=941"},"modified":"2024-01-16T18:17:25","modified_gmt":"2024-01-16T15:17:25","slug":"berkay-guclu","status":"publish","type":"page","link":"https:\/\/kamp.linux.org.tr\/2024-kis\/egitmenler\/berkay-guclu\/","title":{"rendered":"Berkay G\u00fc\u00e7l\u00fc"},"content":{"rendered":"\n<p>Verdi\u011fi E\u011fitim: <a href=\"https:\/\/kamp.linux.org.tr\/2024-kis\/kurslar\/zabbix-ile-sunucu-ve-servislerin-gozetlenmesi-monitoring\/\" data-type=\"link\" data-id=\"https:\/\/kamp.linux.org.tr\/2024-kis\/kurslar\/zabbix-ile-sunucu-ve-servislerin-gozetlenmesi-monitoring\/\">Zabbix ile Sunucu ve Servislerin G\u00f6zetlenmesi (Monitoring)<\/a><\/p>\n\n\n\n<p>\u00c7al\u0131\u015ft\u0131\u011f\u0131 Kurum: \u00d6zg\u00fcr Yaz\u0131l\u0131m A.\u015e.<\/p>\n\n\n\n<figure class=\"wp-block-image size-full\"><img loading=\"lazy\" decoding=\"async\" width=\"224\" height=\"150\" src=\"https:\/\/kamp.linux.org.tr\/2024-kis\/wp-content\/uploads\/sites\/5\/2023\/12\/ozgur_yazilim_as.png\" alt=\"\" class=\"wp-image-858\"\/><\/figure>\n\n\n\n<p>Web sitesi: <a href=\"https:\/\/www.ozguryazilim.com.tr\/\">https:\/\/www.ozguryazilim.com.tr\/<\/a><\/p>\n","protected":false},"excerpt":{"rendered":"<p>Verdi\u011fi E\u011fitim: Zabbix ile Sunucu ve Servislerin G\u00f6zetlenmesi (Monitoring) \u00c7al\u0131\u015ft\u0131\u011f\u0131 Kurum: \u00d6zg\u00fcr Yaz\u0131l\u0131m A.\u015e. Web sitesi: https:\/\/www.ozguryazilim.com.tr\/<\/p>\n","protected":false},"author":2,"featured_media":0,"parent":12,"menu_order":0,"comment_status":"closed","ping_status":"closed","template":"","meta":{"footnotes":""},"class_list":["post-941","page","type-page","status-publish","hentry"],"jetpack_sharing_enabled":true,"_links":{"self":[{"href":"https:\/\/kamp.linux.org.tr\/2024-kis\/wp-json\/wp\/v2\/pages\/941","targetHints":{"allow":["GET"]}}],"collection":[{"href":"https:\/\/kamp.linux.org.tr\/2024-kis\/wp-json\/wp\/v2\/pages"}],"about":[{"href":"https:\/\/kamp.linux.org.tr\/2024-kis\/wp-json\/wp\/v2\/types\/page"}],"author":[{"embeddable":true,"href":"https:\/\/kamp.linux.org.tr\/2024-kis\/wp-json\/wp\/v2\/users\/2"}],"replies":[{"embeddable":true,"href":"https:\/\/kamp.linux.org.tr\/2024-kis\/wp-json\/wp\/v2\/comments?post=941"}],"version-history":[{"count":5,"href":"https:\/\/kamp.linux.org.tr\/2024-kis\/wp-json\/wp\/v2\/pages\/941\/revisions"}],"predecessor-version":[{"id":1245,"href":"https:\/\/kamp.linux.org.tr\/2024-kis\/wp-json\/wp\/v2\/pages\/941\/revisions\/1245"}],"up":[{"embeddable":true,"href":"https:\/\/kamp.linux.org.tr\/2024-kis\/wp-json\/wp\/v2\/pages\/12"}],"wp:attachment":[{"href":"https:\/\/kamp.linux.org.tr\/2024-kis\/wp-json\/wp\/v2\/media?parent=941"}],"curies":[{"name":"wp","href":"https:\/\/api.w.org\/{rel}","templated":true}]}}