{"id":944,"date":"2024-01-03T00:10:04","date_gmt":"2024-01-02T21:10:04","guid":{"rendered":"https:\/\/kamp.linux.org.tr\/2024-kis\/?page_id=944"},"modified":"2024-01-07T15:41:07","modified_gmt":"2024-01-07T12:41:07","slug":"golang-101","status":"publish","type":"page","link":"https:\/\/kamp.linux.org.tr\/2024-kis\/kurslar\/golang-101\/","title":{"rendered":"Golang 101"},"content":{"rendered":"\n<p><strong>E\u011fitmenler: <a href=\"https:\/\/kamp.linux.org.tr\/2024-kis\/egitmenler\/ugur-ozyilmazel\/\" data-type=\"link\" data-id=\"https:\/\/kamp.linux.org.tr\/2024-kis\/egitmenler\/ugur-ozyilmazel\/\" target=\"_blank\" rel=\"noreferrer noopener\">U\u011fur \u00d6zy\u0131lmazel<\/a><\/strong><\/p>\n\n\n\n<p><a class=\"btn btn-lyk\" href=\"https:\/\/kayit.linux.org.tr\/\" target=\"_blank\" rel=\"noreferrer noopener\">Kurslara kay\u0131t olmak i\u00e7in t\u0131klay\u0131n<\/a><\/p>\n\n\n\n<h3 class=\"wp-block-heading\"><strong>E\u011fitim \u00d6zeti:<\/strong><\/h3>\n\n\n\n<p><\/p>\n\n\n\n<p>Go programlama dilinin temelleri<\/p>\n\n\n\n<h3 class=\"wp-block-heading\"><strong>Kat\u0131l\u0131mc\u0131lar i\u00e7in \u00f6n \u015fartlar:<\/strong><\/h3>\n\n\n\n<p><\/p>\n\n\n\n<p>Unix shell ortam\u0131na a\u015fina olmak, git ve github kullanmay\u0131 bilmek<\/p>\n\n\n\n<h3 class=\"wp-block-heading\"><strong>E\u011fitim i\u00e7eri\u011fi:<\/strong><\/h3>\n\n\n\n<p><\/p>\n\n\n\n<ul class=\"wp-block-list\">\n<li>Go nedir?<\/li>\n\n\n\n<li>Proverbs<\/li>\n\n\n\n<li>Paket Kavram\u0131<\/li>\n\n\n\n<li>Go Uygulamas\u0131n\u0131 \u00c7al\u0131\u015ft\u0131rmak<\/li>\n\n\n\n<li>Dil Kurallar\u0131<\/li>\n\n\n\n<li>Kod Stili<\/li>\n\n\n\n<li>G\u00f6m\u00fcl\u00fc Gelen Veri Tipleri<\/li>\n\n\n\n<li>Fonksiyonlar<\/li>\n\n\n\n<li>Durum Kontrolleri<\/li>\n\n\n\n<li>D\u00f6ng\u00fcler<\/li>\n\n\n\n<li>Interface<\/li>\n\n\n\n<li>Error<\/li>\n\n\n\n<li>nil<\/li>\n\n\n\n<li>Generics<\/li>\n<\/ul>\n\n\n\n<h3 class=\"wp-block-heading\"><strong>Kat\u0131l\u0131mc\u0131n\u0131n Kursa Gelmeden Yapmas\u0131 (Getirmesi) Gerekenler:<\/strong><\/h3>\n\n\n\n<p><\/p>\n\n\n\n<p>Kod edit\u00f6r\u00fc (vscode, vim, emacs vb)<\/p>\n","protected":false},"excerpt":{"rendered":"<p>E\u011fitmenler: U\u011fur \u00d6zy\u0131lmazel Kurslara kay\u0131t olmak i\u00e7in t\u0131klay\u0131n E\u011fitim \u00d6zeti: Go programlama dilinin temelleri Kat\u0131l\u0131mc\u0131lar i\u00e7in \u00f6n \u015fartlar: Unix shell ortam\u0131na a\u015fina olmak, git ve github kullanmay\u0131 bilmek E\u011fitim i\u00e7eri\u011fi: Kat\u0131l\u0131mc\u0131n\u0131n Kursa Gelmeden Yapmas\u0131 (Getirmesi) Gerekenler: Kod edit\u00f6r\u00fc (vscode, vim, emacs vb)<\/p>\n","protected":false},"author":2,"featured_media":0,"parent":362,"menu_order":0,"comment_status":"closed","ping_status":"closed","template":"","meta":{"footnotes":""},"class_list":["post-944","page","type-page","status-publish","hentry"],"jetpack_sharing_enabled":true,"_links":{"self":[{"href":"https:\/\/kamp.linux.org.tr\/2024-kis\/wp-json\/wp\/v2\/pages\/944","targetHints":{"allow":["GET"]}}],"collection":[{"href":"https:\/\/kamp.linux.org.tr\/2024-kis\/wp-json\/wp\/v2\/pages"}],"about":[{"href":"https:\/\/kamp.linux.org.tr\/2024-kis\/wp-json\/wp\/v2\/types\/page"}],"author":[{"embeddable":true,"href":"https:\/\/kamp.linux.org.tr\/2024-kis\/wp-json\/wp\/v2\/users\/2"}],"replies":[{"embeddable":true,"href":"https:\/\/kamp.linux.org.tr\/2024-kis\/wp-json\/wp\/v2\/comments?post=944"}],"version-history":[{"count":6,"href":"https:\/\/kamp.linux.org.tr\/2024-kis\/wp-json\/wp\/v2\/pages\/944\/revisions"}],"predecessor-version":[{"id":1192,"href":"https:\/\/kamp.linux.org.tr\/2024-kis\/wp-json\/wp\/v2\/pages\/944\/revisions\/1192"}],"up":[{"embeddable":true,"href":"https:\/\/kamp.linux.org.tr\/2024-kis\/wp-json\/wp\/v2\/pages\/362"}],"wp:attachment":[{"href":"https:\/\/kamp.linux.org.tr\/2024-kis\/wp-json\/wp\/v2\/media?parent=944"}],"curies":[{"name":"wp","href":"https:\/\/api.w.org\/{rel}","templated":true}]}}