{"id":955,"date":"2024-01-03T00:17:14","date_gmt":"2024-01-02T21:17:14","guid":{"rendered":"https:\/\/kamp.linux.org.tr\/2024-kis\/?page_id=955"},"modified":"2024-01-07T15:41:30","modified_gmt":"2024-01-07T12:41:30","slug":"kubernetes-ile-gitops","status":"publish","type":"page","link":"https:\/\/kamp.linux.org.tr\/2024-kis\/kurslar\/kubernetes-ile-gitops\/","title":{"rendered":"Kubernetes ile GitOps"},"content":{"rendered":"\n<p><strong>E\u011fitmenler: <a href=\"https:\/\/kamp.linux.org.tr\/2024-kis\/egitmenler\/yunus-yasar\/\" data-type=\"link\" data-id=\"https:\/\/kamp.linux.org.tr\/2024-kis\/egitmenler\/yunus-yasar\/\" target=\"_blank\" rel=\"noreferrer noopener\">Yunus Ya\u015far<\/a>, <a href=\"https:\/\/kamp.linux.org.tr\/2024-kis\/egitmenler\/oguz-halit-sak\/\" data-type=\"link\" data-id=\"https:\/\/kamp.linux.org.tr\/2024-kis\/egitmenler\/oguz-halit-sak\/\" target=\"_blank\" rel=\"noreferrer noopener\">O\u011fuz Halit Sak<\/a><\/strong><\/p>\n\n\n\n<p><a class=\"btn btn-lyk\" href=\"https:\/\/kayit.linux.org.tr\/\" target=\"_blank\" rel=\"noreferrer noopener\">Kurslara kay\u0131t olmak i\u00e7in t\u0131klay\u0131n<\/a><\/p>\n\n\n\n<p><strong>E\u011fitim \u00d6zeti:<\/strong><\/p>\n\n\n\n<p>Gitops yakla\u015f\u0131m\u0131 ile kubernetes ve uygulama y\u00f6netimi<\/p>\n\n\n\n<p><strong>Kat\u0131l\u0131mc\u0131lar i\u00e7in \u00f6n \u015fartlar:<\/strong><\/p>\n\n\n\n<p>Okudu\u011funu anlayabilecek d\u00fczeyde \u0130ngilizce bilgisi, Sanal makine kurabilme \/ kullanabilme ,Temel seviye Git bilgisi, Temel seviye konteyner bilgisi, Temel seviye GNU\/Linux bilgisi<\/p>\n\n\n\n<p><strong>E\u011fitim i\u00e7eri\u011fi:<\/strong><\/p>\n\n\n\n<p>\u00d6zg\u00fcr Yaz\u0131l\u0131m Kavramlar\u0131<br>\u201c\u00d6zg\u00fcr Yaz\u0131l\u0131m\u201d tan\u0131m\u0131 ve felsefesi<\/p>\n\n\n\n<ul class=\"wp-block-list\">\n<li>Gitops&#8217;a giri\u015f<\/li>\n\n\n\n<li>Gitops ile Kubernetes Yap\u0131land\u0131rmas\u0131<\/li>\n\n\n\n<li>Kubernetes Imperative &amp; Declarative Metot<\/li>\n\n\n\n<li>Kubernetes manifest y\u00f6netimi<\/li>\n\n\n\n<li>Helm ile Uygulama y\u00f6netimi<\/li>\n\n\n\n<li>Kustomize ile Uygulama y\u00f6netimi<\/li>\n\n\n\n<li>Gitops Yakla\u015f\u0131m\u0131<\/li>\n\n\n\n<li>Pull &amp; Push base yakla\u015f\u0131m\u0131<\/li>\n\n\n\n<li>Gitops \u00f6zellikleri<\/li>\n\n\n\n<li>Gitops Avantajlar\u0131 ve Dezavantajlar\u0131<\/li>\n\n\n\n<li>Neden ArgoCD<\/li>\n\n\n\n<li>ArgoCD konsepti, \u00f6zellikleri, terminolojisi<\/li>\n\n\n\n<li>ArgoCD Mimarisi ve Temel Komponentleri<\/li>\n\n\n\n<li>Helm ile ArgoCD kurulumu<\/li>\n\n\n\n<li>ArgoCD ile altyap\u0131 olu\u015fturma<\/li>\n\n\n\n<li>ArgoCD uygulamalar\u0131<\/li>\n\n\n\n<li>UI kullan\u0131m\u0131<\/li>\n\n\n\n<li>Uygulama y\u00f6netimi<\/li>\n\n\n\n<li>Senkronizasyon stratejileri<\/li>\n\n\n\n<li>Uygulama deploy etme(Imperative &amp; declarative)<\/li>\n\n\n\n<li>RBAC ile Kullan\u0131c\u0131 y\u00f6netimi<\/li>\n\n\n\n<li>ArgoCD ile Bildirim y\u00f6netimi<\/li>\n\n\n\n<li>ArgoCD ile S\u00fcrekli Entegrasyon<\/li>\n\n\n\n<li>ArgoCD ile S\u00fcrekli Da\u011f\u0131t\u0131m<\/li>\n\n\n\n<li>GitOps ile Kubernetes CI\/CD i\u015f ak\u0131\u015f \u00f6rne\u011fi<\/li>\n<\/ul>\n\n\n\n<p><\/p>\n\n\n\n<p><strong>Kat\u0131l\u0131mc\u0131n\u0131n Kursa Gelmeden Yapmas\u0131 (Getirmesi) Gerekenler:<\/strong><\/p>\n\n\n\n<p>16gb ram, Virtualbox, Git hesab\u0131<\/p>\n","protected":false},"excerpt":{"rendered":"<p>E\u011fitmenler: Yunus Ya\u015far, O\u011fuz Halit Sak Kurslara kay\u0131t olmak i\u00e7in t\u0131klay\u0131n E\u011fitim \u00d6zeti: Gitops yakla\u015f\u0131m\u0131 ile kubernetes ve uygulama y\u00f6netimi Kat\u0131l\u0131mc\u0131lar i\u00e7in \u00f6n \u015fartlar: Okudu\u011funu anlayabilecek d\u00fczeyde \u0130ngilizce bilgisi, Sanal makine kurabilme \/ kullanabilme ,Temel seviye Git bilgisi, Temel seviye konteyner bilgisi, Temel seviye GNU\/Linux bilgisi E\u011fitim i\u00e7eri\u011fi: \u00d6zg\u00fcr Yaz\u0131l\u0131m Kavramlar\u0131\u201c\u00d6zg\u00fcr Yaz\u0131l\u0131m\u201d tan\u0131m\u0131 ve felsefesi [&hellip;]<\/p>\n","protected":false},"author":2,"featured_media":0,"parent":362,"menu_order":0,"comment_status":"closed","ping_status":"closed","template":"","meta":{"footnotes":""},"class_list":["post-955","page","type-page","status-publish","hentry"],"jetpack_sharing_enabled":true,"_links":{"self":[{"href":"https:\/\/kamp.linux.org.tr\/2024-kis\/wp-json\/wp\/v2\/pages\/955","targetHints":{"allow":["GET"]}}],"collection":[{"href":"https:\/\/kamp.linux.org.tr\/2024-kis\/wp-json\/wp\/v2\/pages"}],"about":[{"href":"https:\/\/kamp.linux.org.tr\/2024-kis\/wp-json\/wp\/v2\/types\/page"}],"author":[{"embeddable":true,"href":"https:\/\/kamp.linux.org.tr\/2024-kis\/wp-json\/wp\/v2\/users\/2"}],"replies":[{"embeddable":true,"href":"https:\/\/kamp.linux.org.tr\/2024-kis\/wp-json\/wp\/v2\/comments?post=955"}],"version-history":[{"count":6,"href":"https:\/\/kamp.linux.org.tr\/2024-kis\/wp-json\/wp\/v2\/pages\/955\/revisions"}],"predecessor-version":[{"id":1194,"href":"https:\/\/kamp.linux.org.tr\/2024-kis\/wp-json\/wp\/v2\/pages\/955\/revisions\/1194"}],"up":[{"embeddable":true,"href":"https:\/\/kamp.linux.org.tr\/2024-kis\/wp-json\/wp\/v2\/pages\/362"}],"wp:attachment":[{"href":"https:\/\/kamp.linux.org.tr\/2024-kis\/wp-json\/wp\/v2\/media?parent=955"}],"curies":[{"name":"wp","href":"https:\/\/api.w.org\/{rel}","templated":true}]}}