{"id":962,"date":"2024-01-03T00:22:11","date_gmt":"2024-01-02T21:22:11","guid":{"rendered":"https:\/\/kamp.linux.org.tr\/2024-kis\/?page_id=962"},"modified":"2024-01-07T15:41:38","modified_gmt":"2024-01-07T12:41:38","slug":"kubernetes-ve-konteyner-dunyasina-giris","status":"publish","type":"page","link":"https:\/\/kamp.linux.org.tr\/2024-kis\/kurslar\/kubernetes-ve-konteyner-dunyasina-giris\/","title":{"rendered":"Kubernetes ve Konteyner D\u00fcnyas\u0131na Giri\u015f"},"content":{"rendered":"\n<p><strong>E\u011fitmenler: Murtaza Sar\u0131altun, Osman \u00dcnalan<\/strong><\/p>\n\n\n\n<p><a class=\"btn btn-lyk\" href=\"https:\/\/kayit.linux.org.tr\/\" target=\"_blank\" rel=\"noreferrer noopener\">Kurslara kay\u0131t olmak i\u00e7in t\u0131klay\u0131n<\/a><\/p>\n\n\n\n<p><\/p>\n\n\n\n<p><strong>Katl\u0131mc\u0131lar i\u00e7in \u00f6n \u015fartlar:<\/strong><\/p>\n\n\n\n<p><\/p>\n\n\n\n<p>Kubernetes ve Konteyner D\u00fcnyas\u0131na Giri\u015f<\/p>\n\n\n\n<ul class=\"wp-block-list\">\n<li>Konteynerler (Container) Nedir? Neden?<\/li>\n\n\n\n<li>Kubernetes Mimarisi<\/li>\n\n\n\n<li>Kubernetes Kavramlar\u0131<\/li>\n\n\n\n<li>Kubernetes Kurulumu<\/li>\n\n\n\n<li>Kubernetes Yetkilendirme<\/li>\n\n\n\n<li>Kubernetes ile \u00c7al\u0131\u015fma<\/li>\n\n\n\n<li>Pod ve \u0130maj Y\u00f6netimi<\/li>\n\n\n\n<li>Uygulama Log ve \u0130zlenebilirlik (Monitoring) Y\u00f6ntemleri<\/li>\n\n\n\n<li>Kubernetes ile Uygulama Eri\u015filebilirli\u011fi<\/li>\n<\/ul>\n\n\n\n<p>*Kubernetes ile Y\u00fcksek Eri\u015filebilirlik (HA)<\/p>\n\n\n\n<ul class=\"wp-block-list\">\n<li>Kal\u0131c\u0131 (Persistent) Depolama (Storage)<\/li>\n\n\n\n<li>Kal\u0131c\u0131 Uygulama \u00c7al\u0131\u015ft\u0131rma<\/li>\n<\/ul>\n\n\n\n<p>*K\u00fcme ve Node \u0130\u015flemleri<\/p>\n\n\n\n<ul class=\"wp-block-list\">\n<li>Kubernetes Servis Sa\u011flay\u0131c\u0131lar\u0131<\/li>\n\n\n\n<li>Kubernetes&#8217;in G\u00fcncellenmesi<\/li>\n<\/ul>\n","protected":false},"excerpt":{"rendered":"<p>E\u011fitmenler: Murtaza Sar\u0131altun, Osman \u00dcnalan Kurslara kay\u0131t olmak i\u00e7in t\u0131klay\u0131n Katl\u0131mc\u0131lar i\u00e7in \u00f6n \u015fartlar: Kubernetes ve Konteyner D\u00fcnyas\u0131na Giri\u015f *Kubernetes ile Y\u00fcksek Eri\u015filebilirlik (HA) *K\u00fcme ve Node \u0130\u015flemleri<\/p>\n","protected":false},"author":3,"featured_media":0,"parent":362,"menu_order":0,"comment_status":"closed","ping_status":"closed","template":"","meta":{"footnotes":""},"class_list":["post-962","page","type-page","status-publish","hentry"],"jetpack_sharing_enabled":true,"_links":{"self":[{"href":"https:\/\/kamp.linux.org.tr\/2024-kis\/wp-json\/wp\/v2\/pages\/962","targetHints":{"allow":["GET"]}}],"collection":[{"href":"https:\/\/kamp.linux.org.tr\/2024-kis\/wp-json\/wp\/v2\/pages"}],"about":[{"href":"https:\/\/kamp.linux.org.tr\/2024-kis\/wp-json\/wp\/v2\/types\/page"}],"author":[{"embeddable":true,"href":"https:\/\/kamp.linux.org.tr\/2024-kis\/wp-json\/wp\/v2\/users\/3"}],"replies":[{"embeddable":true,"href":"https:\/\/kamp.linux.org.tr\/2024-kis\/wp-json\/wp\/v2\/comments?post=962"}],"version-history":[{"count":3,"href":"https:\/\/kamp.linux.org.tr\/2024-kis\/wp-json\/wp\/v2\/pages\/962\/revisions"}],"predecessor-version":[{"id":1195,"href":"https:\/\/kamp.linux.org.tr\/2024-kis\/wp-json\/wp\/v2\/pages\/962\/revisions\/1195"}],"up":[{"embeddable":true,"href":"https:\/\/kamp.linux.org.tr\/2024-kis\/wp-json\/wp\/v2\/pages\/362"}],"wp:attachment":[{"href":"https:\/\/kamp.linux.org.tr\/2024-kis\/wp-json\/wp\/v2\/media?parent=962"}],"curies":[{"name":"wp","href":"https:\/\/api.w.org\/{rel}","templated":true}]}}