{"id":973,"date":"2024-01-03T00:24:02","date_gmt":"2024-01-02T21:24:02","guid":{"rendered":"https:\/\/kamp.linux.org.tr\/2024-kis\/?page_id=973"},"modified":"2024-01-07T15:41:46","modified_gmt":"2024-01-07T12:41:46","slug":"linuxun-ic-yapisi-ebpfe-giris","status":"publish","type":"page","link":"https:\/\/kamp.linux.org.tr\/2024-kis\/kurslar\/linuxun-ic-yapisi-ebpfe-giris\/","title":{"rendered":"Linux&#8217;un \u0130\u00e7 Yap\u0131s\u0131: (e)BPF&#8217;e Giri\u015f"},"content":{"rendered":"\n<p><strong>E\u011fitmenler: <a href=\"https:\/\/kamp.linux.org.tr\/2024-kis\/egitmenler\/engur-pisirici\/\" data-type=\"link\" data-id=\"https:\/\/kamp.linux.org.tr\/2024-kis\/egitmenler\/engur-pisirici\/\" target=\"_blank\" rel=\"noreferrer noopener\">Eng\u00fcr Pi\u015firici<\/a><\/strong><\/p>\n\n\n\n<p><a class=\"btn btn-lyk\" href=\"https:\/\/kayit.linux.org.tr\/\" target=\"_blank\" rel=\"noreferrer noopener\">Kurslara kay\u0131t olmak i\u00e7in t\u0131klay\u0131n<\/a><\/p>\n\n\n\n<p><strong>Kat\u0131l\u0131mc\u0131lar i\u00e7in \u00f6n \u015fartlar:<\/strong><\/p>\n","protected":false},"excerpt":{"rendered":"<p>E\u011fitmenler: Eng\u00fcr Pi\u015firici Kurslara kay\u0131t olmak i\u00e7in t\u0131klay\u0131n Kat\u0131l\u0131mc\u0131lar i\u00e7in \u00f6n \u015fartlar:<\/p>\n","protected":false},"author":3,"featured_media":0,"parent":362,"menu_order":0,"comment_status":"closed","ping_status":"closed","template":"","meta":{"footnotes":""},"class_list":["post-973","page","type-page","status-publish","hentry"],"jetpack_sharing_enabled":true,"_links":{"self":[{"href":"https:\/\/kamp.linux.org.tr\/2024-kis\/wp-json\/wp\/v2\/pages\/973","targetHints":{"allow":["GET"]}}],"collection":[{"href":"https:\/\/kamp.linux.org.tr\/2024-kis\/wp-json\/wp\/v2\/pages"}],"about":[{"href":"https:\/\/kamp.linux.org.tr\/2024-kis\/wp-json\/wp\/v2\/types\/page"}],"author":[{"embeddable":true,"href":"https:\/\/kamp.linux.org.tr\/2024-kis\/wp-json\/wp\/v2\/users\/3"}],"replies":[{"embeddable":true,"href":"https:\/\/kamp.linux.org.tr\/2024-kis\/wp-json\/wp\/v2\/comments?post=973"}],"version-history":[{"count":3,"href":"https:\/\/kamp.linux.org.tr\/2024-kis\/wp-json\/wp\/v2\/pages\/973\/revisions"}],"predecessor-version":[{"id":1196,"href":"https:\/\/kamp.linux.org.tr\/2024-kis\/wp-json\/wp\/v2\/pages\/973\/revisions\/1196"}],"up":[{"embeddable":true,"href":"https:\/\/kamp.linux.org.tr\/2024-kis\/wp-json\/wp\/v2\/pages\/362"}],"wp:attachment":[{"href":"https:\/\/kamp.linux.org.tr\/2024-kis\/wp-json\/wp\/v2\/media?parent=973"}],"curies":[{"name":"wp","href":"https:\/\/api.w.org\/{rel}","templated":true}]}}