{"id":979,"date":"2024-01-03T00:26:41","date_gmt":"2024-01-02T21:26:41","guid":{"rendered":"https:\/\/kamp.linux.org.tr\/2024-kis\/?page_id=979"},"modified":"2024-02-16T21:48:23","modified_gmt":"2024-02-16T18:48:23","slug":"ozgur-yazilimlarla-veri-madenciligi","status":"publish","type":"page","link":"https:\/\/kamp.linux.org.tr\/2024-kis\/kurslar\/ozgur-yazilimlarla-veri-madenciligi\/","title":{"rendered":"\u00d6zg\u00fcr Yaz\u0131l\u0131mlarla Veri Madencili\u011fi"},"content":{"rendered":"\n<p><strong>E\u011fitmenler: <a href=\"https:\/\/kamp.linux.org.tr\/2024-kis\/egitmenler\/dogukan-celik\/\" data-type=\"link\" data-id=\"https:\/\/kamp.linux.org.tr\/2024-kis\/egitmenler\/dogukan-celik\/\">Do\u011fukan <\/a><a href=\"https:\/\/kamp.linux.org.tr\/2024-kis\/egitmenler\/dogukan-celik\/\" data-type=\"link\" data-id=\"https:\/\/kamp.linux.org.tr\/2024-kis\/egitmenler\/dogukan-celik\/\" target=\"_blank\" rel=\"noreferrer noopener\">\u00c7elik<\/a><\/strong><\/p>\n\n\n\n<p><a class=\"btn btn-lyk\" href=\"https:\/\/kayit.linux.org.tr\/\" target=\"_blank\" rel=\"noreferrer noopener\">Kurslara kay\u0131t olmak i\u00e7in t\u0131klay\u0131n<\/a><\/p>\n\n\n\n<p><strong>Kat\u0131l\u0131mc\u0131lar i\u00e7in \u00f6n \u015fartlar:<\/strong><\/p>\n\n\n\n<h3 class=\"wp-block-heading\">E\u011fitim i\u00e7eri\u011fi:<\/h3>\n\n\n\n<ul class=\"wp-block-list\">\n<li>Veri nedir? Yenir mi ?<\/li>\n\n\n\n<li>sektordeki populer araclarin tanitimi<\/li>\n\n\n\n<li>Durum incelemesi<\/li>\n\n\n\n<li>4 gunluk egitim boyunca uygulamasi yapilacak olan; acik kaynaklardan toplayarak isleyecek olan uygulamanin (analitica.news) tanitimi\n<ul class=\"wp-block-list\">\n<li>yapilacak olanlar, istekler, ozellikler<\/li>\n<\/ul>\n<\/li>\n\n\n\n<li>Python<\/li>\n\n\n\n<li>Veritabani paradigmalari ve Message Brokers<\/li>\n\n\n\n<li>Postgresql<\/li>\n\n\n\n<li>Elasticsearch<\/li>\n\n\n\n<li>InfluxDB<\/li>\n\n\n\n<li>RabbitMQ \/ Kafka<\/li>\n\n\n\n<li>HTTP\/HTTPS ve RestAPI<\/li>\n\n\n\n<li>WebScraping<\/li>\n\n\n\n<li>python beatifullsoup<\/li>\n\n\n\n<li>libxml<\/li>\n\n\n\n<li>Veri analizi ve gorsellestirme<\/li>\n\n\n\n<li>Grafana<\/li>\n\n\n\n<li>Yayinlama ve Monitorleme<\/li>\n\n\n\n<li>AWS &#8211; EC2 veya ECS ile uygulamanin yayina alinmasi<\/li>\n\n\n\n<li>Monitorleme ve guvenlik<\/li>\n\n\n\n<li>Yasal bilgilendirme: KVKK ve GDPR\u2019a genel bak\u0131\u015f<\/li>\n<\/ul>\n","protected":false},"excerpt":{"rendered":"<p>E\u011fitmenler: Do\u011fukan \u00c7elik Kurslara kay\u0131t olmak i\u00e7in t\u0131klay\u0131n Kat\u0131l\u0131mc\u0131lar i\u00e7in \u00f6n \u015fartlar: E\u011fitim i\u00e7eri\u011fi:<\/p>\n","protected":false},"author":3,"featured_media":0,"parent":362,"menu_order":0,"comment_status":"closed","ping_status":"closed","template":"","meta":{"footnotes":""},"class_list":["post-979","page","type-page","status-publish","hentry"],"jetpack_sharing_enabled":true,"_links":{"self":[{"href":"https:\/\/kamp.linux.org.tr\/2024-kis\/wp-json\/wp\/v2\/pages\/979","targetHints":{"allow":["GET"]}}],"collection":[{"href":"https:\/\/kamp.linux.org.tr\/2024-kis\/wp-json\/wp\/v2\/pages"}],"about":[{"href":"https:\/\/kamp.linux.org.tr\/2024-kis\/wp-json\/wp\/v2\/types\/page"}],"author":[{"embeddable":true,"href":"https:\/\/kamp.linux.org.tr\/2024-kis\/wp-json\/wp\/v2\/users\/3"}],"replies":[{"embeddable":true,"href":"https:\/\/kamp.linux.org.tr\/2024-kis\/wp-json\/wp\/v2\/comments?post=979"}],"version-history":[{"count":5,"href":"https:\/\/kamp.linux.org.tr\/2024-kis\/wp-json\/wp\/v2\/pages\/979\/revisions"}],"predecessor-version":[{"id":1305,"href":"https:\/\/kamp.linux.org.tr\/2024-kis\/wp-json\/wp\/v2\/pages\/979\/revisions\/1305"}],"up":[{"embeddable":true,"href":"https:\/\/kamp.linux.org.tr\/2024-kis\/wp-json\/wp\/v2\/pages\/362"}],"wp:attachment":[{"href":"https:\/\/kamp.linux.org.tr\/2024-kis\/wp-json\/wp\/v2\/media?parent=979"}],"curies":[{"name":"wp","href":"https:\/\/api.w.org\/{rel}","templated":true}]}}