{"id":986,"date":"2024-01-03T00:29:18","date_gmt":"2024-01-02T21:29:18","guid":{"rendered":"https:\/\/kamp.linux.org.tr\/2024-kis\/?page_id=986"},"modified":"2024-01-08T16:11:37","modified_gmt":"2024-01-08T13:11:37","slug":"postgresql-101","status":"publish","type":"page","link":"https:\/\/kamp.linux.org.tr\/2024-kis\/kurslar\/postgresql-101\/","title":{"rendered":"PostgreSQL: Veritaban\u0131 Y\u00f6neticileri \u0130\u00e7in"},"content":{"rendered":"\n<p><strong>E\u011fitmenler: <a href=\"https:\/\/kamp.linux.org.tr\/2024-kis\/egitmenler\/burak-ergen\/\" data-type=\"link\" data-id=\"https:\/\/kamp.linux.org.tr\/2024-kis\/egitmenler\/burak-ergen\/\" target=\"_blank\" rel=\"noreferrer noopener\">Burak Ergen<\/a>, <a href=\"https:\/\/kamp.linux.org.tr\/2024-kis\/egitmenler\/enez-mutluoglu\/\" data-type=\"link\" data-id=\"https:\/\/kamp.linux.org.tr\/2024-kis\/egitmenler\/enez-mutluoglu\/\" target=\"_blank\" rel=\"noreferrer noopener\">Enez Mutluo\u011flu<\/a><\/strong><\/p>\n\n\n\n<p><a class=\"btn btn-lyk\" href=\"https:\/\/kayit.linux.org.tr\/\" target=\"_blank\" rel=\"noreferrer noopener\">Kurslara kay\u0131t olmak i\u00e7in t\u0131klay\u0131n<\/a><\/p>\n\n\n\n<h3 class=\"wp-block-heading\"><strong>Kat\u0131l\u0131mc\u0131lar i\u00e7in \u00f6n \u015fartlar<\/strong>:<\/h3>\n\n\n\n<p>GNU\/Linux Sistem Y\u00f6netimi 1. D\u00fczey konular\u0131na hakim olmas\u0131<\/p>\n\n\n\n<p><\/p>\n\n\n\n<h3 class=\"wp-block-heading\">E\u011fitim i\u00e7eri\u011fi:<\/h3>\n\n\n\n<ul class=\"wp-block-list\">\n<li>Veri taban\u0131 nedir? Neden kullan\u0131l\u0131r? Neden PostgreSQL?<\/li>\n\n\n\n<li>Site tan\u0131t\u0131m\u0131 ve d\u00f6k\u00fcmantasyon<\/li>\n\n\n\n<li>Genel mimari<\/li>\n\n\n\n<li>Kurulum<\/li>\n\n\n\n<li>Kurulum sonrasi genel ayarlar<\/li>\n\n\n\n<li>Kullan\u0131c\u0131 yetki ve eri\u015fim haklar\u0131<\/li>\n\n\n\n<li>psql komutlar\u0131<\/li>\n\n\n\n<li>Temel SQL<\/li>\n\n\n\n<li>Pgadmin4<\/li>\n<\/ul>\n","protected":false},"excerpt":{"rendered":"<p>E\u011fitmenler: Burak Ergen, Enez Mutluo\u011flu Kurslara kay\u0131t olmak i\u00e7in t\u0131klay\u0131n Kat\u0131l\u0131mc\u0131lar i\u00e7in \u00f6n \u015fartlar: GNU\/Linux Sistem Y\u00f6netimi 1. D\u00fczey konular\u0131na hakim olmas\u0131 E\u011fitim i\u00e7eri\u011fi:<\/p>\n","protected":false},"author":3,"featured_media":0,"parent":362,"menu_order":0,"comment_status":"closed","ping_status":"closed","template":"","meta":{"footnotes":""},"class_list":["post-986","page","type-page","status-publish","hentry"],"jetpack_sharing_enabled":true,"_links":{"self":[{"href":"https:\/\/kamp.linux.org.tr\/2024-kis\/wp-json\/wp\/v2\/pages\/986","targetHints":{"allow":["GET"]}}],"collection":[{"href":"https:\/\/kamp.linux.org.tr\/2024-kis\/wp-json\/wp\/v2\/pages"}],"about":[{"href":"https:\/\/kamp.linux.org.tr\/2024-kis\/wp-json\/wp\/v2\/types\/page"}],"author":[{"embeddable":true,"href":"https:\/\/kamp.linux.org.tr\/2024-kis\/wp-json\/wp\/v2\/users\/3"}],"replies":[{"embeddable":true,"href":"https:\/\/kamp.linux.org.tr\/2024-kis\/wp-json\/wp\/v2\/comments?post=986"}],"version-history":[{"count":7,"href":"https:\/\/kamp.linux.org.tr\/2024-kis\/wp-json\/wp\/v2\/pages\/986\/revisions"}],"predecessor-version":[{"id":1210,"href":"https:\/\/kamp.linux.org.tr\/2024-kis\/wp-json\/wp\/v2\/pages\/986\/revisions\/1210"}],"up":[{"embeddable":true,"href":"https:\/\/kamp.linux.org.tr\/2024-kis\/wp-json\/wp\/v2\/pages\/362"}],"wp:attachment":[{"href":"https:\/\/kamp.linux.org.tr\/2024-kis\/wp-json\/wp\/v2\/media?parent=986"}],"curies":[{"name":"wp","href":"https:\/\/api.w.org\/{rel}","templated":true}]}}