{"id":997,"date":"2024-01-03T00:37:31","date_gmt":"2024-01-02T21:37:31","guid":{"rendered":"https:\/\/kamp.linux.org.tr\/2024-kis\/?page_id=997"},"modified":"2024-01-07T15:42:20","modified_gmt":"2024-01-07T12:42:20","slug":"python-101","status":"publish","type":"page","link":"https:\/\/kamp.linux.org.tr\/2024-kis\/kurslar\/python-101\/","title":{"rendered":"Python 101"},"content":{"rendered":"\n<p><strong>E\u011fitmenler: Mahmut K\u0131l\u0131\u00e7<\/strong><\/p>\n\n\n\n<p><a class=\"btn btn-lyk\" href=\"https:\/\/kayit.linux.org.tr\/\" target=\"_blank\" rel=\"noreferrer noopener\">Kurslara kay\u0131t olmak i\u00e7in t\u0131klay\u0131n<\/a><\/p>\n\n\n\n<p><strong>Kat\u0131l\u0131mc\u0131lar i\u00e7in \u00f6n \u015farlar:<\/strong><\/p>\n\n\n\n<p><\/p>\n\n\n\n<ul class=\"wp-block-list\">\n<li>Python 101<\/li>\n\n\n\n<li>A\u011fa\u00e7 Yap\u0131s\u0131<br>E\u011fitimin ba\u015f\u0131nda;<\/li>\n\n\n\n<li>E\u011fitim ilerleyi\u015fi: 4 g\u00fcnl\u00fck program ve var\u0131lmak istenen hedefler.<\/li>\n\n\n\n<li>Ortam\u0131n y\u00fcklenmesi<\/li>\n\n\n\n<li>PATH&#8217;lerin ayarlanmas\u0131<\/li>\n\n\n\n<li>E\u011fitim de ilerleyi\u015f<\/li>\n\n\n\n<li>Sorun arat\u0131rma ve \u00e7\u00f6z\u00fcm bulmada Ara\u015ft\u0131rma Metodlar\u0131<\/li>\n<\/ul>\n\n\n\n<p>Python Nedir?;<\/p>\n\n\n\n<ul class=\"wp-block-list\">\n<li>Kullan\u0131m\u0131nda \u00f6rnekler ve CNCF i\u00e7erisindeki projelerde \u00f6rnekler ile kullan\u0131m\u0131n\u0131 g\u00f6stermek (Merak uyand\u0131rmak)<\/li>\n\n\n\n<li>Programlama i\u00e7in temeller, de\u011fi\u015fkenler kondi\u015f\u0131nlar, d\u00f6ng\u00fcler fonksiyonlar<\/li>\n\n\n\n<li>Python&#8217;a giri\u015f<\/li>\n\n\n\n<li>P8 hakk\u0131nda bilgi uygulamaya ba\u015fland\u0131ktan sonra ve 4 prati\u011fin uygulamas\u0131<\/li>\n<\/ul>\n\n\n\n<p>Uygulamalar:<br>Uygulama 1:<\/p>\n\n\n\n<ul class=\"wp-block-list\">\n<li>http k\u00fct\u00fcphanesi ile bir uygulama<\/li>\n\n\n\n<li>Flask ile basit web uygulamas\u0131<\/li>\n<\/ul>\n\n\n\n<p>Uygulama 2:<\/p>\n\n\n\n<ul class=\"wp-block-list\">\n<li>os, open ve ve xml dosyas\u0131 ile bir xml verisinin ay\u0131klanmas\u0131 i\u00e7in \u00e7al\u0131\u015fma<\/li>\n<\/ul>\n\n\n\n<p>Uygulama 3:<br>Uygulama bir ve ikinin birle\u015ftirilmesi ile bir web sitesinde xml dosyalar\u0131n\u0131n okunmas\u0131<\/p>\n\n\n\n<p>Uygulama 4:<br>Tkinter ile bir gui application&#8217;\u0131 yap\u0131lmas\u0131<\/p>\n\n\n\n<p>Uygulama 5:<br>Linux ubuntu i\u015fletim sisteminde \u00e7al\u0131\u015facak \u015fekilde bir shell \u00e7al\u0131\u015ft\u0131ran program.<\/p>\n","protected":false},"excerpt":{"rendered":"<p>E\u011fitmenler: Mahmut K\u0131l\u0131\u00e7 Kurslara kay\u0131t olmak i\u00e7in t\u0131klay\u0131n Kat\u0131l\u0131mc\u0131lar i\u00e7in \u00f6n \u015farlar: Python Nedir?; Uygulamalar:Uygulama 1: Uygulama 2: Uygulama 3:Uygulama bir ve ikinin birle\u015ftirilmesi ile bir web sitesinde xml dosyalar\u0131n\u0131n okunmas\u0131 Uygulama 4:Tkinter ile bir gui application&#8217;\u0131 yap\u0131lmas\u0131 Uygulama 5:Linux ubuntu i\u015fletim sisteminde \u00e7al\u0131\u015facak \u015fekilde bir shell \u00e7al\u0131\u015ft\u0131ran program.<\/p>\n","protected":false},"author":3,"featured_media":0,"parent":362,"menu_order":0,"comment_status":"closed","ping_status":"closed","template":"","meta":{"footnotes":""},"class_list":["post-997","page","type-page","status-publish","hentry"],"jetpack_sharing_enabled":true,"_links":{"self":[{"href":"https:\/\/kamp.linux.org.tr\/2024-kis\/wp-json\/wp\/v2\/pages\/997","targetHints":{"allow":["GET"]}}],"collection":[{"href":"https:\/\/kamp.linux.org.tr\/2024-kis\/wp-json\/wp\/v2\/pages"}],"about":[{"href":"https:\/\/kamp.linux.org.tr\/2024-kis\/wp-json\/wp\/v2\/types\/page"}],"author":[{"embeddable":true,"href":"https:\/\/kamp.linux.org.tr\/2024-kis\/wp-json\/wp\/v2\/users\/3"}],"replies":[{"embeddable":true,"href":"https:\/\/kamp.linux.org.tr\/2024-kis\/wp-json\/wp\/v2\/comments?post=997"}],"version-history":[{"count":3,"href":"https:\/\/kamp.linux.org.tr\/2024-kis\/wp-json\/wp\/v2\/pages\/997\/revisions"}],"predecessor-version":[{"id":1200,"href":"https:\/\/kamp.linux.org.tr\/2024-kis\/wp-json\/wp\/v2\/pages\/997\/revisions\/1200"}],"up":[{"embeddable":true,"href":"https:\/\/kamp.linux.org.tr\/2024-kis\/wp-json\/wp\/v2\/pages\/362"}],"wp:attachment":[{"href":"https:\/\/kamp.linux.org.tr\/2024-kis\/wp-json\/wp\/v2\/media?parent=997"}],"curies":[{"name":"wp","href":"https:\/\/api.w.org\/{rel}","templated":true}]}}