{"id":1086,"date":"2024-08-12T21:39:25","date_gmt":"2024-08-12T18:39:25","guid":{"rendered":"https:\/\/kamp.linux.org.tr\/2024-yaz\/?page_id=1086"},"modified":"2024-08-12T21:40:42","modified_gmt":"2024-08-12T18:40:42","slug":"doga-kihtiri","status":"publish","type":"page","link":"https:\/\/kamp.linux.org.tr\/2024-yaz\/egitmenler\/doga-kihtiri\/","title":{"rendered":"Do\u011fa Kihtiri"},"content":{"rendered":"\n<p>Verdi\u011fi E\u011fitim : <a href=\"https:\/\/kamp.linux.org.tr\/2024-yaz\/kurslar\/sayisal-kriptografi-ve-terskod-muhendisligine-giris\/\">Say\u0131sal Kriptografi ve TersKod M\u00fchendisli\u011fine Giri\u015f<\/a><\/p>\n\n\n\n<p><\/p>\n","protected":false},"excerpt":{"rendered":"<p>Verdi\u011fi E\u011fitim : Say\u0131sal Kriptografi ve TersKod M\u00fchendisli\u011fine Giri\u015f<\/p>\n","protected":false},"author":1,"featured_media":0,"parent":12,"menu_order":0,"comment_status":"closed","ping_status":"closed","template":"","meta":{"footnotes":""},"class_list":["post-1086","page","type-page","status-publish","hentry"],"jetpack_sharing_enabled":true,"_links":{"self":[{"href":"https:\/\/kamp.linux.org.tr\/2024-yaz\/wp-json\/wp\/v2\/pages\/1086","targetHints":{"allow":["GET"]}}],"collection":[{"href":"https:\/\/kamp.linux.org.tr\/2024-yaz\/wp-json\/wp\/v2\/pages"}],"about":[{"href":"https:\/\/kamp.linux.org.tr\/2024-yaz\/wp-json\/wp\/v2\/types\/page"}],"author":[{"embeddable":true,"href":"https:\/\/kamp.linux.org.tr\/2024-yaz\/wp-json\/wp\/v2\/users\/1"}],"replies":[{"embeddable":true,"href":"https:\/\/kamp.linux.org.tr\/2024-yaz\/wp-json\/wp\/v2\/comments?post=1086"}],"version-history":[{"count":2,"href":"https:\/\/kamp.linux.org.tr\/2024-yaz\/wp-json\/wp\/v2\/pages\/1086\/revisions"}],"predecessor-version":[{"id":1089,"href":"https:\/\/kamp.linux.org.tr\/2024-yaz\/wp-json\/wp\/v2\/pages\/1086\/revisions\/1089"}],"up":[{"embeddable":true,"href":"https:\/\/kamp.linux.org.tr\/2024-yaz\/wp-json\/wp\/v2\/pages\/12"}],"wp:attachment":[{"href":"https:\/\/kamp.linux.org.tr\/2024-yaz\/wp-json\/wp\/v2\/media?parent=1086"}],"curies":[{"name":"wp","href":"https:\/\/api.w.org\/{rel}","templated":true}]}}