{"id":1098,"date":"2024-08-19T19:51:51","date_gmt":"2024-08-19T16:51:51","guid":{"rendered":"https:\/\/kamp.linux.org.tr\/2024-yaz\/?page_id=1098"},"modified":"2024-08-19T19:52:53","modified_gmt":"2024-08-19T16:52:53","slug":"furkan-kerim-cabas","status":"publish","type":"page","link":"https:\/\/kamp.linux.org.tr\/2024-yaz\/egitmenler\/furkan-kerim-cabas\/","title":{"rendered":"Furkan Kerim \u00c7aba\u015f"},"content":{"rendered":"\n<p>Verdi\u011fi E\u011fitim : <a href=\"https:\/\/kamp.linux.org.tr\/2024-yaz\/kurslar\/sayisal-kriptografi-ve-terskod-muhendisligine-giris\/\">Say\u0131sal Kriptografi ve TersKod M\u00fchendisli\u011fine Giri\u015f<\/a><\/p>\n\n\n\n<p><\/p>\n","protected":false},"excerpt":{"rendered":"<p>Verdi\u011fi E\u011fitim : Say\u0131sal Kriptografi ve TersKod M\u00fchendisli\u011fine Giri\u015f<\/p>\n","protected":false},"author":1,"featured_media":0,"parent":12,"menu_order":0,"comment_status":"closed","ping_status":"closed","template":"","meta":{"footnotes":""},"class_list":["post-1098","page","type-page","status-publish","hentry"],"jetpack_sharing_enabled":true,"_links":{"self":[{"href":"https:\/\/kamp.linux.org.tr\/2024-yaz\/wp-json\/wp\/v2\/pages\/1098","targetHints":{"allow":["GET"]}}],"collection":[{"href":"https:\/\/kamp.linux.org.tr\/2024-yaz\/wp-json\/wp\/v2\/pages"}],"about":[{"href":"https:\/\/kamp.linux.org.tr\/2024-yaz\/wp-json\/wp\/v2\/types\/page"}],"author":[{"embeddable":true,"href":"https:\/\/kamp.linux.org.tr\/2024-yaz\/wp-json\/wp\/v2\/users\/1"}],"replies":[{"embeddable":true,"href":"https:\/\/kamp.linux.org.tr\/2024-yaz\/wp-json\/wp\/v2\/comments?post=1098"}],"version-history":[{"count":2,"href":"https:\/\/kamp.linux.org.tr\/2024-yaz\/wp-json\/wp\/v2\/pages\/1098\/revisions"}],"predecessor-version":[{"id":1101,"href":"https:\/\/kamp.linux.org.tr\/2024-yaz\/wp-json\/wp\/v2\/pages\/1098\/revisions\/1101"}],"up":[{"embeddable":true,"href":"https:\/\/kamp.linux.org.tr\/2024-yaz\/wp-json\/wp\/v2\/pages\/12"}],"wp:attachment":[{"href":"https:\/\/kamp.linux.org.tr\/2024-yaz\/wp-json\/wp\/v2\/media?parent=1098"}],"curies":[{"name":"wp","href":"https:\/\/api.w.org\/{rel}","templated":true}]}}