{"id":12,"date":"2022-07-06T12:57:32","date_gmt":"2022-07-06T12:57:32","guid":{"rendered":"https:\/\/kamp.linux.org.tr\/2022\/?page_id=12"},"modified":"2024-08-19T19:52:02","modified_gmt":"2024-08-19T16:52:02","slug":"egitmenler","status":"publish","type":"page","link":"https:\/\/kamp.linux.org.tr\/2024-yaz\/egitmenler\/","title":{"rendered":"E\u011fitmenler"},"content":{"rendered":"\n<div class=\"wp-block-group\"><div class=\"wp-block-group__inner-container is-layout-constrained wp-block-group-is-layout-constrained\">\n<div class=\"wp-block-group\"><div class=\"wp-block-group__inner-container is-layout-constrained wp-block-group-is-layout-constrained\">\n<div class=\"wp-block-group\"><div class=\"wp-block-group__inner-container is-layout-constrained wp-block-group-is-layout-constrained\">\n<div class=\"wp-block-group\"><div class=\"wp-block-group__inner-container is-layout-constrained wp-block-group-is-layout-constrained\">\n<div class=\"wp-block-group\"><div class=\"wp-block-group__inner-container is-layout-constrained wp-block-group-is-layout-constrained\">\n<div class=\"wp-block-group\"><div class=\"wp-block-group__inner-container is-layout-constrained wp-block-group-is-layout-constrained\">\n<p>(E\u011fitmen listesi alfabetik olarak s\u0131ralanm\u0131\u015ft\u0131r.)<\/p>\n<\/div><\/div>\n<\/div><\/div>\n<\/div><\/div>\n<\/div><\/div>\n<\/div><\/div>\n<\/div><\/div>\n\n\n\n<ul class=\"wp-block-list\">\n<li><a href=\"https:\/\/kamp.linux.org.tr\/2024-yaz\/egitmenler\/aykut-demirci\/\">Aykut Demirci<\/a><\/li>\n\n\n\n<li><a href=\"https:\/\/kamp.linux.org.tr\/2024-yaz\/egitmenler\/bahadir-bakkaloglu\/\">Bahad\u0131r Bakkalo\u011flu<\/a><\/li>\n\n\n\n<li><a href=\"https:\/\/kamp.linux.org.tr\/2024-yaz\/egitmenler\/berkay-guclu\/\">Berkay G\u00fc\u00e7l\u00fc<\/a><\/li>\n\n\n\n<li><a href=\"https:\/\/kamp.linux.org.tr\/2024-yaz\/egitmenler\/burak-ergen\/\">Burak Ergen<\/a><\/li>\n\n\n\n<li><a href=\"https:\/\/kamp.linux.org.tr\/2024-yaz\/egitmenler\/doga-kihtiri\/\" data-type=\"page\" data-id=\"1086\">Do\u011fa Kihtiri<\/a><\/li>\n\n\n\n<li><a href=\"https:\/\/kamp.linux.org.tr\/2024-yaz\/egitmenler\/doruk-fisek\/\">Doruk Fi\u015fek<\/a><\/li>\n\n\n\n<li><a href=\"https:\/\/kamp.linux.org.tr\/2024-yaz\/egitmenler\/enez-mutluoglu\/\">Enez Mutluo\u011flu<\/a><\/li>\n\n\n\n<li><a href=\"https:\/\/kamp.linux.org.tr\/2024-yaz\/egitmenler\/ercan-ulusoy\/\">Ercan Ulusoy<\/a><\/li>\n\n\n\n<li><a href=\"https:\/\/kamp.linux.org.tr\/2024-yaz\/egitmenler\/furkan-sonkaya\/\">Furkan Sonkaya<\/a><\/li>\n\n\n\n<li><a href=\"https:\/\/kamp.linux.org.tr\/2024-yaz\/egitmenler\/furkan-kerim-cabas\/\" data-type=\"page\" data-id=\"1098\">Furkan Kerim \u00c7aba\u015f<\/a><\/li>\n\n\n\n<li><a href=\"https:\/\/kamp.linux.org.tr\/2024-yaz\/egitmenler\/m-evrim-ulu\/\">M. Evrim Ulu<\/a><\/li>\n\n\n\n<li><a href=\"https:\/\/kamp.linux.org.tr\/2024-yaz\/egitmenler\/mertcan-kose\/\">Mertcan K\u00f6se<\/a><\/li>\n\n\n\n<li><a href=\"https:\/\/kamp.linux.org.tr\/2024-yaz\/egitmenler\/metin-ozyildirim\/\">Metin \u00d6zy\u0131ld\u0131r\u0131m<\/a><\/li>\n\n\n\n<li><a href=\"https:\/\/kamp.linux.org.tr\/2024-yaz\/egitmenler\/murathan-bostanci\/\">Murathan Bostanc\u0131<\/a><\/li>\n\n\n\n<li><a href=\"https:\/\/kamp.linux.org.tr\/2024-yaz\/egitmenler\/murtaza-sarialtun\/\">Murtaza Sar\u0131altun<\/a><\/li>\n\n\n\n<li><a href=\"https:\/\/kamp.linux.org.tr\/2024-yaz\/egitmenler\/numan-ozdemir\/\">Numan \u00d6zdemir<\/a><\/li>\n\n\n\n<li><a href=\"https:\/\/kamp.linux.org.tr\/2024-yaz\/egitmenler\/osman-unalan\/\">Osman \u00dcnalan<\/a><\/li>\n\n\n\n<li><a href=\"https:\/\/kamp.linux.org.tr\/2024-yaz\/egitmenler\/r-engur-pisirici\/\">R. Eng\u00fcr Pi\u015firici<\/a><\/li>\n\n\n\n<li><a href=\"https:\/\/kamp.linux.org.tr\/2024-yaz\/egitmenler\/senol-aldibas\/\">\u015eenol Ald\u0131ba\u015f<\/a><\/li>\n\n\n\n<li><a href=\"https:\/\/kamp.linux.org.tr\/2024-yaz\/egitmenler\/yusuf-duzgun\/\">Yusuf D\u00fczg\u00fcn<\/a><\/li>\n<\/ul>\n\n\n\n<p><\/p>\n","protected":false},"excerpt":{"rendered":"<p>(E\u011fitmen listesi alfabetik olarak s\u0131ralanm\u0131\u015ft\u0131r.)<\/p>\n","protected":false},"author":2,"featured_media":0,"parent":0,"menu_order":0,"comment_status":"closed","ping_status":"closed","template":"","meta":{"footnotes":""},"class_list":["post-12","page","type-page","status-publish","hentry"],"jetpack_sharing_enabled":true,"_links":{"self":[{"href":"https:\/\/kamp.linux.org.tr\/2024-yaz\/wp-json\/wp\/v2\/pages\/12","targetHints":{"allow":["GET"]}}],"collection":[{"href":"https:\/\/kamp.linux.org.tr\/2024-yaz\/wp-json\/wp\/v2\/pages"}],"about":[{"href":"https:\/\/kamp.linux.org.tr\/2024-yaz\/wp-json\/wp\/v2\/types\/page"}],"author":[{"embeddable":true,"href":"https:\/\/kamp.linux.org.tr\/2024-yaz\/wp-json\/wp\/v2\/users\/2"}],"replies":[{"embeddable":true,"href":"https:\/\/kamp.linux.org.tr\/2024-yaz\/wp-json\/wp\/v2\/comments?post=12"}],"version-history":[{"count":29,"href":"https:\/\/kamp.linux.org.tr\/2024-yaz\/wp-json\/wp\/v2\/pages\/12\/revisions"}],"predecessor-version":[{"id":1100,"href":"https:\/\/kamp.linux.org.tr\/2024-yaz\/wp-json\/wp\/v2\/pages\/12\/revisions\/1100"}],"wp:attachment":[{"href":"https:\/\/kamp.linux.org.tr\/2024-yaz\/wp-json\/wp\/v2\/media?parent=12"}],"curies":[{"name":"wp","href":"https:\/\/api.w.org\/{rel}","templated":true}]}}