{"id":16,"date":"2022-07-06T12:58:28","date_gmt":"2022-07-06T12:58:28","guid":{"rendered":"https:\/\/kamp.linux.org.tr\/2022\/?page_id=16"},"modified":"2024-08-19T19:50:40","modified_gmt":"2024-08-19T16:50:40","slug":"destekleyen-kurumlar","status":"publish","type":"page","link":"https:\/\/kamp.linux.org.tr\/2024-yaz\/destekleyen-kurumlar\/","title":{"rendered":"Destekleyen Kurumlar"},"content":{"rendered":"\n<p><a class=\"gutentor-block-button\" href=\"https:\/\/kamp.linux.org.tr\/2024-yaz\/wp-content\/uploads\/sites\/6\/2024\/06\/OYK_2024_Yaz_Sponsorluk_Dosyasi_Compressed.pdf\" target=\"_blank\" rel=\"noreferrer noopener\">Sponsor olmak istiyorsan\u0131z sponsorluk dosyam\u0131z\u0131 inceleyebilirsiniz.<\/a><\/p>\n\n\n\n<p> <a class=\"gutentor-block-button \" href=\"https:\/\/kamp.linux.org.tr\/2024-yaz\/wp-content\/uploads\/sites\/6\/2024\/06\/OYK_2024_Summer_Sponsorship_Document_Compressed.pdf\" target=\"_blank\" rel=\"noreferrer noopener\">If you want to become a sponsor, you can review our sponsorship file.<\/a><\/p>\n\n\n\n<style>\n@media only screen and (min-width: 992px) {\n  .gutentor-block-button {\n    padding: 20px 40px 20px 40px;\n    font-size: 16px;\n  }\n}\n@media only screen and (min-width: 768px) {\n  .gutentor-block-button {\n    padding: 20px 40px 20px 40px;\n    font-size: 16px;\n  }\n}\n.gutentor-block-button {\n  color: #275cf6;\n  padding: 20px 40px 20px 40px;\n  border-style: solid;\n  border-width: 2px 2px 2px 2px;\n  border-color: [object Object];\n  border-top-left-radius: 3px;\n  border-top-right-radius: 3px;\n  border-bottom-right-radius: 3px;\n  border-bottom-left-radius: 3px;\n  font-size: 16px;\n  text-transform: normal;\n\ndisplay: inline-block;\n  width: 100%;\ntext-align: center;\n}\n\n<\/style>\n<br><br>\n\n\n\n<p class=\"has-text-align-center has-large-font-size\"><strong>Organizasyon<\/strong><\/p>\n\n\n\n<br><br>\n\n\n\n<div class=\"wp-block-columns is-layout-flex wp-container-core-columns-is-layout-9d6595d7 wp-block-columns-is-layout-flex\">\n<div class=\"wp-block-column is-layout-flow wp-block-column-is-layout-flow\"><div class=\"wp-block-image\">\n<figure class=\"alignright size-full\"><img loading=\"lazy\" decoding=\"async\" width=\"300\" height=\"300\" src=\"https:\/\/kamp.linux.org.tr\/2024-yaz\/wp-content\/uploads\/sites\/6\/2023\/06\/tlkd.png\" alt=\"\" class=\"wp-image-335\" srcset=\"https:\/\/kamp.linux.org.tr\/2024-yaz\/wp-content\/uploads\/sites\/6\/2023\/06\/tlkd.png 300w, https:\/\/kamp.linux.org.tr\/2024-yaz\/wp-content\/uploads\/sites\/6\/2023\/06\/tlkd-150x150.png 150w\" sizes=\"auto, (max-width: 300px) 100vw, 300px\" \/><\/figure>\n<\/div><\/div>\n\n\n\n<div class=\"wp-block-column is-vertically-aligned-center is-layout-flow wp-block-column-is-layout-flow\"><div class=\"wp-block-image\">\n<figure class=\"alignleft size-full\"><img loading=\"lazy\" decoding=\"async\" width=\"300\" height=\"300\" src=\"https:\/\/kamp.linux.org.tr\/2024-yaz\/wp-content\/uploads\/sites\/6\/2023\/06\/aibu.png\" alt=\"\" class=\"wp-image-336\" srcset=\"https:\/\/kamp.linux.org.tr\/2024-yaz\/wp-content\/uploads\/sites\/6\/2023\/06\/aibu.png 300w, https:\/\/kamp.linux.org.tr\/2024-yaz\/wp-content\/uploads\/sites\/6\/2023\/06\/aibu-150x150.png 150w\" sizes=\"auto, (max-width: 300px) 100vw, 300px\" \/><\/figure>\n<\/div><\/div>\n<\/div>\n\n\n\n<br><br>\n\n\n\n<h2 class=\"wp-block-heading has-text-align-center\">Destekleyen Kurumlar<\/h2>\n\n\n\n<div class=\"wp-block-columns is-layout-flex wp-container-core-columns-is-layout-9d6595d7 wp-block-columns-is-layout-flex\">\n<div class=\"wp-block-column is-vertically-aligned-center is-layout-flow wp-block-column-is-layout-flow\">\n<figure class=\"wp-block-image size-full is-resized\"><a class=\"text-decoration-none border-bottom-none\" href=\"https:\/\/www.bmo.org.tr\/\" target=\"_blank\" rel=\"noreferrer noopener\"><img loading=\"lazy\" decoding=\"async\" width=\"679\" height=\"692\" src=\"https:\/\/kamp.linux.org.tr\/2024-yaz\/wp-content\/uploads\/sites\/6\/2024\/07\/bmo-logo-1-rgb-transparent.png\" alt=\"\" class=\"wp-image-1014\" style=\"width:250px\" srcset=\"https:\/\/kamp.linux.org.tr\/2024-yaz\/wp-content\/uploads\/sites\/6\/2024\/07\/bmo-logo-1-rgb-transparent.png 679w, https:\/\/kamp.linux.org.tr\/2024-yaz\/wp-content\/uploads\/sites\/6\/2024\/07\/bmo-logo-1-rgb-transparent-294x300.png 294w\" sizes=\"auto, (max-width: 679px) 100vw, 679px\" \/><\/a><\/figure>\n<\/div>\n\n\n\n<div class=\"wp-block-column is-vertically-aligned-center is-layout-flow wp-block-column-is-layout-flow\">\n<figure class=\"wp-block-image size-full is-resized\"><a class=\"text-decoration-none border-bottom-none\" href=\"https:\/\/www.bolu.bel.tr\" target=\"_blank\" rel=\"noreferrer noopener\"><img data-dominant-color=\"bacaad\" data-has-transparency=\"true\" loading=\"lazy\" decoding=\"async\" width=\"700\" height=\"696\" src=\"https:\/\/kamp.linux.org.tr\/2024-yaz\/wp-content\/uploads\/sites\/6\/2024\/08\/bolu_belediyesi.png\" alt=\"\" class=\"wp-image-1092 has-transparency\" style=\"--dominant-color: #bacaad; width:250px\" srcset=\"https:\/\/kamp.linux.org.tr\/2024-yaz\/wp-content\/uploads\/sites\/6\/2024\/08\/bolu_belediyesi.png 700w, https:\/\/kamp.linux.org.tr\/2024-yaz\/wp-content\/uploads\/sites\/6\/2024\/08\/bolu_belediyesi-300x298.png 300w, https:\/\/kamp.linux.org.tr\/2024-yaz\/wp-content\/uploads\/sites\/6\/2024\/08\/bolu_belediyesi-150x150.png 150w\" sizes=\"auto, (max-width: 700px) 100vw, 700px\" \/><\/a><\/figure>\n<\/div>\n<\/div>\n\n\n\n<div class=\"wp-block-columns is-layout-flex wp-container-core-columns-is-layout-9d6595d7 wp-block-columns-is-layout-flex\">\n<div class=\"wp-block-column is-layout-flow wp-block-column-is-layout-flow\">\n<br \/><br \/>\n<\/div>\n<\/div>\n\n\n\n<p class=\"has-text-align-center has-large-font-size\"><strong>G\u00fcm\u00fc\u015f Sponsor<\/strong><\/p>\n\n\n\n<br><br>\n\n\n\n<section id=\"gm9ca66f6\" class=\"wp-block-gutentor-m2 section-gm9ca66f6 gutentor-module gutentor-dynamic-columns sponsor2\"><div class=\"grid-container\"><div class=\"grid-row\">\n<div id=\"col-gmb2ec58\" class=\"wp-block-gutentor-m2-col col-gmb2ec58 gutentor-module gutentor-dynamic-single-column grid-lg-6 grid-md-4 grid-12\"><div id=\"section-gmb2ec58\" class=\"section-gmb2ec58 gutentor-single-col\">\n<figure class=\"wp-block-image size-full is-resized\"><img loading=\"lazy\" decoding=\"async\" width=\"224\" height=\"150\" src=\"https:\/\/kamp.linux.org.tr\/2024-yaz\/wp-content\/uploads\/sites\/6\/2024\/06\/ozgur_yazilim_as.png\" alt=\"\" class=\"wp-image-850\" style=\"width:300px\" \/><\/figure>\n<\/div><\/div>\n\n\n\n<div id=\"col-gm8b73c5\" class=\"wp-block-gutentor-m2-col col-gm8b73c5 gutentor-module gutentor-dynamic-single-column grid-lg-6 grid-md-4 grid-12\"><div id=\"section-gm8b73c5\" class=\"section-gm8b73c5 gutentor-single-col\"><\/div><\/div>\n<\/div><\/div><\/section>\n\n\n\n<br><br>\n\n\n\n<p class=\"has-text-align-center has-large-font-size\"><strong>Yaka Kart\u0131 Sponsorlar\u0131<\/strong><\/p>\n\n\n\n<br><br>\n\n\n\n<section id=\"gm97dfcea\" class=\"wp-block-gutentor-m2 section-gm97dfcea gutentor-module gutentor-dynamic-columns gutentor-equal-column-height sponsor2\"><div class=\"grid-container\"><div class=\"grid-row\">\n<div id=\"col-gm02a9ab\" class=\"wp-block-gutentor-m2-col col-gm02a9ab gutentor-module gutentor-dynamic-single-column grid-lg-6 grid-md-4 grid-12\"><div id=\"section-gm02a9ab\" class=\"section-gm02a9ab gutentor-single-col\">\n<figure class=\"wp-block-image size-large\"><img loading=\"lazy\" decoding=\"async\" width=\"1024\" height=\"203\" src=\"https:\/\/kamp.linux.org.tr\/2024-yaz\/wp-content\/uploads\/sites\/6\/2023\/08\/MonoLogo-1024x203.png\" alt=\"\" class=\"wp-image-671\" srcset=\"https:\/\/kamp.linux.org.tr\/2024-yaz\/wp-content\/uploads\/sites\/6\/2023\/08\/MonoLogo-1024x203.png 1024w, https:\/\/kamp.linux.org.tr\/2024-yaz\/wp-content\/uploads\/sites\/6\/2023\/08\/MonoLogo-300x59.png 300w, https:\/\/kamp.linux.org.tr\/2024-yaz\/wp-content\/uploads\/sites\/6\/2023\/08\/MonoLogo-768x152.png 768w, https:\/\/kamp.linux.org.tr\/2024-yaz\/wp-content\/uploads\/sites\/6\/2023\/08\/MonoLogo-1536x304.png 1536w, https:\/\/kamp.linux.org.tr\/2024-yaz\/wp-content\/uploads\/sites\/6\/2023\/08\/MonoLogo-2048x406.png 2048w\" sizes=\"auto, (max-width: 1024px) 100vw, 1024px\" \/><\/figure>\n<\/div><\/div>\n\n\n\n<div id=\"col-gm03798c\" class=\"wp-block-gutentor-m2-col col-gm03798c gutentor-module gutentor-dynamic-single-column grid-lg-6 grid-md-4 grid-12\"><div id=\"section-gm03798c\" class=\"section-gm03798c gutentor-single-col\">\n<figure class=\"wp-block-image size-full\"><img loading=\"lazy\" decoding=\"async\" width=\"794\" height=\"160\" src=\"https:\/\/kamp.linux.org.tr\/2024-yaz\/wp-content\/uploads\/sites\/6\/2023\/08\/sambabox.png\" alt=\"\" class=\"wp-image-675\" srcset=\"https:\/\/kamp.linux.org.tr\/2024-yaz\/wp-content\/uploads\/sites\/6\/2023\/08\/sambabox.png 794w, https:\/\/kamp.linux.org.tr\/2024-yaz\/wp-content\/uploads\/sites\/6\/2023\/08\/sambabox-300x60.png 300w, https:\/\/kamp.linux.org.tr\/2024-yaz\/wp-content\/uploads\/sites\/6\/2023\/08\/sambabox-768x155.png 768w\" sizes=\"auto, (max-width: 794px) 100vw, 794px\" \/><\/figure>\n<\/div><\/div>\n\n\n\n<div id=\"col-gm66c1da\" class=\"wp-block-gutentor-m2-col col-gm66c1da gutentor-module gutentor-dynamic-single-column grid-lg-6 grid-md-4 grid-12\"><div id=\"section-gm66c1da\" class=\"section-gm66c1da gutentor-single-col\">\n<figure class=\"wp-block-image size-full\"><img loading=\"lazy\" decoding=\"async\" width=\"597\" height=\"116\" src=\"https:\/\/kamp.linux.org.tr\/2024-yaz\/wp-content\/uploads\/sites\/6\/2024\/07\/Profelis.png\" alt=\"\" class=\"wp-image-858\" srcset=\"https:\/\/kamp.linux.org.tr\/2024-yaz\/wp-content\/uploads\/sites\/6\/2024\/07\/Profelis.png 597w, https:\/\/kamp.linux.org.tr\/2024-yaz\/wp-content\/uploads\/sites\/6\/2024\/07\/Profelis-300x58.png 300w\" sizes=\"auto, (max-width: 597px) 100vw, 597px\" \/><\/figure>\n<\/div><\/div>\n\n\n\n<div id=\"col-gmecec79\" class=\"wp-block-gutentor-m2-col col-gmecec79 gutentor-module gutentor-dynamic-single-column grid-lg-6 grid-md-4 grid-12\"><div id=\"section-gmecec79\" class=\"section-gmecec79 gutentor-single-col\">\n<figure class=\"wp-block-image size-full\"><img loading=\"lazy\" decoding=\"async\" width=\"2809\" height=\"801\" src=\"https:\/\/kamp.linux.org.tr\/2024-yaz\/wp-content\/uploads\/sites\/6\/2024\/07\/Payten_logo.png\" alt=\"\" class=\"wp-image-862\" style=\"object-fit:cover\" srcset=\"https:\/\/kamp.linux.org.tr\/2024-yaz\/wp-content\/uploads\/sites\/6\/2024\/07\/Payten_logo.png 2809w, https:\/\/kamp.linux.org.tr\/2024-yaz\/wp-content\/uploads\/sites\/6\/2024\/07\/Payten_logo-300x86.png 300w, https:\/\/kamp.linux.org.tr\/2024-yaz\/wp-content\/uploads\/sites\/6\/2024\/07\/Payten_logo-1024x292.png 1024w, https:\/\/kamp.linux.org.tr\/2024-yaz\/wp-content\/uploads\/sites\/6\/2024\/07\/Payten_logo-768x219.png 768w, https:\/\/kamp.linux.org.tr\/2024-yaz\/wp-content\/uploads\/sites\/6\/2024\/07\/Payten_logo-1536x438.png 1536w, https:\/\/kamp.linux.org.tr\/2024-yaz\/wp-content\/uploads\/sites\/6\/2024\/07\/Payten_logo-2048x584.png 2048w\" sizes=\"auto, (max-width: 2809px) 100vw, 2809px\" \/><\/figure>\n<\/div><\/div>\n<\/div><\/div><\/section>\n\n\n\n<br><br>\n\n\n\n<p class=\"has-text-align-center has-large-font-size\"><strong>Foto\u011fraf Alan\u0131 Sponsoru<\/strong><\/p>\n\n\n\n<br><br>\n\n\n\n<section id=\"gmbc71d87\" class=\"wp-block-gutentor-m2 section-gmbc71d87 gutentor-module gutentor-dynamic-columns sponsor2\"><div class=\"grid-container\"><div class=\"grid-row\">\n<div id=\"col-gm7e5845\" class=\"wp-block-gutentor-m2-col col-gm7e5845 gutentor-module gutentor-dynamic-single-column grid-lg-4 grid-md-4 grid-12\"><div id=\"section-gm7e5845\" class=\"section-gm7e5845 gutentor-single-col\">\n<figure class=\"wp-block-image size-full\"><img loading=\"lazy\" decoding=\"async\" width=\"526\" height=\"186\" src=\"https:\/\/kamp.linux.org.tr\/2024-yaz\/wp-content\/uploads\/sites\/6\/2023\/08\/labris-logo.png\" alt=\"\" class=\"wp-image-692\" srcset=\"https:\/\/kamp.linux.org.tr\/2024-yaz\/wp-content\/uploads\/sites\/6\/2023\/08\/labris-logo.png 526w, https:\/\/kamp.linux.org.tr\/2024-yaz\/wp-content\/uploads\/sites\/6\/2023\/08\/labris-logo-300x106.png 300w\" sizes=\"auto, (max-width: 526px) 100vw, 526px\" \/><\/figure>\n<\/div><\/div>\n<\/div><\/div><\/section>\n\n\n\n<br><br>\n\n\n\n<p><\/p>\n\n\n\n<p><\/p>\n","protected":false},"excerpt":{"rendered":"<p>Sponsor olmak istiyorsan\u0131z sponsorluk dosyam\u0131z\u0131 inceleyebilirsiniz. If you want to become a sponsor, you can review our sponsorship file. Organizasyon Destekleyen Kurumlar G\u00fcm\u00fc\u015f Sponsor Yaka Kart\u0131 Sponsorlar\u0131 Foto\u011fraf Alan\u0131 Sponsoru<\/p>\n","protected":false},"author":1,"featured_media":0,"parent":0,"menu_order":0,"comment_status":"closed","ping_status":"closed","template":"","meta":{"footnotes":""},"class_list":["post-16","page","type-page","status-publish","hentry"],"jetpack_sharing_enabled":true,"_links":{"self":[{"href":"https:\/\/kamp.linux.org.tr\/2024-yaz\/wp-json\/wp\/v2\/pages\/16","targetHints":{"allow":["GET"]}}],"collection":[{"href":"https:\/\/kamp.linux.org.tr\/2024-yaz\/wp-json\/wp\/v2\/pages"}],"about":[{"href":"https:\/\/kamp.linux.org.tr\/2024-yaz\/wp-json\/wp\/v2\/types\/page"}],"author":[{"embeddable":true,"href":"https:\/\/kamp.linux.org.tr\/2024-yaz\/wp-json\/wp\/v2\/users\/1"}],"replies":[{"embeddable":true,"href":"https:\/\/kamp.linux.org.tr\/2024-yaz\/wp-json\/wp\/v2\/comments?post=16"}],"version-history":[{"count":42,"href":"https:\/\/kamp.linux.org.tr\/2024-yaz\/wp-json\/wp\/v2\/pages\/16\/revisions"}],"predecessor-version":[{"id":1097,"href":"https:\/\/kamp.linux.org.tr\/2024-yaz\/wp-json\/wp\/v2\/pages\/16\/revisions\/1097"}],"wp:attachment":[{"href":"https:\/\/kamp.linux.org.tr\/2024-yaz\/wp-json\/wp\/v2\/media?parent=16"}],"curies":[{"name":"wp","href":"https:\/\/api.w.org\/{rel}","templated":true}]}}