{"id":274,"date":"2022-07-28T11:45:14","date_gmt":"2022-07-28T11:45:14","guid":{"rendered":"https:\/\/kamp.linux.org.tr\/2022\/?page_id=274"},"modified":"2022-07-28T11:45:14","modified_gmt":"2022-07-28T11:45:14","slug":"katilimci-yorumlari","status":"publish","type":"page","link":"https:\/\/kamp.linux.org.tr\/2024-yaz\/katilimci-yorumlari\/","title":{"rendered":"Kat\u0131l\u0131mc\u0131 Yorumlar\u0131"},"content":{"rendered":"\n<p>Bu y\u0131l onuncu kez d\u00fczenlenecek olan Mustafa Akg\u00fcl \u00d6zg\u00fcr Yaz\u0131l\u0131m Yaz Kamp\u0131, \u00f6nceki y\u0131llarda binlerce ki\u015fiyi a\u011f\u0131rlad\u0131. Bu sayfada \u00f6nceki y\u0131llardan kat\u0131l\u0131mc\u0131lar\u0131n baz\u0131 sosyal medya payla\u015f\u0131mlar\u0131n\u0131, kendi g\u00f6nderilerini al\u0131nt\u0131layarak sunaca\u011f\u0131z. Kat\u0131l\u0131mc\u0131lar\u0131m\u0131zdansan\u0131z siz de \u00d6zg\u00fcr Yaz\u0131l\u0131m Yaz Kamp\u0131 hakk\u0131nda g\u00f6r\u00fc\u015flerinizi sosyal medya hesaplar\u0131m\u0131z\u0131 etiketleyerek payla\u015f\u0131n, yay\u0131nlayal\u0131m.<\/p>\n\n\n\n<blockquote class=\"wp-block-quote is-layout-flow wp-block-quote-is-layout-flow\"><p>2017 ve 2018 de yaz kamplar\u0131na kat\u0131ld\u0131m. Yine 2018 de Aksaray\u2019daki akademik bili\u015fime kat\u0131ld\u0131m.Oralarda \u00f6\u011frendiklerimle \u015fuan kendi ayaklar\u0131m\u0131n \u00fczerinde duruyorum. Etkinlikler i\u00e7in tek pi\u015fmanl\u0131\u011f\u0131m daha erken haberimin olmay\u0131\u015f\u0131. Eme\u011fi ge\u00e7en herkese minnettar\u0131m.<a href=\"https:\/\/web.archive.org\/web\/20200217131100\/https:\/\/twitter.com\/OzgurYazKampi?ref_src=twsrc%5Etfw\">@OzgurYazKampi<\/a><\/p><p>\u2014 Zekiye Aydemir (@pgElephant) <a href=\"https:\/\/web.archive.org\/web\/20200217131100\/https:\/\/twitter.com\/pgElephant\/status\/1143219301060677632?ref_src=twsrc%5Etfw\">June 24, 2019<\/a><\/p><\/blockquote>\n\n\n\n<blockquote class=\"wp-block-quote is-layout-flow wp-block-quote-is-layout-flow\"><p><a href=\"https:\/\/web.archive.org\/web\/20200217131100\/https:\/\/twitter.com\/OzgurYazKampi?ref_src=twsrc%5Etfw\">@OzgurYazKampi<\/a> bu kamp benim i\u00e7in bi\u2019 k\u0131r\u0131lma noktas\u0131d\u0131r. \u201cNeyi nas\u0131l yap\u0131cam, bu i\u015fler nas\u0131l oluyor?\u201d derken; bu i\u015fleri bilen, o yollardan ge\u00e7mi\u015f birileriyle bulu\u015fturdu\u011fu i\u00e7in ve en \u00f6nemlisi g\u00fczel an\u0131lar kazand\u0131rd\u0131\u011f\u0131 i\u00e7in unutamayaca\u011f\u0131m bi\u2019 kamp<img decoding=\"async\" src=\"https:\/\/web.archive.org\/web\/20200217131100\/https:\/\/s.w.org\/images\/core\/emoji\/11\/svg\/1f60a.svg\" alt=\"?\" style=\"width: 20px\"> Ke\u015fke o A\u011fustos\u2019a d\u00f6nebilsem <img decoding=\"async\" src=\"https:\/\/web.archive.org\/web\/20200217131100\/https:\/\/s.w.org\/images\/core\/emoji\/11\/svg\/1f440.svg\" alt=\"?\" style=\"width: 20px\"> <a href=\"https:\/\/web.archive.org\/web\/20200217131100\/https:\/\/t.co\/CG6rsb2dWf\">https:\/\/t.co\/CG6rsb2dWf<\/a><\/p><p>\u2014 Melike Topcu (@araftakibiri) <a href=\"https:\/\/web.archive.org\/web\/20200217131100\/https:\/\/twitter.com\/araftakibiri\/status\/1143565558077644801?ref_src=twsrc%5Etfw\">June 25, 2019<\/a><\/p><\/blockquote>\n\n\n\n<blockquote class=\"wp-block-quote is-layout-flow wp-block-quote-is-layout-flow\"><p><a href=\"https:\/\/web.archive.org\/web\/20200217131100\/https:\/\/twitter.com\/OzgurYazKampi?ref_src=twsrc%5Etfw\">@OzgurYazKampi<\/a> na 2016 y\u0131l\u0131nda kat\u0131lm\u0131\u015ft\u0131m ve iyiki de kat\u0131lm\u0131\u015f\u0131m. Kamptaki hocalar y\u0131l\u0131k izinlerini kullanarak g\u00f6n\u00fcll\u00fc olarak geliyor ve bildiklerini aktarmak i\u00e7in emek harc\u0131yorlar . Bu vesile ile <a href=\"https:\/\/web.archive.org\/web\/20200217131100\/https:\/\/twitter.com\/Barknkilic?ref_src=twsrc%5Etfw\">@Barknkilic<\/a><a href=\"https:\/\/web.archive.org\/web\/20200217131100\/https:\/\/twitter.com\/mdisec?ref_src=twsrc%5Etfw\">@mdisec<\/a> <a href=\"https:\/\/web.archive.org\/web\/20200217131100\/https:\/\/twitter.com\/om3rcitak?ref_src=twsrc%5Etfw\">@om3rcitak<\/a> hocalar\u0131ma te\u015fekk\u00fcr ederim <a href=\"https:\/\/web.archive.org\/web\/20200217131100\/https:\/\/t.co\/DXe8oMSyTY\">https:\/\/t.co\/DXe8oMSyTY<\/a><\/p><p>\u2014 Leylim (@CetinLeylim) <a href=\"https:\/\/web.archive.org\/web\/20200217131100\/https:\/\/twitter.com\/CetinLeylim\/status\/1143533952348692482?ref_src=twsrc%5Etfw\">June 25, 2019<\/a><\/p><\/blockquote>\n\n\n\n<blockquote class=\"wp-block-quote is-layout-flow wp-block-quote-is-layout-flow\"><p>.<a href=\"https:\/\/web.archive.org\/web\/20200217131100\/https:\/\/twitter.com\/OzgurYazKampi?ref_src=twsrc%5Etfw\">@OzgurYazKampi<\/a> Ben kampa \u00f6nce Mersin\u2019deki k\u0131\u015f kamp\u0131nda \u00f6\u011frenci olarak kat\u0131ld\u0131m ve o g\u00fcnden bug\u00fcne hep desteklendim, cesaretlendirildim. Herkesten dostluk g\u00f6rd\u00fcm, \u00e7ok \u015fey \u00f6\u011frendim ve \u00f6\u011frenmeye de devam ediyorum. Bunu her yerde de s\u00f6yl\u00fcyorum zaten. <img decoding=\"async\" src=\"https:\/\/web.archive.org\/web\/20200217131100\/https:\/\/s.w.org\/images\/core\/emoji\/11\/svg\/1f60a.svg\" alt=\"?\" style=\"width: 20px\"><\/p><p>\u2014 Ay\u015fe Bilge G\u00fcnd\u00fcz (@abilgegunduz) <a href=\"https:\/\/web.archive.org\/web\/20200217131100\/https:\/\/twitter.com\/abilgegunduz\/status\/1143508805667438593?ref_src=twsrc%5Etfw\">June 25, 2019<\/a><\/p><\/blockquote>\n\n\n\n<blockquote class=\"wp-block-quote is-layout-flow wp-block-quote-is-layout-flow\"><p><a href=\"https:\/\/web.archive.org\/web\/20200217131100\/https:\/\/twitter.com\/OzgurYazKampi?ref_src=twsrc%5Etfw\">@OzgurYazKampi<\/a> sayesinde \u015fuan da g\u00fczel bir i\u015fim ve m\u00fckemmel hocalar\u0131m ve network\u00fcm bu konu ile alakal\u0131 g\u00fczel uzun duygu d\u00fc\u015f\u00fcncelerimi ve deneyimlerimi aktaraca\u011f\u0131m bu sene de kabul al\u0131rsam BOLU\u2019da olaca\u011f\u0131m yaz\u0131n\u0131n devam\u0131n\u0131 ekleyece\u011fim <a href=\"https:\/\/web.archive.org\/web\/20200217131100\/https:\/\/twitter.com\/ugursus?ref_src=twsrc%5Etfw\">@ugursus<\/a> <a href=\"https:\/\/web.archive.org\/web\/20200217131100\/https:\/\/twitter.com\/lkdtr?ref_src=twsrc%5Etfw\">@lkdtr<\/a><\/p><p>\u2014 Mehmet Akif AKSOY (@secmehmet) <a href=\"https:\/\/web.archive.org\/web\/20200217131100\/https:\/\/twitter.com\/secmehmet\/status\/1143483783099899904?ref_src=twsrc%5Etfw\">June 25, 2019<\/a><\/p><\/blockquote>\n\n\n\n<blockquote class=\"wp-block-quote is-layout-flow wp-block-quote-is-layout-flow\"><p>\u015eimdiden bir serinlik hissetmeye ba\u015flad\u0131m, esiyor gibi gibi <img decoding=\"async\" src=\"https:\/\/web.archive.org\/web\/20200217131100\/https:\/\/s.w.org\/images\/core\/emoji\/11\/svg\/1f600.svg\" alt=\"?\" style=\"width: 20px\"> <a href=\"https:\/\/web.archive.org\/web\/20200217131100\/https:\/\/twitter.com\/OzgurYazKampi?ref_src=twsrc%5Etfw\">@OzgurYazKampi<\/a> <a href=\"https:\/\/web.archive.org\/web\/20200217131100\/https:\/\/t.co\/mRcMkUMmRW\">https:\/\/t.co\/mRcMkUMmRW<\/a><\/p><p>\u2014 Sezer Yavuzer Bozk\u0131r (@linuxcu) <a href=\"https:\/\/web.archive.org\/web\/20200217131100\/https:\/\/twitter.com\/linuxcu\/status\/1143267058597138432?ref_src=twsrc%5Etfw\">June 24, 2019<\/a><\/p><\/blockquote>\n\n\n\n<blockquote class=\"wp-block-quote is-layout-flow wp-block-quote-is-layout-flow\"><p>\u0130lgili \u00fcniversitesini okuyamama ra\u011fmen istedi\u011fim bilgiyi alabildi\u011fim ve istedi\u011fim mesle\u011fi yapabilmeme \u00f6nc\u00fc olan \u00f6zg\u00fcr yaz\u0131l\u0131m kamp\u0131na emek veren her bireye minnettar\u0131m. Te\u015fekk\u00fcrler <a href=\"https:\/\/web.archive.org\/web\/20200217131100\/https:\/\/twitter.com\/OzgurYazKampi?ref_src=twsrc%5Etfw\">@OzgurYazKampi<\/a><\/p><p>\u2014 Yunus Emre Balo\u011flu (@yunusebaloglu) <a href=\"https:\/\/web.archive.org\/web\/20200217131100\/https:\/\/twitter.com\/yunusebaloglu\/status\/1143232115695333378?ref_src=twsrc%5Etfw\">June 24, 2019<\/a><\/p><\/blockquote>\n\n\n\n<blockquote class=\"wp-block-quote is-layout-flow wp-block-quote-is-layout-flow\"><p>11 bucu\u011fa kadar olan et\u00fctleri bile \u00f6zledimmm :(( <a href=\"https:\/\/web.archive.org\/web\/20200217131100\/https:\/\/twitter.com\/hashtag\/lyk2013?src=hash&amp;ref_src=twsrc%5Etfw\">#lyk2013<\/a><\/p><p>\u2014 Simge (@veesimsim) <a href=\"https:\/\/web.archive.org\/web\/20200217131100\/https:\/\/twitter.com\/veesimsim\/status\/374286807841513472?ref_src=twsrc%5Etfw\">September 1, 2013<\/a><\/p><\/blockquote>\n\n\n\n<blockquote class=\"wp-block-quote is-layout-flow wp-block-quote-is-layout-flow\"><p><a href=\"https:\/\/web.archive.org\/web\/20200217131100\/https:\/\/twitter.com\/hashtag\/lyk2013?src=hash&amp;ref_src=twsrc%5Etfw\">#lyk2013<\/a> G\u00fczel insanlar, g\u00fczel payla\u015f\u0131mlar, g\u00fczel tablo <img decoding=\"async\" src=\"https:\/\/web.archive.org\/web\/20200217131100\/https:\/\/s.w.org\/images\/core\/emoji\/11\/svg\/1f609.svg\" alt=\"?\" style=\"width: 20px\"> <a href=\"https:\/\/web.archive.org\/web\/20200217131100\/http:\/\/t.co\/Lha7grbIpw\">pic.twitter.com\/Lha7grbIpw<\/a><\/p><p>\u2014 Kadriye (@kadriyezy) <a href=\"https:\/\/web.archive.org\/web\/20200217131100\/https:\/\/twitter.com\/kadriyezy\/status\/373759685565767680?ref_src=twsrc%5Etfw\">August 31, 2013<\/a><\/p><\/blockquote>\n\n\n\n<blockquote class=\"wp-block-quote is-layout-flow wp-block-quote-is-layout-flow\"><p>Kamp bitti <img decoding=\"async\" src=\"https:\/\/web.archive.org\/web\/20200217131100\/https:\/\/s.w.org\/images\/core\/emoji\/11\/svg\/1f641.svg\" alt=\"?\" style=\"width: 20px\"> G\u00fczel insanlar tan\u0131d\u0131k, \u00f6\u011frencilerimizle harika dostluklar kurduk. Herkesi \u00e7ok \u00f6zleyece\u011fim.. <a href=\"https:\/\/web.archive.org\/web\/20200217131100\/https:\/\/twitter.com\/hashtag\/lyk2013?src=hash&amp;ref_src=twsrc%5Etfw\">#lyk2013<\/a> <a href=\"https:\/\/web.archive.org\/web\/20200217131100\/http:\/\/t.co\/bf2h0568U3\">pic.twitter.com\/bf2h0568U3<\/a><\/p><p>\u2014 Tayfun \u00d6zi\u015f Erikan (@toziserikan) <a href=\"https:\/\/web.archive.org\/web\/20200217131100\/https:\/\/twitter.com\/toziserikan\/status\/373736826512900096?ref_src=twsrc%5Etfw\">August 31, 2013<\/a><\/p><\/blockquote>\n\n\n\n<blockquote class=\"wp-block-quote is-layout-flow wp-block-quote-is-layout-flow\"><p>Linux yaz kampinin duzenlenmesinde ikk olarak <a href=\"https:\/\/web.archive.org\/web\/20200217131100\/https:\/\/twitter.com\/Barknkilic?ref_src=twsrc%5Etfw\">@Barknkilic<\/a> ve eme\u011fi ge\u00e7en t\u00fcm herkeze te\u015fekk\u00fcrler <a href=\"https:\/\/web.archive.org\/web\/20200217131100\/https:\/\/twitter.com\/hashtag\/lyk2013?src=hash&amp;ref_src=twsrc%5Etfw\">#lyk2013<\/a> <a href=\"https:\/\/web.archive.org\/web\/20200217131100\/http:\/\/t.co\/8gxaYh6Coj\">pic.twitter.com\/8gxaYh6Coj<\/a><\/p><p>\u2014 Enes Sel\u00e7uk (@eselcuk20) <a href=\"https:\/\/web.archive.org\/web\/20200217131100\/https:\/\/twitter.com\/eselcuk20\/status\/373721041518227456?ref_src=twsrc%5Etfw\">August 31, 2013<\/a><\/p><\/blockquote>\n\n\n\n<blockquote class=\"wp-block-quote is-layout-flow wp-block-quote-is-layout-flow\"><p>PHP-Ruby\/Rails s\u0131n\u0131flar\u0131 hep beraber Revolution OS adl\u0131 filmi izledik, \u00d6zg\u00fcr Yaz\u0131l\u0131m felsefesini tan\u0131tt\u0131k <a href=\"https:\/\/web.archive.org\/web\/20200217131100\/https:\/\/twitter.com\/hashtag\/lyk2013?src=hash&amp;ref_src=twsrc%5Etfw\">#lyk2013<\/a> <a href=\"https:\/\/web.archive.org\/web\/20200217131100\/http:\/\/t.co\/GXNDPO9gCo\">pic.twitter.com\/GXNDPO9gCo<\/a><\/p><p>\u2014 Tayfun \u00d6zi\u015f Erikan (@toziserikan) <a href=\"https:\/\/web.archive.org\/web\/20200217131100\/https:\/\/twitter.com\/toziserikan\/status\/373541950718480384?ref_src=twsrc%5Etfw\">August 30, 2013<\/a><\/p><\/blockquote>\n\n\n\n<blockquote class=\"wp-block-quote is-layout-flow wp-block-quote-is-layout-flow\"><p><a href=\"https:\/\/web.archive.org\/web\/20200217131100\/https:\/\/twitter.com\/hashtag\/Linux?src=hash&amp;ref_src=twsrc%5Etfw\">#Linux<\/a> <a href=\"https:\/\/web.archive.org\/web\/20200217131100\/https:\/\/twitter.com\/hashtag\/LinuxYazKamp%C4%B1?src=hash&amp;ref_src=twsrc%5Etfw\">#LinuxYazKamp\u0131<\/a> <a href=\"https:\/\/web.archive.org\/web\/20200217131100\/https:\/\/twitter.com\/hashtag\/LYK2014?src=hash&amp;ref_src=twsrc%5Etfw\">#LYK2014<\/a> <a href=\"https:\/\/web.archive.org\/web\/20200217131100\/https:\/\/twitter.com\/hashtag\/LYK14?src=hash&amp;ref_src=twsrc%5Etfw\">#LYK14<\/a><br>Linux Yaz Kamp\u0131 2014 \u00fcn Ard\u0131ndan\u2026 \u2013 <a href=\"https:\/\/web.archive.org\/web\/20200217131100\/http:\/\/t.co\/bA7huoW9ct\">http:\/\/t.co\/bA7huoW9ct<\/a><\/p><p>\u2014 Ahmet G\u00dcREL (@ahmettgurell) <a href=\"https:\/\/web.archive.org\/web\/20200217131100\/https:\/\/twitter.com\/ahmettgurell\/status\/519170328300228609?ref_src=twsrc%5Etfw\">October 6, 2014<\/a><\/p><\/blockquote>\n\n\n\n<blockquote class=\"wp-block-quote is-layout-flow wp-block-quote-is-layout-flow\"><p>Yaz gelse de yine Bolu\u2019ya gitsek <img decoding=\"async\" src=\"https:\/\/web.archive.org\/web\/20200217131100\/https:\/\/s.w.org\/images\/core\/emoji\/11\/svg\/1f642.svg\" alt=\"?\" style=\"width: 20px\"><a href=\"https:\/\/web.archive.org\/web\/20200217131100\/https:\/\/twitter.com\/hashtag\/lyk2014?src=hash&amp;ref_src=twsrc%5Etfw\">#lyk2014<\/a> <a href=\"https:\/\/web.archive.org\/web\/20200217131100\/http:\/\/t.co\/RChoWrKnuc\">pic.twitter.com\/RChoWrKnuc<\/a><\/p><p>\u2014 Elif BAYRAKDAR (@elifbyrkdr) <a href=\"https:\/\/web.archive.org\/web\/20200217131100\/https:\/\/twitter.com\/elifbyrkdr\/status\/506044056024403968?ref_src=twsrc%5Etfw\">August 31, 2014<\/a><\/p><\/blockquote>\n\n\n\n<blockquote class=\"wp-block-quote is-layout-flow wp-block-quote-is-layout-flow\"><p><a href=\"https:\/\/web.archive.org\/web\/20200217131100\/https:\/\/twitter.com\/hashtag\/lyk2014?src=hash&amp;ref_src=twsrc%5Etfw\">#lyk2014<\/a> \u2018ten geriye kalanlar .. <a href=\"https:\/\/web.archive.org\/web\/20200217131100\/http:\/\/t.co\/IpoPQCdycG\">pic.twitter.com\/IpoPQCdycG<\/a><\/p><p>\u2014 Leyla KAP\u0130 (@leylakapi) <a href=\"https:\/\/web.archive.org\/web\/20200217131100\/https:\/\/twitter.com\/leylakapi\/status\/503633808311472128?ref_src=twsrc%5Etfw\">August 24, 2014<\/a><\/p><\/blockquote>\n\n\n\n<blockquote class=\"wp-block-quote is-layout-flow wp-block-quote-is-layout-flow\"><p>Gelirken kimsenin olmad\u0131\u011f\u0131 giderken el sallad\u0131\u011f\u0131n ve vedala\u015f\u0131rken \u00fcz\u00fcld\u00fc\u011f\u00fcn insanlar olmas\u0131d\u0131r linux yaz kamp\u0131 <img decoding=\"async\" src=\"https:\/\/web.archive.org\/web\/20200217131100\/https:\/\/s.w.org\/images\/core\/emoji\/11\/svg\/1f642.svg\" alt=\"?\" style=\"width: 20px\"> <a href=\"https:\/\/web.archive.org\/web\/20200217131100\/https:\/\/twitter.com\/hashtag\/lyk2014?src=hash&amp;ref_src=twsrc%5Etfw\">#lyk2014<\/a><\/p><p>\u2014 Nur Yesilyurt (@nuryslyrt) <a href=\"https:\/\/web.archive.org\/web\/20200217131100\/https:\/\/twitter.com\/nuryslyrt\/status\/503186855710691328?ref_src=twsrc%5Etfw\">August 23, 2014<\/a><\/p><\/blockquote>\n\n\n\n<blockquote class=\"wp-block-quote is-layout-flow wp-block-quote-is-layout-flow\"><p><a href=\"https:\/\/web.archive.org\/web\/20200217131100\/https:\/\/twitter.com\/hashtag\/linuxyazkampi?src=hash&amp;ref_src=twsrc%5Etfw\">#linuxyazkampi<\/a> ruby\u2019ciler php\u2019cilrle birlik olup elegan elegan msjlar verir de biz durur muyuz? durmayiz <a href=\"https:\/\/web.archive.org\/web\/20200217131100\/https:\/\/twitter.com\/hashtag\/lyk2014?src=hash&amp;ref_src=twsrc%5Etfw\">#lyk2014<\/a> <a href=\"https:\/\/web.archive.org\/web\/20200217131100\/http:\/\/t.co\/5EfxcNJVxj\">pic.twitter.com\/5EfxcNJVxj<\/a><\/p><p>\u2014 G\u00f6n\u00fcl Sabah (@gnl_sabah) <a href=\"https:\/\/web.archive.org\/web\/20200217131100\/https:\/\/twitter.com\/gnl_sabah\/status\/503101165501169666?ref_src=twsrc%5Etfw\">August 23, 2014<\/a><\/p><\/blockquote>\n\n\n\n<blockquote class=\"wp-block-quote is-layout-flow wp-block-quote-is-layout-flow\"><p><a href=\"https:\/\/web.archive.org\/web\/20200217131100\/https:\/\/twitter.com\/hashtag\/linuxyazkampi?src=hash&amp;ref_src=twsrc%5Etfw\">#linuxyazkampi<\/a> <a href=\"https:\/\/web.archive.org\/web\/20200217131100\/https:\/\/twitter.com\/hashtag\/lyk2014?src=hash&amp;ref_src=twsrc%5Etfw\">#lyk2014<\/a> <a href=\"https:\/\/web.archive.org\/web\/20200217131100\/https:\/\/twitter.com\/dorukdestan?ref_src=twsrc%5Etfw\">@dorukdestan<\/a> @OmerOZKAN_ Bu da Java s\u0131n\u0131f\u0131ndan. Her \u015fey \u00e7ok g\u00fczeldi te\u015fekk\u00fcrler\u2026 <img decoding=\"async\" src=\"https:\/\/web.archive.org\/web\/20200217131100\/https:\/\/s.w.org\/images\/core\/emoji\/11\/svg\/1f642.svg\" alt=\"?\" style=\"width: 20px\"> <a href=\"https:\/\/web.archive.org\/web\/20200217131100\/http:\/\/t.co\/TVDt8P0vK3\">pic.twitter.com\/TVDt8P0vK3<\/a><\/p><p>\u2014 Meltem Demir (@demirrmeltem) <a href=\"https:\/\/web.archive.org\/web\/20200217131100\/https:\/\/twitter.com\/demirrmeltem\/status\/502906005257461760?ref_src=twsrc%5Etfw\">August 22, 2014<\/a><\/p><\/blockquote>\n\n\n\n<blockquote class=\"wp-block-quote is-layout-flow wp-block-quote-is-layout-flow\"><p>B\u00f6yle g\u00fczel bi \u00e7al\u0131\u015fma, yurt ve arkada\u015f ortam\u0131n\u0131 sa\u011flad\u0131\u011f\u0131n\u0131z i\u00e7in eme\u011fi ge\u00e7en herkese \u00e7ok te\u015fekk\u00fcrler. M\u00fckemmel bir kamp <img decoding=\"async\" src=\"https:\/\/web.archive.org\/web\/20200217131100\/https:\/\/s.w.org\/images\/core\/emoji\/11\/svg\/1f642.svg\" alt=\"?\" style=\"width: 20px\"> <a href=\"https:\/\/web.archive.org\/web\/20200217131100\/https:\/\/twitter.com\/hashtag\/lyk2014?src=hash&amp;ref_src=twsrc%5Etfw\">#lyk2014<\/a><\/p><p>\u2014 Nur Yesilyurt (@nuryslyrt) <a href=\"https:\/\/web.archive.org\/web\/20200217131100\/https:\/\/twitter.com\/nuryslyrt\/status\/502580934508806145?ref_src=twsrc%5Etfw\">August 21, 2014<\/a><\/p><\/blockquote>\n\n\n\n<blockquote class=\"wp-block-quote is-layout-flow wp-block-quote-is-layout-flow\"><p>\u015eu iki g\u00fczel insana bi te\u015fekk\u00fcr <img decoding=\"async\" src=\"https:\/\/web.archive.org\/web\/20200217131100\/https:\/\/s.w.org\/images\/core\/emoji\/11\/svg\/1f642.svg\" alt=\"?\" style=\"width: 20px\"> <a href=\"https:\/\/web.archive.org\/web\/20200217131100\/https:\/\/twitter.com\/hashtag\/lyk2015?src=hash&amp;ref_src=twsrc%5Etfw\">#lyk2015<\/a> <a href=\"https:\/\/web.archive.org\/web\/20200217131100\/https:\/\/twitter.com\/hashtag\/linuxyazkampi?src=hash&amp;ref_src=twsrc%5Etfw\">#linuxyazkampi<\/a> @ Abant Izzet Baysal University <a href=\"https:\/\/web.archive.org\/web\/20200217131100\/https:\/\/t.co\/dnTVcJXHCz\">https:\/\/t.co\/dnTVcJXHCz<\/a><\/p><p>\u2014 Melike Topcu (@araftakibiri) <a href=\"https:\/\/web.archive.org\/web\/20200217131100\/https:\/\/twitter.com\/araftakibiri\/status\/635121181520199680?ref_src=twsrc%5Etfw\">August 22, 2015<\/a><\/p><\/blockquote>\n\n\n\n<blockquote class=\"wp-block-quote is-layout-flow wp-block-quote-is-layout-flow\"><p>Ve bitti. Hocalar\u0131m\u0131za \u00e7ok te\u015fekk\u00fcr ederiz seneye g\u00f6r\u00fc\u015fmek \u00fczere <img decoding=\"async\" src=\"https:\/\/web.archive.org\/web\/20200217131100\/https:\/\/s.w.org\/images\/core\/emoji\/11\/svg\/1f642.svg\" alt=\"?\" style=\"width: 20px\"> <a href=\"https:\/\/web.archive.org\/web\/20200217131100\/https:\/\/twitter.com\/hashtag\/lyk2015?src=hash&amp;ref_src=twsrc%5Etfw\">#lyk2015<\/a> <a href=\"https:\/\/web.archive.org\/web\/20200217131100\/https:\/\/twitter.com\/hashtag\/linuxyazkampi?src=hash&amp;ref_src=twsrc%5Etfw\">#linuxyazkampi<\/a> @LinuxYazKampi<\/p><p>\u2014 selin akbu\u011fa (@selin_akbuga) <a href=\"https:\/\/web.archive.org\/web\/20200217131100\/https:\/\/twitter.com\/selin_akbuga\/status\/635100381006184452?ref_src=twsrc%5Etfw\">August 22, 2015<\/a><\/p><\/blockquote>\n\n\n\n<blockquote class=\"wp-block-quote is-layout-flow wp-block-quote-is-layout-flow\"><p>Bu yaz yapt\u0131\u011f\u0131m en iyi \u015fey <a href=\"https:\/\/web.archive.org\/web\/20200217131100\/https:\/\/twitter.com\/hashtag\/lyk2015?src=hash&amp;ref_src=twsrc%5Etfw\">#lyk2015<\/a> gitmekti. Herkese bolca te\u015fekk\u00fcr. @ Abant Izzet Baysal University <a href=\"https:\/\/web.archive.org\/web\/20200217131100\/https:\/\/t.co\/rSgGShF4GA\">https:\/\/t.co\/rSgGShF4GA<\/a><\/p><p>\u2014 ege orhan (@egeorhanege) <a href=\"https:\/\/web.archive.org\/web\/20200217131100\/https:\/\/twitter.com\/egeorhanege\/status\/635079567724707840?ref_src=twsrc%5Etfw\">August 22, 2015<\/a><\/p><\/blockquote>\n\n\n\n<blockquote class=\"wp-block-quote is-layout-flow wp-block-quote-is-layout-flow\"><p>15 gunluk web guvenligi egitiminin sonuna geldik . Hocalarimiza tesekkurler <img decoding=\"async\" src=\"https:\/\/web.archive.org\/web\/20200217131100\/https:\/\/s.w.org\/images\/core\/emoji\/11\/svg\/1f642.svg\" alt=\"?\" style=\"width: 20px\"> <a href=\"https:\/\/web.archive.org\/web\/20200217131100\/https:\/\/twitter.com\/hashtag\/lyk2015?src=hash&amp;ref_src=twsrc%5Etfw\">#lyk2015<\/a> <a href=\"https:\/\/web.archive.org\/web\/20200217131100\/http:\/\/t.co\/J6tC7QUFHB\">pic.twitter.com\/J6tC7QUFHB<\/a><\/p><p>\u2014 K\u00fcbra G\u00fcnayd\u0131n (@GunaydinKubra) <a href=\"https:\/\/web.archive.org\/web\/20200217131100\/https:\/\/twitter.com\/GunaydinKubra\/status\/635079163477671936?ref_src=twsrc%5Etfw\">August 22, 2015<\/a><\/p><\/blockquote>\n\n\n\n<blockquote class=\"wp-block-quote is-layout-flow wp-block-quote-is-layout-flow\"><p>En g\u00fczel e\u011fitim yine Linux Yaz Kampindaydi. <a href=\"https:\/\/web.archive.org\/web\/20200217131100\/https:\/\/twitter.com\/hashtag\/lyk2015?src=hash&amp;ref_src=twsrc%5Etfw\">#lyk2015<\/a> @LinuxYazKampi <a href=\"https:\/\/web.archive.org\/web\/20200217131100\/https:\/\/twitter.com\/dorukdestan?ref_src=twsrc%5Etfw\">@dorukdestan<\/a> <a href=\"https:\/\/web.archive.org\/web\/20200217131100\/http:\/\/t.co\/zhVlorp2SU\">pic.twitter.com\/zhVlorp2SU<\/a><\/p><p>\u2014 o\u011fuz \u00f6zkaraca (@oguzozkaraca) <a href=\"https:\/\/web.archive.org\/web\/20200217131100\/https:\/\/twitter.com\/oguzozkaraca\/status\/635071145809682432?ref_src=twsrc%5Etfw\">August 22, 2015<\/a><\/p><\/blockquote>\n","protected":false},"excerpt":{"rendered":"<p>Bu y\u0131l onuncu kez d\u00fczenlenecek olan Mustafa Akg\u00fcl \u00d6zg\u00fcr Yaz\u0131l\u0131m Yaz Kamp\u0131, \u00f6nceki y\u0131llarda binlerce ki\u015fiyi a\u011f\u0131rlad\u0131. Bu sayfada \u00f6nceki y\u0131llardan kat\u0131l\u0131mc\u0131lar\u0131n baz\u0131 sosyal medya payla\u015f\u0131mlar\u0131n\u0131, kendi g\u00f6nderilerini al\u0131nt\u0131layarak sunaca\u011f\u0131z. Kat\u0131l\u0131mc\u0131lar\u0131m\u0131zdansan\u0131z siz de \u00d6zg\u00fcr Yaz\u0131l\u0131m Yaz Kamp\u0131 hakk\u0131nda g\u00f6r\u00fc\u015flerinizi sosyal medya hesaplar\u0131m\u0131z\u0131 etiketleyerek payla\u015f\u0131n, yay\u0131nlayal\u0131m. 2017 ve 2018 de yaz kamplar\u0131na kat\u0131ld\u0131m. Yine 2018 de [&hellip;]<\/p>\n","protected":false},"author":1,"featured_media":0,"parent":0,"menu_order":0,"comment_status":"closed","ping_status":"closed","template":"","meta":{"footnotes":""},"class_list":["post-274","page","type-page","status-publish","hentry"],"jetpack_sharing_enabled":true,"_links":{"self":[{"href":"https:\/\/kamp.linux.org.tr\/2024-yaz\/wp-json\/wp\/v2\/pages\/274","targetHints":{"allow":["GET"]}}],"collection":[{"href":"https:\/\/kamp.linux.org.tr\/2024-yaz\/wp-json\/wp\/v2\/pages"}],"about":[{"href":"https:\/\/kamp.linux.org.tr\/2024-yaz\/wp-json\/wp\/v2\/types\/page"}],"author":[{"embeddable":true,"href":"https:\/\/kamp.linux.org.tr\/2024-yaz\/wp-json\/wp\/v2\/users\/1"}],"replies":[{"embeddable":true,"href":"https:\/\/kamp.linux.org.tr\/2024-yaz\/wp-json\/wp\/v2\/comments?post=274"}],"version-history":[{"count":0,"href":"https:\/\/kamp.linux.org.tr\/2024-yaz\/wp-json\/wp\/v2\/pages\/274\/revisions"}],"wp:attachment":[{"href":"https:\/\/kamp.linux.org.tr\/2024-yaz\/wp-json\/wp\/v2\/media?parent=274"}],"curies":[{"name":"wp","href":"https:\/\/api.w.org\/{rel}","templated":true}]}}