{"id":69,"date":"2022-07-12T22:04:01","date_gmt":"2022-07-12T19:04:01","guid":{"rendered":"https:\/\/kamp.linux.org.tr\/2022\/?page_id=69"},"modified":"2024-08-09T10:02:38","modified_gmt":"2024-08-09T07:02:38","slug":"69-2","status":"publish","type":"page","link":"https:\/\/kamp.linux.org.tr\/2024-yaz\/","title":{"rendered":"Ana Sayfa"},"content":{"rendered":"\n<h1 class=\"wp-block-heading\">Mustafa Akg\u00fcl \u00d6zg\u00fcr Yaz\u0131l\u0131m 2024 Yaz Kamp\u0131<\/h1>\n\n\n\n<p>Linux Kullan\u0131c\u0131lar\u0131 Derne\u011fi ve Bolu Abant \u0130zzet Baysal \u00dcniversitesi\u2019nin organizasyonunu \u00fcstlendi\u011fi etkinlik bu y\u0131l Bolu Abant \u0130zzet Baysal \u00dcniversitesi G\u00f6lk\u00f6y Yerle\u015fkesi\u2019nde yap\u0131l\u0131yor.<\/p>\n\n\n\n<p>Farkl\u0131 alanlarda, farkl\u0131 bilgi d\u00fczeylerine hitap eden paralel s\u0131n\u0131flarda ger\u00e7ekle\u015ftirilen e\u011fitimlere kat\u0131l\u0131m \u00fccretsizdir. Kat\u0131l\u0131mc\u0131lardan yaln\u0131zca kendi yol\/konaklama\/yemek masraflar\u0131n\u0131 kar\u015f\u0131lamalar\u0131 beklenmektedir.<\/p>\n\n\n\n<p>Ba\u015fvuru \u00f6ncesinde kurslar\u0131n detaylar\u0131n\u0131 <a href=\"https:\/\/kamp.linux.org.tr\/2024-yaz\/kurslar\/\">Kurslar<\/a> sayfas\u0131nda inceleyiniz.<\/p>\n\n\n\n<div class=\"wp-block-group\"><div class=\"wp-block-group__inner-container is-layout-flow wp-block-group-is-layout-flow\">\n<p>Kampa ili\u015fkin hemen her sorunun yan\u0131t\u0131n\u0131 <a href=\"https:\/\/kamp.linux.org.tr\/2024-yaz\/sikca-sorulan-sorular\/\">S\u0131k\u00e7a Sorulan Sorular<\/a> sayfas\u0131nda bulabilirsiniz.<\/p>\n\n\n\n<h2 class=\"wp-block-heading\">Duyurular<\/h2>\n\n\n\n<p><\/p>\n\n\n\n<ul class=\"wp-block-list\">\n<li><em>Hay\u0131rsever ki\u015fi ve kurulu\u015flar taraf\u0131ndan derne\u011fimize yap\u0131lan \u015fartl\u0131 ba\u011f\u0131\u015flarla, ihtiya\u00e7 sahibi kat\u0131l\u0131mc\u0131lara \u015fehirlerine g\u00f6re ula\u015f\u0131m bursu verilecektir. Detaylar daha sonra duyurulacakt\u0131r.<\/em><\/li>\n\n\n\n<li><em>Kay\u0131t s\u0131ras\u0131nda konaklama se\u00e7ene\u011fini se\u00e7mediyseniz profil b\u00f6l\u00fcm\u00fcnden konaklaman\u0131z\u0131 se\u00e7meyi unutmay\u0131n<\/em>.<\/li>\n\n\n\n<li><em>Kamp kay\u0131t sisteminde okudu\u011fu\/mezun oldu\u011fu \u00fcniversite listede olmayanlar i\u00e7in \u00fcniversite listesi g\u00fcncellendi. L\u00fctfen listeden kendi \u00fcniversitenizi do\u011fru \u015fekilde se\u00e7in.<\/em><\/li>\n\n\n\n<li>Birinci tur yerle\u015ftirmeler tamamland\u0131. Kabul alan kat\u0131l\u0131mc\u0131lara e-postalar\u0131 ula\u015ft\u0131. \u0130kinci tur yerle\u015ftirmeler 11 A\u011fustos 23:59&#8217;da sona erecek ve nihai kat\u0131l\u0131mc\u0131 liste olu\u015facakt\u0131r<\/li>\n<\/ul>\n<\/div><\/div>\n","protected":false},"excerpt":{"rendered":"<p>Mustafa Akg\u00fcl \u00d6zg\u00fcr Yaz\u0131l\u0131m 2024 Yaz Kamp\u0131 Linux Kullan\u0131c\u0131lar\u0131 Derne\u011fi ve Bolu Abant \u0130zzet Baysal \u00dcniversitesi\u2019nin organizasyonunu \u00fcstlendi\u011fi etkinlik bu y\u0131l Bolu Abant \u0130zzet Baysal \u00dcniversitesi G\u00f6lk\u00f6y Yerle\u015fkesi\u2019nde yap\u0131l\u0131yor. Farkl\u0131 alanlarda, farkl\u0131 bilgi d\u00fczeylerine hitap eden paralel s\u0131n\u0131flarda ger\u00e7ekle\u015ftirilen e\u011fitimlere kat\u0131l\u0131m \u00fccretsizdir. Kat\u0131l\u0131mc\u0131lardan yaln\u0131zca kendi yol\/konaklama\/yemek masraflar\u0131n\u0131 kar\u015f\u0131lamalar\u0131 beklenmektedir. Ba\u015fvuru \u00f6ncesinde kurslar\u0131n detaylar\u0131n\u0131 Kurslar sayfas\u0131nda [&hellip;]<\/p>\n","protected":false},"author":1,"featured_media":0,"parent":0,"menu_order":0,"comment_status":"closed","ping_status":"closed","template":"index.php","meta":{"footnotes":""},"class_list":["post-69","page","type-page","status-publish","hentry"],"jetpack_sharing_enabled":true,"_links":{"self":[{"href":"https:\/\/kamp.linux.org.tr\/2024-yaz\/wp-json\/wp\/v2\/pages\/69","targetHints":{"allow":["GET"]}}],"collection":[{"href":"https:\/\/kamp.linux.org.tr\/2024-yaz\/wp-json\/wp\/v2\/pages"}],"about":[{"href":"https:\/\/kamp.linux.org.tr\/2024-yaz\/wp-json\/wp\/v2\/types\/page"}],"author":[{"embeddable":true,"href":"https:\/\/kamp.linux.org.tr\/2024-yaz\/wp-json\/wp\/v2\/users\/1"}],"replies":[{"embeddable":true,"href":"https:\/\/kamp.linux.org.tr\/2024-yaz\/wp-json\/wp\/v2\/comments?post=69"}],"version-history":[{"count":9,"href":"https:\/\/kamp.linux.org.tr\/2024-yaz\/wp-json\/wp\/v2\/pages\/69\/revisions"}],"predecessor-version":[{"id":1081,"href":"https:\/\/kamp.linux.org.tr\/2024-yaz\/wp-json\/wp\/v2\/pages\/69\/revisions\/1081"}],"wp:attachment":[{"href":"https:\/\/kamp.linux.org.tr\/2024-yaz\/wp-json\/wp\/v2\/media?parent=69"}],"curies":[{"name":"wp","href":"https:\/\/api.w.org\/{rel}","templated":true}]}}