{"id":888,"date":"2024-07-24T10:57:05","date_gmt":"2024-07-24T07:57:05","guid":{"rendered":"https:\/\/kamp.linux.org.tr\/2024-yaz\/?page_id=888"},"modified":"2024-07-24T10:59:54","modified_gmt":"2024-07-24T07:59:54","slug":"ag-yonetimine-giris","status":"publish","type":"page","link":"https:\/\/kamp.linux.org.tr\/2024-yaz\/kurslar\/ag-yonetimine-giris\/","title":{"rendered":"A\u011f Y\u00f6netimine Giri\u015f"},"content":{"rendered":"\n<p><br><strong>Kat\u0131l\u0131mc\u0131lar i\u00e7in \u00f6n \u015fartlar:<\/strong><\/p>\n\n\n\n<ul class=\"wp-block-list\">\n<li>Temel bili\u015fim okur-yazarl\u0131\u011f\u0131<\/li>\n\n\n\n<li>Okudu\u011funu anlayabilecek d\u00fczeyde \u0130ngilizce bilgisi<\/li>\n<\/ul>\n\n\n\n<p><strong>Kat\u0131l\u0131mc\u0131lar\u0131n e\u011fitime bilgisayar d\u0131\u015f\u0131nda getirmesi gereken donan\u0131m\/yaz\u0131l\u0131m:<\/strong><\/p>\n\n\n\n<ul class=\"wp-block-list\">\n<li>Packet Tracer kurulmas\u0131<\/li>\n<\/ul>\n\n\n\n<p><strong>E\u011fitim \u0130\u00e7eri\u011fi:<\/strong><\/p>\n\n\n\n<ul class=\"wp-block-list\">\n<li>G\u00fcn\u00fcm\u00fczde A\u011f<\/li>\n\n\n\n<li>OSI Modeli\n<ul class=\"wp-block-list\">\n<li>Fiziksel Katman<\/li>\n\n\n\n<li>Data-link Katman\u0131<\/li>\n\n\n\n<li>Network katman\u0131<\/li>\n<\/ul>\n<\/li>\n\n\n\n<li>Transport katman\u0131<\/li>\n\n\n\n<li>IPv4 &amp; IPv6 Adresleme<\/li>\n\n\n\n<li>Paket Anahtarlama<\/li>\n\n\n\n<li>LAN &amp; WAN<\/li>\n\n\n\n<li>STP<\/li>\n\n\n\n<li>VLAN<\/li>\n\n\n\n<li>Y\u00f6nlendirme\n<ul class=\"wp-block-list\">\n<li>Statik y\u00f6nlendirme<\/li>\n\n\n\n<li>Dinamik y\u00f6nlendirme temelleri<\/li>\n<\/ul>\n<\/li>\n\n\n\n<li>VLANler aras\u0131 y\u00f6nlendirme<\/li>\n\n\n\n<li>DHCP<\/li>\n\n\n\n<li>ACL<\/li>\n\n\n\n<li>A\u011f g\u00fcvenli\u011fi<\/li>\n\n\n\n<li>Y\u00f6nlendirici yap\u0131land\u0131rmas\u0131<\/li>\n\n\n\n<li>Anahtarlay\u0131c\u0131 yap\u0131land\u0131rmas\u0131<\/li>\n\n\n\n<li>A\u011f tasar\u0131lar\u0131<\/li>\n\n\n\n<li>Python ile a\u011f otomasyonu<br><br><\/li>\n<\/ul>\n","protected":false},"excerpt":{"rendered":"<p>Kat\u0131l\u0131mc\u0131lar i\u00e7in \u00f6n \u015fartlar: Kat\u0131l\u0131mc\u0131lar\u0131n e\u011fitime bilgisayar d\u0131\u015f\u0131nda getirmesi gereken donan\u0131m\/yaz\u0131l\u0131m: E\u011fitim \u0130\u00e7eri\u011fi:<\/p>\n","protected":false},"author":1,"featured_media":0,"parent":11,"menu_order":0,"comment_status":"closed","ping_status":"closed","template":"","meta":{"footnotes":""},"class_list":["post-888","page","type-page","status-publish","hentry"],"jetpack_sharing_enabled":true,"_links":{"self":[{"href":"https:\/\/kamp.linux.org.tr\/2024-yaz\/wp-json\/wp\/v2\/pages\/888","targetHints":{"allow":["GET"]}}],"collection":[{"href":"https:\/\/kamp.linux.org.tr\/2024-yaz\/wp-json\/wp\/v2\/pages"}],"about":[{"href":"https:\/\/kamp.linux.org.tr\/2024-yaz\/wp-json\/wp\/v2\/types\/page"}],"author":[{"embeddable":true,"href":"https:\/\/kamp.linux.org.tr\/2024-yaz\/wp-json\/wp\/v2\/users\/1"}],"replies":[{"embeddable":true,"href":"https:\/\/kamp.linux.org.tr\/2024-yaz\/wp-json\/wp\/v2\/comments?post=888"}],"version-history":[{"count":3,"href":"https:\/\/kamp.linux.org.tr\/2024-yaz\/wp-json\/wp\/v2\/pages\/888\/revisions"}],"predecessor-version":[{"id":892,"href":"https:\/\/kamp.linux.org.tr\/2024-yaz\/wp-json\/wp\/v2\/pages\/888\/revisions\/892"}],"up":[{"embeddable":true,"href":"https:\/\/kamp.linux.org.tr\/2024-yaz\/wp-json\/wp\/v2\/pages\/11"}],"wp:attachment":[{"href":"https:\/\/kamp.linux.org.tr\/2024-yaz\/wp-json\/wp\/v2\/media?parent=888"}],"curies":[{"name":"wp","href":"https:\/\/api.w.org\/{rel}","templated":true}]}}