{"id":903,"date":"2024-07-24T11:27:34","date_gmt":"2024-07-24T08:27:34","guid":{"rendered":"https:\/\/kamp.linux.org.tr\/2024-yaz\/?page_id=903"},"modified":"2024-07-24T21:28:44","modified_gmt":"2024-07-24T18:28:44","slug":"gnu-linux-sistem-yonetimi-1-duzey","status":"publish","type":"page","link":"https:\/\/kamp.linux.org.tr\/2024-yaz\/kurslar\/gnu-linux-sistem-yonetimi-1-duzey\/","title":{"rendered":"GNU\/Linux Sistem Y\u00f6netimi 1. D\u00fczey"},"content":{"rendered":"\n<p><strong>E\u011fitmenler:<\/strong> <a href=\"https:\/\/kamp.linux.org.tr\/2024-yaz\/egitmenler\/senol-aldibas\/\">\u015eenol Ald\u0131ba\u015f<\/a>, <a href=\"https:\/\/kamp.linux.org.tr\/2024-yaz\/egitmenler\/aykut-demirci\/\">Aykut Demirci<\/a>, <a href=\"https:\/\/kamp.linux.org.tr\/2024-yaz\/egitmenler\/yusuf-duzgun\/\">Yusuf D\u00fczg\u00fcn<\/a>, <a href=\"https:\/\/kamp.linux.org.tr\/2024-yaz\/egitmenler\/osman-unalan\/\">Osman \u00dcnalan<\/a>, <a href=\"https:\/\/kamp.linux.org.tr\/2024-yaz\/egitmenler\/bahadir-bakkaloglu\/\">Bahad\u0131r Bakkalo\u011flu<\/a>, <a href=\"https:\/\/kamp.linux.org.tr\/2024-yaz\/egitmenler\/ercan-ulusoy\/\">Ercan Ulusoy<\/a><\/p>\n\n\n\n<p>GNU\/Linux&#8217;u temellerinden ba\u015flayarak \u00f6\u011frenilmesi hedefleniyor.<\/p>\n\n\n\n<p>Sistem y\u00f6neticisi, SRE, DevOps olmak; bilgi g\u00fcvenli\u011fi alan\u0131nda \u00e7al\u0131\u015fmak ya da GNU\/Linux i\u015fletim sisteminin nas\u0131l \u00e7al\u0131\u015ft\u0131\u011f\u0131n\u0131 \u00f6\u011frenmek isteyen yaz\u0131l\u0131m geli\u015ftiriciler ve kullan\u0131c\u0131lara y\u00f6nelik bir e\u011fitimdir.<\/p>\n\n\n\n<p><strong>Kat\u0131l\u0131mc\u0131lar i\u00e7in \u00f6n-\u015fartlar:<\/strong><\/p>\n\n\n\n<ul class=\"wp-block-list\">\n<li>Okudu\u011funu anlayabilecek d\u00fczeyde \u0130ngilizce bilgisi<\/li>\n\n\n\n<li>Sanal makine kurabilme \/ kullanabilme<\/li>\n<\/ul>\n\n\n\n<p><strong>Kat\u0131l\u0131mc\u0131lar\u0131n e\u011fitime bilgisayar d\u0131\u015f\u0131nda getirmesi gereken donan\u0131m\/yaz\u0131l\u0131m:<\/strong><\/p>\n\n\n\n<ul class=\"wp-block-list\">\n<li>VirtualBox sanalla\u015ft\u0131rma ortam\u0131n\u0131n Kurulmas\u0131<\/li>\n\n\n\n<li>Rocky Linux, Debian, Ubuntu, Pardus da\u011f\u0131t\u0131mlar\u0131n\u0131n en az birinin minimum paketlerle (grafik aray\u00fcz olmadan) sanal makine olarak kurulmas\u0131<\/li>\n\n\n\n<li>3 sanal makine olu\u015fturulmas\u0131, bu sanal makinelerin birbirleriyle, host (ana) bilgisayarlar\u0131 ile ileti\u015fim kurabilmesi ve \u0130nternet&#8217;e ba\u011flanabilmesi<\/li>\n<\/ul>\n\n\n\n<p><strong>E\u011fitim \u0130\u00e7eri\u011fi<\/strong><\/p>\n\n\n\n<ul class=\"wp-block-list\">\n<li>\u00d6zg\u00fcr Yaz\u0131l\u0131m Felsefesi ve Temel Kavramlar<\/li>\n\n\n\n<li>GNU\/Linux \u0130\u015fletim Sisteminin Yap\u0131s\u0131<\/li>\n\n\n\n<li>Komut Sat\u0131r\u0131 (Kabuk) ve Temel Komutlar<\/li>\n\n\n\n<li>Kabuk ve \u00d6zellikleri<\/li>\n\n\n\n<li>Kullan\u0131c\u0131 ve Grup Y\u00f6netimi<\/li>\n\n\n\n<li>Paket Y\u00f6netim Sistemi<\/li>\n\n\n\n<li>S\u00fcre\u00e7ler ve Servisler<\/li>\n\n\n\n<li>Sistem Kay\u0131tlar\u0131<\/li>\n\n\n\n<li>Depolama Ayg\u0131tlar\u0131n\u0131n Y\u00f6netimi<\/li>\n\n\n\n<li>Zamanlanm\u0131\u015f G\u00f6revler<\/li>\n\n\n\n<li>Yedekleme, Ar\u015fivleme ve S\u0131k\u0131\u015ft\u0131rma<\/li>\n\n\n\n<li>Temel TCP\/IP Bilgisi ve A\u011f Y\u00f6netimi<\/li>\n\n\n\n<li>DNS Teknolojisine Giri\u015f<\/li>\n\n\n\n<li>G\u00fcvenli Uzaktan Eri\u015fim<\/li>\n\n\n\n<li>LAMP (Apache\/PHP\/MySQL) veya LEMP (Nginx\/PHP\/MySQL) Kurulumu ve \u00d6rnek Bir Uygulaman\u0131n Ko\u015fturulmas\u0131<\/li>\n<\/ul>\n","protected":false},"excerpt":{"rendered":"<p>E\u011fitmenler: \u015eenol Ald\u0131ba\u015f, Aykut Demirci, Yusuf D\u00fczg\u00fcn, Osman \u00dcnalan, Bahad\u0131r Bakkalo\u011flu, Ercan Ulusoy GNU\/Linux&#8217;u temellerinden ba\u015flayarak \u00f6\u011frenilmesi hedefleniyor. Sistem y\u00f6neticisi, SRE, DevOps olmak; bilgi g\u00fcvenli\u011fi alan\u0131nda \u00e7al\u0131\u015fmak ya da GNU\/Linux i\u015fletim sisteminin nas\u0131l \u00e7al\u0131\u015ft\u0131\u011f\u0131n\u0131 \u00f6\u011frenmek isteyen yaz\u0131l\u0131m geli\u015ftiriciler ve kullan\u0131c\u0131lara y\u00f6nelik bir e\u011fitimdir. Kat\u0131l\u0131mc\u0131lar i\u00e7in \u00f6n-\u015fartlar: Kat\u0131l\u0131mc\u0131lar\u0131n e\u011fitime bilgisayar d\u0131\u015f\u0131nda getirmesi gereken donan\u0131m\/yaz\u0131l\u0131m: E\u011fitim \u0130\u00e7eri\u011fi<\/p>\n","protected":false},"author":1,"featured_media":0,"parent":11,"menu_order":0,"comment_status":"closed","ping_status":"closed","template":"","meta":{"footnotes":""},"class_list":["post-903","page","type-page","status-publish","hentry"],"jetpack_sharing_enabled":true,"_links":{"self":[{"href":"https:\/\/kamp.linux.org.tr\/2024-yaz\/wp-json\/wp\/v2\/pages\/903","targetHints":{"allow":["GET"]}}],"collection":[{"href":"https:\/\/kamp.linux.org.tr\/2024-yaz\/wp-json\/wp\/v2\/pages"}],"about":[{"href":"https:\/\/kamp.linux.org.tr\/2024-yaz\/wp-json\/wp\/v2\/types\/page"}],"author":[{"embeddable":true,"href":"https:\/\/kamp.linux.org.tr\/2024-yaz\/wp-json\/wp\/v2\/users\/1"}],"replies":[{"embeddable":true,"href":"https:\/\/kamp.linux.org.tr\/2024-yaz\/wp-json\/wp\/v2\/comments?post=903"}],"version-history":[{"count":3,"href":"https:\/\/kamp.linux.org.tr\/2024-yaz\/wp-json\/wp\/v2\/pages\/903\/revisions"}],"predecessor-version":[{"id":1004,"href":"https:\/\/kamp.linux.org.tr\/2024-yaz\/wp-json\/wp\/v2\/pages\/903\/revisions\/1004"}],"up":[{"embeddable":true,"href":"https:\/\/kamp.linux.org.tr\/2024-yaz\/wp-json\/wp\/v2\/pages\/11"}],"wp:attachment":[{"href":"https:\/\/kamp.linux.org.tr\/2024-yaz\/wp-json\/wp\/v2\/media?parent=903"}],"curies":[{"name":"wp","href":"https:\/\/api.w.org\/{rel}","templated":true}]}}