{"id":904,"date":"2024-07-24T11:27:49","date_gmt":"2024-07-24T08:27:49","guid":{"rendered":"https:\/\/kamp.linux.org.tr\/2024-yaz\/?page_id=904"},"modified":"2024-07-25T12:47:19","modified_gmt":"2024-07-25T09:47:19","slug":"gnu-linux-sistem-yonetimi-2-duzey","status":"publish","type":"page","link":"https:\/\/kamp.linux.org.tr\/2024-yaz\/kurslar\/gnu-linux-sistem-yonetimi-2-duzey\/","title":{"rendered":"GNU\/Linux Sistem Y\u00f6netimi 2. D\u00fczey"},"content":{"rendered":"\n<p><strong>E\u011fitmenler:<\/strong> <a href=\"https:\/\/kamp.linux.org.tr\/2024-yaz\/egitmenler\/doruk-fisek\/\">Doruk Fi\u015fek<\/a>, <a href=\"https:\/\/kamp.linux.org.tr\/2024-yaz\/egitmenler\/murathan-bostanci\/\">Murathan Bostanc\u0131<\/a>, <a href=\"https:\/\/kamp.linux.org.tr\/2024-yaz\/egitmenler\/r-engur-pisirici\/\">R. Eng\u00fcr Pi\u015firici<\/a>, <a href=\"https:\/\/kamp.linux.org.tr\/2024-yaz\/egitmenler\/osman-unalan\/\">Osman \u00dcnalan<\/a><\/p>\n\n\n\n<p>GNU\/Linux i\u015fletim sistemine hakim olan, kurs kapsam\u0131ndaki sunucu servisleri konusunda kendini geli\u015ftirmek isteyen sistem y\u00f6neticilerine y\u00f6nelik bir e\u011fitim.<\/p>\n\n\n\n<p>Daha \u00f6nce yaln\u0131zca masa\u00fcst\u00fc (desktop) sistemlerde GNU\/Linux kullanm\u0131\u015f kat\u0131l\u0131mc\u0131lar\u0131n <a href=\"https:\/\/kamp.linux.org.tr\/2024-yaz\/kurslar\/gnu-linux-sistem-yonetimi-1-duzey\/\">GNU\/Linux Sistem Y\u00f6netimi 1. D\u00fczey<\/a> e\u011fitimine kat\u0131lmalar\u0131 \u00f6nerilmektedir.<\/p>\n\n\n\n<p><strong>Kat\u0131l\u0131mc\u0131lar i\u00e7in \u00f6n-\u015fartlar:<\/strong><\/p>\n\n\n\n<ul class=\"wp-block-list\">\n<li><a href=\"https:\/\/kamp.linux.org.tr\/2024-yaz\/kurslar\/gnu-linux-sistem-yonetimi-1-duzey\/\">GNU\/Linux Sistem Y\u00f6netimi 1. D\u00fczey<\/a> konular\u0131na hakim olmak<\/li>\n\n\n\n<li>Okudu\u011funu anlayabilecek d\u00fczeyde \u0130ngilizce bilgisine sahip olmak<\/li>\n\n\n\n<li>Sanal makine ile bu makineler aras\u0131nda sanal a\u011f kurabilmek ve kullanabilmek<\/li>\n<\/ul>\n\n\n\n<p><strong>Kat\u0131l\u0131mc\u0131lar\u0131n e\u011fitime bilgisayar d\u0131\u015f\u0131nda getirmesi gereken donan\u0131m\/yaz\u0131l\u0131m:<\/strong><\/p>\n\n\n\n<ul class=\"wp-block-list\">\n<li>VirtualBox sanalla\u015ft\u0131rma ortam\u0131n\u0131n kurulmas\u0131<\/li>\n\n\n\n<li>Rocky Linux, Debian, Ubuntu, Pardus da\u011f\u0131t\u0131mlar\u0131n\u0131n en az birinin minimum paketlerle (grafik aray\u00fcz olmadan) sanal makine olarak kurulmas\u0131<\/li>\n\n\n\n<li>3 sanal makine olu\u015fturulmas\u0131, bu sanal makinelerin birbirleriyle, host (ana) bilgisayarlar\u0131 ile ileti\u015fim kurabilmesi ve \u0130nternet&#8217;e ba\u011flanabilmesi<\/li>\n<\/ul>\n\n\n\n<p><strong>Kursun ilk g\u00fcn\u00fc de\u011ferlendirme:<\/strong><\/p>\n\n\n\n<p>Kamp\u0131n ilk g\u00fcn\u00fc; bu e\u011fitime ba\u015fvurusu kabul edilenlere, <a href=\"https:\/\/kamp.linux.org.tr\/2024-yaz\/kurslar\/gnu-linux-sistem-yonetimi-1-duzey\/\">GNU\/Linux Sistem Y\u00f6netimi 1. D\u00fczey<\/a> konular\u0131ndan uygulamal\u0131 bir s\u0131nav yap\u0131lacakt\u0131r. S\u0131nav ezber bilgisi ya da \u00e7\u00f6zme h\u0131z\u0131 \u00f6l\u00e7memektedir. S\u0131nav i\u00e7in bir s\u00fcre s\u0131n\u0131rlamas\u0131 bulunmuyor, s\u0131nav s\u0131ras\u0131nda kat\u0131l\u0131mc\u0131lar bilgisayarlar\u0131n\u0131 ve \u0130nternet&#8217;i kullanabiliyorlar.<\/p>\n\n\n\n<p>S\u0131nav sonucunda yeterli d\u00fczeyde olmayanlar ancak yeterli kontenjan olmas\u0131 halinde <a href=\"https:\/\/kamp.linux.org.tr\/2024-yaz\/kurslar\/gnu-linux-sistem-yonetimi-1-duzey\/\">GNU\/Linux Sistem Y\u00f6netimi 1. D\u00fczey<\/a> e\u011fitimine ya da <a href=\"https:\/\/kamp.linux.org.tr\/2024-yaz\/kurslar\/ag-yonetimine-giris\/\">A\u011f Y\u00f6netimine Giri\u015f<\/a> e\u011fitimine al\u0131nabilecektir. <strong>Kontenjan olmamas\u0131 halinde kamptan ayr\u0131lmalar\u0131 istenecektir<\/strong>.<\/p>\n\n\n\n<p><strong>E\u011fitim \u0130\u00e7eri\u011fi:<\/strong><\/p>\n\n\n\n<ul class=\"wp-block-list\">\n<li>Web Servisi<\/li>\n\n\n\n<li>E-posta Servisi<\/li>\n\n\n\n<li>A\u011f Y\u00f6netimi Uygulamalar\u0131<\/li>\n\n\n\n<li>G\u00fcvenlik Duvar\u0131<\/li>\n\n\n\n<li>Bilgi G\u00fcvenli\u011fi Temelleri<\/li>\n\n\n\n<li>Zaman (NTP) Servisi<\/li>\n\n\n\n<li>Sanalla\u015ft\u0131rma<\/li>\n\n\n\n<li>Dosya Sunucusu\/Depolamas\u0131<\/li>\n\n\n\n<li>PostgreSQL Veritaban\u0131 Servisi<\/li>\n\n\n\n<li>Merkezi Log Servisi<\/li>\n\n\n\n<li>Dizin (LDAP) Servisi<\/li>\n<\/ul>\n","protected":false},"excerpt":{"rendered":"<p>E\u011fitmenler: Doruk Fi\u015fek, Murathan Bostanc\u0131, R. Eng\u00fcr Pi\u015firici, Osman \u00dcnalan GNU\/Linux i\u015fletim sistemine hakim olan, kurs kapsam\u0131ndaki sunucu servisleri konusunda kendini geli\u015ftirmek isteyen sistem y\u00f6neticilerine y\u00f6nelik bir e\u011fitim. Daha \u00f6nce yaln\u0131zca masa\u00fcst\u00fc (desktop) sistemlerde GNU\/Linux kullanm\u0131\u015f kat\u0131l\u0131mc\u0131lar\u0131n GNU\/Linux Sistem Y\u00f6netimi 1. D\u00fczey e\u011fitimine kat\u0131lmalar\u0131 \u00f6nerilmektedir. Kat\u0131l\u0131mc\u0131lar i\u00e7in \u00f6n-\u015fartlar: Kat\u0131l\u0131mc\u0131lar\u0131n e\u011fitime bilgisayar d\u0131\u015f\u0131nda getirmesi gereken donan\u0131m\/yaz\u0131l\u0131m: [&hellip;]<\/p>\n","protected":false},"author":1,"featured_media":0,"parent":11,"menu_order":0,"comment_status":"closed","ping_status":"closed","template":"","meta":{"footnotes":""},"class_list":["post-904","page","type-page","status-publish","hentry"],"jetpack_sharing_enabled":true,"_links":{"self":[{"href":"https:\/\/kamp.linux.org.tr\/2024-yaz\/wp-json\/wp\/v2\/pages\/904","targetHints":{"allow":["GET"]}}],"collection":[{"href":"https:\/\/kamp.linux.org.tr\/2024-yaz\/wp-json\/wp\/v2\/pages"}],"about":[{"href":"https:\/\/kamp.linux.org.tr\/2024-yaz\/wp-json\/wp\/v2\/types\/page"}],"author":[{"embeddable":true,"href":"https:\/\/kamp.linux.org.tr\/2024-yaz\/wp-json\/wp\/v2\/users\/1"}],"replies":[{"embeddable":true,"href":"https:\/\/kamp.linux.org.tr\/2024-yaz\/wp-json\/wp\/v2\/comments?post=904"}],"version-history":[{"count":8,"href":"https:\/\/kamp.linux.org.tr\/2024-yaz\/wp-json\/wp\/v2\/pages\/904\/revisions"}],"predecessor-version":[{"id":1022,"href":"https:\/\/kamp.linux.org.tr\/2024-yaz\/wp-json\/wp\/v2\/pages\/904\/revisions\/1022"}],"up":[{"embeddable":true,"href":"https:\/\/kamp.linux.org.tr\/2024-yaz\/wp-json\/wp\/v2\/pages\/11"}],"wp:attachment":[{"href":"https:\/\/kamp.linux.org.tr\/2024-yaz\/wp-json\/wp\/v2\/media?parent=904"}],"curies":[{"name":"wp","href":"https:\/\/api.w.org\/{rel}","templated":true}]}}