{"id":913,"date":"2024-07-24T11:34:43","date_gmt":"2024-07-24T08:34:43","guid":{"rendered":"https:\/\/kamp.linux.org.tr\/2024-yaz\/?page_id=913"},"modified":"2024-07-25T12:47:25","modified_gmt":"2024-07-25T09:47:25","slug":"kubernetes-ve-konteyner-dunyasi","status":"publish","type":"page","link":"https:\/\/kamp.linux.org.tr\/2024-yaz\/kurslar\/kubernetes-ve-konteyner-dunyasi\/","title":{"rendered":"Kubernetes ve Konteyner D\u00fcnyas\u0131"},"content":{"rendered":"\n<p><strong>E\u011fitmenler:<\/strong> <a href=\"https:\/\/kamp.linux.org.tr\/2024-yaz\/egitmenler\/murtaza-sarialtun\/\">Murtaza Sar\u0131altun<\/a>, <a href=\"https:\/\/kamp.linux.org.tr\/2024-yaz\/egitmenler\/berkay-guclu\/\">Berkay G\u00fc\u00e7l\u00fc<\/a><\/p>\n\n\n\n<p>Konteyner ve Kubernetes ekosisteminin temellerine dair pratik bilgiler ve modern uygulama da\u011f\u0131t\u0131m\u0131n\u0131n ve y\u00f6netiminin temellerini kapsar. Bu y\u0131l k\u0131\u015f kamp\u0131nda verilen &#8220;giri\u015f&#8221; e\u011fitiminin geni\u015fletilmi\u015fidir.<\/p>\n\n\n\n<p><strong>Kat\u0131l\u0131mc\u0131lar i\u00e7in \u00f6n-\u015fartlar:<\/strong><\/p>\n\n\n\n<ul class=\"wp-block-list\">\n<li><a href=\"https:\/\/kamp.linux.org.tr\/2024-yaz\/kurslar\/gnu-linux-sistem-yonetimi-1-duzey\/\">GNU\/Linux Sistem Y\u00f6netimi 1. D\u00fczey<\/a> konular\u0131na hakim olmak<\/li>\n\n\n\n<li>Okudu\u011funu anlayabilecek d\u00fczeyde \u0130ngilizce bilgisine sahip olmak<\/li>\n\n\n\n<li>Sanal makine ile bu makineler aras\u0131nda sanal a\u011f kurabilmek ve kullanabilmek<\/li>\n<\/ul>\n\n\n\n<p><strong>Kursun ilk g\u00fcn\u00fc de\u011ferlendirme:<\/strong><\/p>\n\n\n\n<p>Kamp\u0131n ilk g\u00fcn\u00fc; bu e\u011fitime ba\u015fvurusu kabul edilenlere, <a href=\"https:\/\/kamp.linux.org.tr\/2024-yaz\/kurslar\/gnu-linux-sistem-yonetimi-1-duzey\/\">GNU\/Linux Sistem Y\u00f6netimi 1. D\u00fczey<\/a> konular\u0131ndan uygulamal\u0131 bir s\u0131nav yap\u0131lacakt\u0131r. S\u0131nav ezber bilgisi ya da \u00e7\u00f6zme h\u0131z\u0131 \u00f6l\u00e7memektedir. S\u0131nav i\u00e7in bir s\u00fcre s\u0131n\u0131rlamas\u0131 bulunmuyor, s\u0131nav s\u0131ras\u0131nda kat\u0131l\u0131mc\u0131lar bilgisayarlar\u0131n\u0131 ve \u0130nternet&#8217;i kullanabiliyorlar.<\/p>\n\n\n\n<p>S\u0131nav sonucunda yeterli d\u00fczeyde olmayanlar ancak yeterli kontenjan olmas\u0131 halinde <a href=\"https:\/\/kamp.linux.org.tr\/2024-yaz\/kurslar\/gnu-linux-sistem-yonetimi-1-duzey\/\">GNU\/Linux Sistem Y\u00f6netimi 1. D\u00fczey<\/a> e\u011fitimine ya da <a href=\"https:\/\/kamp.linux.org.tr\/2024-yaz\/kurslar\/ag-yonetimine-giris\/\">A\u011f Y\u00f6netimine Giri\u015f<\/a> e\u011fitimine al\u0131nabilecektir. <strong><em>Kontenjan olmamas\u0131 halinde kamptan ayr\u0131lmalar\u0131 istenecektir.<\/em><\/strong><\/p>\n\n\n\n<p><strong>E\u011fitim \u0130\u00e7eri\u011fi:<\/strong><\/p>\n\n\n\n<ul class=\"wp-block-list\">\n<li>Konteynerler (Container) Nedir? Neden?<\/li>\n\n\n\n<li>Kubernetes Mimarisi<\/li>\n\n\n\n<li>Kubernetes Kavramlar\u0131<\/li>\n\n\n\n<li>Kubernetes Kurulumu<\/li>\n\n\n\n<li>Kubernetes Yetkilendirme<\/li>\n\n\n\n<li>Kubernetes ile \u00c7al\u0131\u015fma<\/li>\n\n\n\n<li>Pod ve \u0130maj Y\u00f6netimi<\/li>\n\n\n\n<li>Uygulama Log ve \u0130zlenebilirlik (Monitoring) Y\u00f6ntemleri<\/li>\n\n\n\n<li>Kubernetes ile Uygulama Eri\u015filebilirli\u011fi<\/li>\n\n\n\n<li>Kubernetes ile Y\u00fcksek Eri\u015filebilirlik (HA)<\/li>\n\n\n\n<li>Kal\u0131c\u0131 (Persistent) Depolama (Storage)<\/li>\n\n\n\n<li>Kal\u0131c\u0131 Uygulama \u00c7al\u0131\u015ft\u0131rma<\/li>\n\n\n\n<li>K\u00fcme ve Node \u0130\u015flemleri<\/li>\n\n\n\n<li>Kubernetes Servis Sa\u011flay\u0131c\u0131lar\u0131<\/li>\n\n\n\n<li>Kubernetes&#8217;in G\u00fcncellenmesi<\/li>\n<\/ul>\n","protected":false},"excerpt":{"rendered":"<p>E\u011fitmenler: Murtaza Sar\u0131altun, Berkay G\u00fc\u00e7l\u00fc Konteyner ve Kubernetes ekosisteminin temellerine dair pratik bilgiler ve modern uygulama da\u011f\u0131t\u0131m\u0131n\u0131n ve y\u00f6netiminin temellerini kapsar. Bu y\u0131l k\u0131\u015f kamp\u0131nda verilen &#8220;giri\u015f&#8221; e\u011fitiminin geni\u015fletilmi\u015fidir. Kat\u0131l\u0131mc\u0131lar i\u00e7in \u00f6n-\u015fartlar: Kursun ilk g\u00fcn\u00fc de\u011ferlendirme: Kamp\u0131n ilk g\u00fcn\u00fc; bu e\u011fitime ba\u015fvurusu kabul edilenlere, GNU\/Linux Sistem Y\u00f6netimi 1. D\u00fczey konular\u0131ndan uygulamal\u0131 bir s\u0131nav yap\u0131lacakt\u0131r. S\u0131nav [&hellip;]<\/p>\n","protected":false},"author":1,"featured_media":0,"parent":11,"menu_order":0,"comment_status":"closed","ping_status":"closed","template":"","meta":{"footnotes":""},"class_list":["post-913","page","type-page","status-publish","hentry"],"jetpack_sharing_enabled":true,"_links":{"self":[{"href":"https:\/\/kamp.linux.org.tr\/2024-yaz\/wp-json\/wp\/v2\/pages\/913","targetHints":{"allow":["GET"]}}],"collection":[{"href":"https:\/\/kamp.linux.org.tr\/2024-yaz\/wp-json\/wp\/v2\/pages"}],"about":[{"href":"https:\/\/kamp.linux.org.tr\/2024-yaz\/wp-json\/wp\/v2\/types\/page"}],"author":[{"embeddable":true,"href":"https:\/\/kamp.linux.org.tr\/2024-yaz\/wp-json\/wp\/v2\/users\/1"}],"replies":[{"embeddable":true,"href":"https:\/\/kamp.linux.org.tr\/2024-yaz\/wp-json\/wp\/v2\/comments?post=913"}],"version-history":[{"count":4,"href":"https:\/\/kamp.linux.org.tr\/2024-yaz\/wp-json\/wp\/v2\/pages\/913\/revisions"}],"predecessor-version":[{"id":1023,"href":"https:\/\/kamp.linux.org.tr\/2024-yaz\/wp-json\/wp\/v2\/pages\/913\/revisions\/1023"}],"up":[{"embeddable":true,"href":"https:\/\/kamp.linux.org.tr\/2024-yaz\/wp-json\/wp\/v2\/pages\/11"}],"wp:attachment":[{"href":"https:\/\/kamp.linux.org.tr\/2024-yaz\/wp-json\/wp\/v2\/media?parent=913"}],"curies":[{"name":"wp","href":"https:\/\/api.w.org\/{rel}","templated":true}]}}