{"id":925,"date":"2024-07-24T11:47:41","date_gmt":"2024-07-24T08:47:41","guid":{"rendered":"https:\/\/kamp.linux.org.tr\/2024-yaz\/?page_id=925"},"modified":"2024-07-24T21:30:39","modified_gmt":"2024-07-24T18:30:39","slug":"linuxun-ic-yapisi-bpf-xdp-ye-giris","status":"publish","type":"page","link":"https:\/\/kamp.linux.org.tr\/2024-yaz\/kurslar\/linuxun-ic-yapisi-bpf-xdp-ye-giris\/","title":{"rendered":"Linux&#8217;un \u0130\u00e7 Yap\u0131s\u0131: BPF \/ XDP &#8216;ye giri\u015f"},"content":{"rendered":"\n<p><strong>E\u011fitmenler:<\/strong> <a href=\"https:\/\/kamp.linux.org.tr\/2024-yaz\/egitmenler\/r-engur-pisirici\/\">R. Eng\u00fcr Pi\u015firici<\/a>, <a href=\"https:\/\/kamp.linux.org.tr\/2024-yaz\/egitmenler\/metin-ozyildirim\/\">Metin \u00d6zy\u0131ld\u0131r\u0131m<\/a><\/p>\n\n\n\n<p><strong>Linux \u00c7ekirde\u011fi<\/strong> etraf\u0131nda \u00f6zelle\u015fmi\u015f bir i\u015fletim sisteminde \u00e7ekirdek-i\u00e7i sanal makinelerinden <strong>BPF<\/strong>\u2019nin yard\u0131m\u0131 ile ekspres veri yolu <strong>XDP<\/strong>\u2019yi ke\u015ffetmeyi hedefleyen giri\u015f e\u011fitimidir.<\/p>\n\n\n\n<p><strong>Kat\u0131l\u0131mc\u0131lar i\u00e7in \u00f6n-\u015fartlar:<\/strong><\/p>\n\n\n\n<ul class=\"wp-block-list\">\n<li>Temel d\u00fczey: Linux \u00c7ekirde\u011fi, Programlama (C,asm), TCP\/IP Stack, BSD sockets, A\u011f Programlama<\/li>\n\n\n\n<li>Orta d\u00fczey: Betik Programlama, (GNU\/)Linux Da\u011f\u0131t\u0131mlar\u0131ndan birine hakimiyet, Computer Organization, Digital Design, Operating Systems<\/li>\n\n\n\n<li>\u0130leri d\u00fczey: Bili\u015fim okurlu\u011fu, konu hakk\u0131nda motivasyon<\/li>\n\n\n\n<li>*2 \u00c7ekirdek\/4 hyperthreadli, min. 6 GB RAMli, 500 GB bo\u015f yeri olan bir diz\u00fcst\u00fc bilgisayara (laptop) sahip olmak<\/li>\n\n\n\n<li>En az 10m uzunlu\u011funda cat5e\/6 utp kablo&#8217;ya sahip olmak<\/li>\n\n\n\n<li>(GNU\/)Linux \u00e7ekirde\u011fi kullanan bir da\u011f\u0131t\u0131m\u0131 masa\u00fcst\u00fc olarak kullanm\u0131\u015f olmak<\/li>\n\n\n\n<li>Virtualbox 64bit gibi bir sanalla\u015ft\u0131rma ortam\u0131n\u0131n g\u00fcncel s\u00fcr\u00fcmlerini deneyimlemi\u015f olmak<\/li>\n\n\n\n<li>D\u00fcr\u00fcst olmak, ne eksik ne fazlay\u0131 g\u00f6stermek!<\/li>\n<\/ul>\n\n\n\n<p><strong>Kat\u0131l\u0131mc\u0131lar\u0131n e\u011fitime bilgisayar d\u0131\u015f\u0131nda getirmesi gereken donan\u0131m\/yaz\u0131l\u0131m:<\/strong><\/p>\n\n\n\n<ul class=\"wp-block-list\">\n<li>Kamp ba\u015flama tarihine kadar e\u011fitmenin isteyebilece\u011fi dosyalar\u0131 indirmek, bilgisayar\u0131n\u0131z\u0131 ayarlamak, a\u00e7\u0131lacak Telegram grubuna \u00fcye olmak, verilecek \u00f6devleri yapmak<\/li>\n\n\n\n<li>Herhangi bir durum de\u011fi\u015fikli\u011finde, derhal e\u011fitmene haber vermek<\/li>\n<\/ul>\n\n\n\n<p><strong>E\u011fitim \u0130\u00e7eri\u011fi:<\/strong><\/p>\n\n\n\n<ul class=\"wp-block-list\">\n<li>(e)BPF nedir? Ni\u00e7in g\u00fcndemi <strong>me\u015fgul ediyor<\/strong>?<\/li>\n\n\n\n<li>BPF ile bir &#8220;merhaba d\u00fcnya&#8221; \u00f6rnek program\u0131<\/li>\n\n\n\n<li>BPF program\u0131n\u0131n anatomisi<\/li>\n\n\n\n<li><strong>bpf ()<\/strong> sistem \u00e7a\u011fr\u0131s\u0131<\/li>\n\n\n\n<li><strong>CO-RE<\/strong>, <strong>BTF<\/strong> ve <strong>libbpf<\/strong><\/li>\n\n\n\n<li><strong>Do\u011frulay\u0131c\u0131lar<\/strong> nedir? <strong>Alexei<\/strong> (<strong>linux<\/strong> kernel) ile <strong>Prevail<\/strong> (<strong>nt<\/strong> kernel)<\/li>\n\n\n\n<li>BPF <strong>program<\/strong> ve <strong>eklenti<\/strong> tipleri<\/li>\n\n\n\n<li>BPF Programlamaya bir bak\u0131\u015f. \/ kullan\u0131c\u0131 uzay\u0131 ve \u00e7ekirdek uzay\u0131 etkile\u015fimi<\/li>\n\n\n\n<li>A\u011f programlama \/ paket i\u015fleme i\u00e7in <strong>BPF<\/strong>! ve <strong>XDP<\/strong>&#8216;ye merhaba!<\/li>\n\n\n\n<li>\u00d6rnekler<\/li>\n<\/ul>\n","protected":false},"excerpt":{"rendered":"<p>E\u011fitmenler: R. Eng\u00fcr Pi\u015firici, Metin \u00d6zy\u0131ld\u0131r\u0131m Linux \u00c7ekirde\u011fi etraf\u0131nda \u00f6zelle\u015fmi\u015f bir i\u015fletim sisteminde \u00e7ekirdek-i\u00e7i sanal makinelerinden BPF\u2019nin yard\u0131m\u0131 ile ekspres veri yolu XDP\u2019yi ke\u015ffetmeyi hedefleyen giri\u015f e\u011fitimidir. Kat\u0131l\u0131mc\u0131lar i\u00e7in \u00f6n-\u015fartlar: Kat\u0131l\u0131mc\u0131lar\u0131n e\u011fitime bilgisayar d\u0131\u015f\u0131nda getirmesi gereken donan\u0131m\/yaz\u0131l\u0131m: E\u011fitim \u0130\u00e7eri\u011fi:<\/p>\n","protected":false},"author":1,"featured_media":0,"parent":11,"menu_order":0,"comment_status":"closed","ping_status":"closed","template":"","meta":{"footnotes":""},"class_list":["post-925","page","type-page","status-publish","hentry"],"jetpack_sharing_enabled":true,"_links":{"self":[{"href":"https:\/\/kamp.linux.org.tr\/2024-yaz\/wp-json\/wp\/v2\/pages\/925","targetHints":{"allow":["GET"]}}],"collection":[{"href":"https:\/\/kamp.linux.org.tr\/2024-yaz\/wp-json\/wp\/v2\/pages"}],"about":[{"href":"https:\/\/kamp.linux.org.tr\/2024-yaz\/wp-json\/wp\/v2\/types\/page"}],"author":[{"embeddable":true,"href":"https:\/\/kamp.linux.org.tr\/2024-yaz\/wp-json\/wp\/v2\/users\/1"}],"replies":[{"embeddable":true,"href":"https:\/\/kamp.linux.org.tr\/2024-yaz\/wp-json\/wp\/v2\/comments?post=925"}],"version-history":[{"count":2,"href":"https:\/\/kamp.linux.org.tr\/2024-yaz\/wp-json\/wp\/v2\/pages\/925\/revisions"}],"predecessor-version":[{"id":1009,"href":"https:\/\/kamp.linux.org.tr\/2024-yaz\/wp-json\/wp\/v2\/pages\/925\/revisions\/1009"}],"up":[{"embeddable":true,"href":"https:\/\/kamp.linux.org.tr\/2024-yaz\/wp-json\/wp\/v2\/pages\/11"}],"wp:attachment":[{"href":"https:\/\/kamp.linux.org.tr\/2024-yaz\/wp-json\/wp\/v2\/media?parent=925"}],"curies":[{"name":"wp","href":"https:\/\/api.w.org\/{rel}","templated":true}]}}