{"id":972,"date":"2024-07-24T21:08:40","date_gmt":"2024-07-24T18:08:40","guid":{"rendered":"https:\/\/kamp.linux.org.tr\/2024-yaz\/?page_id=972"},"modified":"2024-07-24T21:19:10","modified_gmt":"2024-07-24T18:19:10","slug":"murathan-bostanci","status":"publish","type":"page","link":"https:\/\/kamp.linux.org.tr\/2024-yaz\/egitmenler\/murathan-bostanci\/","title":{"rendered":"Murathan Bostanc\u0131"},"content":{"rendered":"\n<p>Verdi\u011fi E\u011fitim : <a href=\"https:\/\/kamp.linux.org.tr\/2024-yaz\/kurslar\/gnu-linux-sistem-yonetimi-2-duzey\/\">GNU\/Linux Sistem Y\u00f6netimi 2. D\u00fczey<\/a><\/p>\n\n\n\n<p>\u00c7al\u0131\u015ft\u0131\u011f\u0131 Kurum : Profelis Bili\u015fim &#8211; K\u0131demli Sistem Mimar\u0131<br>                                  Para Bilgi Teknolojileri &#8211; Kurucu Ortak<\/p>\n\n\n\n<figure class=\"wp-block-image size-full\"><img loading=\"lazy\" decoding=\"async\" width=\"597\" height=\"116\" src=\"https:\/\/kamp.linux.org.tr\/2024-yaz\/wp-content\/uploads\/sites\/6\/2024\/07\/Profelis.png\" alt=\"\" class=\"wp-image-858\" srcset=\"https:\/\/kamp.linux.org.tr\/2024-yaz\/wp-content\/uploads\/sites\/6\/2024\/07\/Profelis.png 597w, https:\/\/kamp.linux.org.tr\/2024-yaz\/wp-content\/uploads\/sites\/6\/2024\/07\/Profelis-300x58.png 300w\" sizes=\"auto, (max-width: 597px) 100vw, 597px\" \/><\/figure>\n\n\n\n<p>Web Sitesi : <a href=\"https:\/\/profelis.com.tr\/\">https:\/\/profelis.com.tr\/<\/a><\/p>\n\n\n\n<p><\/p>\n","protected":false},"excerpt":{"rendered":"<p>Verdi\u011fi E\u011fitim : GNU\/Linux Sistem Y\u00f6netimi 2. D\u00fczey \u00c7al\u0131\u015ft\u0131\u011f\u0131 Kurum : Profelis Bili\u015fim &#8211; K\u0131demli Sistem Mimar\u0131 Para Bilgi Teknolojileri &#8211; Kurucu Ortak Web Sitesi : https:\/\/profelis.com.tr\/<\/p>\n","protected":false},"author":2,"featured_media":0,"parent":12,"menu_order":0,"comment_status":"closed","ping_status":"closed","template":"","meta":{"footnotes":""},"class_list":["post-972","page","type-page","status-publish","hentry"],"jetpack_sharing_enabled":true,"_links":{"self":[{"href":"https:\/\/kamp.linux.org.tr\/2024-yaz\/wp-json\/wp\/v2\/pages\/972","targetHints":{"allow":["GET"]}}],"collection":[{"href":"https:\/\/kamp.linux.org.tr\/2024-yaz\/wp-json\/wp\/v2\/pages"}],"about":[{"href":"https:\/\/kamp.linux.org.tr\/2024-yaz\/wp-json\/wp\/v2\/types\/page"}],"author":[{"embeddable":true,"href":"https:\/\/kamp.linux.org.tr\/2024-yaz\/wp-json\/wp\/v2\/users\/2"}],"replies":[{"embeddable":true,"href":"https:\/\/kamp.linux.org.tr\/2024-yaz\/wp-json\/wp\/v2\/comments?post=972"}],"version-history":[{"count":3,"href":"https:\/\/kamp.linux.org.tr\/2024-yaz\/wp-json\/wp\/v2\/pages\/972\/revisions"}],"predecessor-version":[{"id":986,"href":"https:\/\/kamp.linux.org.tr\/2024-yaz\/wp-json\/wp\/v2\/pages\/972\/revisions\/986"}],"up":[{"embeddable":true,"href":"https:\/\/kamp.linux.org.tr\/2024-yaz\/wp-json\/wp\/v2\/pages\/12"}],"wp:attachment":[{"href":"https:\/\/kamp.linux.org.tr\/2024-yaz\/wp-json\/wp\/v2\/media?parent=972"}],"curies":[{"name":"wp","href":"https:\/\/api.w.org\/{rel}","templated":true}]}}