{"id":979,"date":"2024-07-24T21:13:51","date_gmt":"2024-07-24T18:13:51","guid":{"rendered":"https:\/\/kamp.linux.org.tr\/2024-yaz\/?page_id=979"},"modified":"2024-07-24T21:13:53","modified_gmt":"2024-07-24T18:13:53","slug":"numan-ozdemir","status":"publish","type":"page","link":"https:\/\/kamp.linux.org.tr\/2024-yaz\/egitmenler\/numan-ozdemir\/","title":{"rendered":"Numan \u00d6zdemir"},"content":{"rendered":"\n<p>Verdi\u011fi E\u011fitim : <a href=\"https:\/\/kamp.linux.org.tr\/2024-yaz\/kurslar\/blokzincir-ile-web3e-giris\/\">Blokzincir ile Web3&#8217;e Giri\u015f<\/a><\/p>\n\n\n\n<p><\/p>\n","protected":false},"excerpt":{"rendered":"<p>Verdi\u011fi E\u011fitim : Blokzincir ile Web3&#8217;e Giri\u015f<\/p>\n","protected":false},"author":2,"featured_media":0,"parent":12,"menu_order":0,"comment_status":"closed","ping_status":"closed","template":"","meta":{"footnotes":""},"class_list":["post-979","page","type-page","status-publish","hentry"],"jetpack_sharing_enabled":true,"_links":{"self":[{"href":"https:\/\/kamp.linux.org.tr\/2024-yaz\/wp-json\/wp\/v2\/pages\/979","targetHints":{"allow":["GET"]}}],"collection":[{"href":"https:\/\/kamp.linux.org.tr\/2024-yaz\/wp-json\/wp\/v2\/pages"}],"about":[{"href":"https:\/\/kamp.linux.org.tr\/2024-yaz\/wp-json\/wp\/v2\/types\/page"}],"author":[{"embeddable":true,"href":"https:\/\/kamp.linux.org.tr\/2024-yaz\/wp-json\/wp\/v2\/users\/2"}],"replies":[{"embeddable":true,"href":"https:\/\/kamp.linux.org.tr\/2024-yaz\/wp-json\/wp\/v2\/comments?post=979"}],"version-history":[{"count":1,"href":"https:\/\/kamp.linux.org.tr\/2024-yaz\/wp-json\/wp\/v2\/pages\/979\/revisions"}],"predecessor-version":[{"id":980,"href":"https:\/\/kamp.linux.org.tr\/2024-yaz\/wp-json\/wp\/v2\/pages\/979\/revisions\/980"}],"up":[{"embeddable":true,"href":"https:\/\/kamp.linux.org.tr\/2024-yaz\/wp-json\/wp\/v2\/pages\/12"}],"wp:attachment":[{"href":"https:\/\/kamp.linux.org.tr\/2024-yaz\/wp-json\/wp\/v2\/media?parent=979"}],"curies":[{"name":"wp","href":"https:\/\/api.w.org\/{rel}","templated":true}]}}