{"id":995,"date":"2024-07-24T21:23:50","date_gmt":"2024-07-24T18:23:50","guid":{"rendered":"https:\/\/kamp.linux.org.tr\/2024-yaz\/?page_id=995"},"modified":"2024-07-24T21:23:51","modified_gmt":"2024-07-24T18:23:51","slug":"senol-aldibas","status":"publish","type":"page","link":"https:\/\/kamp.linux.org.tr\/2024-yaz\/egitmenler\/senol-aldibas\/","title":{"rendered":"\u015eenol Ald\u0131ba\u015f"},"content":{"rendered":"\n<p>Verdi\u011fi E\u011fitim : <a href=\"https:\/\/kamp.linux.org.tr\/2024-yaz\/kurslar\/gnu-linux-sistem-yonetimi-1-duzey\/\">GNU\/Linux Sistem Y\u00f6netimi 1. D\u00fczey<\/a><\/p>\n\n\n\n<p><\/p>\n","protected":false},"excerpt":{"rendered":"<p>Verdi\u011fi E\u011fitim : GNU\/Linux Sistem Y\u00f6netimi 1. D\u00fczey<\/p>\n","protected":false},"author":2,"featured_media":0,"parent":12,"menu_order":0,"comment_status":"closed","ping_status":"closed","template":"","meta":{"footnotes":""},"class_list":["post-995","page","type-page","status-publish","hentry"],"jetpack_sharing_enabled":true,"_links":{"self":[{"href":"https:\/\/kamp.linux.org.tr\/2024-yaz\/wp-json\/wp\/v2\/pages\/995","targetHints":{"allow":["GET"]}}],"collection":[{"href":"https:\/\/kamp.linux.org.tr\/2024-yaz\/wp-json\/wp\/v2\/pages"}],"about":[{"href":"https:\/\/kamp.linux.org.tr\/2024-yaz\/wp-json\/wp\/v2\/types\/page"}],"author":[{"embeddable":true,"href":"https:\/\/kamp.linux.org.tr\/2024-yaz\/wp-json\/wp\/v2\/users\/2"}],"replies":[{"embeddable":true,"href":"https:\/\/kamp.linux.org.tr\/2024-yaz\/wp-json\/wp\/v2\/comments?post=995"}],"version-history":[{"count":1,"href":"https:\/\/kamp.linux.org.tr\/2024-yaz\/wp-json\/wp\/v2\/pages\/995\/revisions"}],"predecessor-version":[{"id":996,"href":"https:\/\/kamp.linux.org.tr\/2024-yaz\/wp-json\/wp\/v2\/pages\/995\/revisions\/996"}],"up":[{"embeddable":true,"href":"https:\/\/kamp.linux.org.tr\/2024-yaz\/wp-json\/wp\/v2\/pages\/12"}],"wp:attachment":[{"href":"https:\/\/kamp.linux.org.tr\/2024-yaz\/wp-json\/wp\/v2\/media?parent=995"}],"curies":[{"name":"wp","href":"https:\/\/api.w.org\/{rel}","templated":true}]}}