{"id":12,"date":"2022-07-06T12:57:32","date_gmt":"2022-07-06T09:57:32","guid":{"rendered":"https:\/\/kamp.linux.org.tr\/2022\/?page_id=12"},"modified":"2025-01-15T21:28:54","modified_gmt":"2025-01-15T18:28:54","slug":"egitmenler","status":"publish","type":"page","link":"https:\/\/kamp.linux.org.tr\/2025-kis\/egitmenler\/","title":{"rendered":"E\u011fitmenler"},"content":{"rendered":"\n<ul class=\"wp-block-list\">\n<li><a href=\"https:\/\/kamp.linux.org.tr\/2025-kis\/egitmenler\/adem-dogan\/\">Adem Do\u011fan<\/a><\/li>\n\n\n\n<li><a href=\"https:\/\/kamp.linux.org.tr\/2025-kis\/egitmenler\/ahmetcan-irdem\/\" data-type=\"page\" data-id=\"1630\">Ahmetcan \u0130rdem<\/a><\/li>\n\n\n\n<li><a href=\"https:\/\/kamp.linux.org.tr\/2025-kis\/egitmenler\/armagan-karabina\/\" data-type=\"page\" data-id=\"1710\">Arma\u011fan Karabina<\/a><\/li>\n\n\n\n<li><a href=\"https:\/\/kamp.linux.org.tr\/2025-kis\/egitmenler\/aykut-demirci\/\" data-type=\"page\" data-id=\"1633\">Aykut Demirci<\/a><\/li>\n\n\n\n<li><a href=\"https:\/\/kamp.linux.org.tr\/2025-kis\/egitmenler\/azim-can-kuruca\/\" data-type=\"page\" data-id=\"1714\">Azim Can Kuruca<\/a><\/li>\n\n\n\n<li><a href=\"https:\/\/kamp.linux.org.tr\/2025-kis\/egitmenler\/bahadir-bakkaloglu\/\">Bahad\u0131r Bakkalo\u011flu<\/a><\/li>\n\n\n\n<li><a href=\"https:\/\/kamp.linux.org.tr\/2025-kis\/egitmenler\/berika-sener\/\" data-type=\"page\" data-id=\"1631\">Berika \u015eener<\/a><\/li>\n\n\n\n<li><a href=\"https:\/\/kamp.linux.org.tr\/2025-kis\/egitmenler\/berkay-guclu\/\" data-type=\"page\" data-id=\"1566\">Berkay G\u00fc\u00e7l\u00fc<\/a><\/li>\n\n\n\n<li><a href=\"https:\/\/kamp.linux.org.tr\/2025-kis\/egitmenler\/doruk-fisek\/\" data-type=\"page\" data-id=\"1626\">Doruk Fi\u015fek<\/a><\/li>\n\n\n\n<li><a href=\"https:\/\/kamp.linux.org.tr\/2025-kis\/egitmenler\/elif-ozge-ozdamar\/\" data-type=\"page\" data-id=\"1604\">Elif \u00d6zge \u00d6zdamar<\/a><\/li>\n\n\n\n<li><a href=\"https:\/\/kamp.linux.org.tr\/2025-kis\/egitmenler\/enez-mutluoglu\/\">Enez Mutluo\u011flu<\/a><\/li>\n\n\n\n<li><a href=\"https:\/\/kamp.linux.org.tr\/2025-kis\/egitmenler\/erdinc-tasci\/\" data-type=\"page\" data-id=\"1605\">Erdin\u00e7 Ta\u015f\u00e7\u0131<\/a><\/li>\n\n\n\n<li><a href=\"https:\/\/kamp.linux.org.tr\/2025-kis\/egitmenler\/fehmican-sarisin\/\">Fehmican Sar\u0131\u015f\u0131n<\/a><\/li>\n\n\n\n<li><a href=\"https:\/\/kamp.linux.org.tr\/2025-kis\/egitmenler\/gokhan-akin\/\" data-type=\"page\" data-id=\"1610\">G\u00f6khan Ak\u0131n<\/a><\/li>\n\n\n\n<li><a href=\"https:\/\/kamp.linux.org.tr\/2025-kis\/egitmenler\/guven-karabulut\/\" data-type=\"page\" data-id=\"1712\">G\u00fcven Karabulut<\/a><\/li>\n\n\n\n<li><a href=\"https:\/\/kamp.linux.org.tr\/2025-kis\/egitmenler\/hakan-uygun\/\">Hakan Uygun<\/a><\/li>\n\n\n\n<li><a href=\"https:\/\/kamp.linux.org.tr\/2025-kis\/egitmenler\/huseyin-biyik\/\" data-type=\"page\" data-id=\"1594\">H\u00fcseyin B\u0131y\u0131k<\/a><\/li>\n\n\n\n<li><a href=\"https:\/\/kamp.linux.org.tr\/2025-kis\/egitmenler\/mertcan-kose\/\" data-type=\"page\" data-id=\"1573\">Mertcan K\u00f6se<\/a><\/li>\n\n\n\n<li><a href=\"https:\/\/kamp.linux.org.tr\/2025-kis\/egitmenler\/metin-evrim-ulu\/\" data-type=\"link\" data-id=\"https:\/\/kamp.linux.org.tr\/2025-kis\/egitmenler\/metin-evrim-ulu\/\">Metin Evrim Ulu<\/a><\/li>\n\n\n\n<li><a href=\"https:\/\/kamp.linux.org.tr\/2025-kis\/egitmenler\/muhammed-kahraman\/\" data-type=\"page\" data-id=\"1618\">Muhammed Kahraman<\/a><\/li>\n\n\n\n<li><a href=\"https:\/\/kamp.linux.org.tr\/2025-kis\/murat-sever\/\">Murat Sever<\/a><\/li>\n\n\n\n<li><a href=\"https:\/\/kamp.linux.org.tr\/2025-kis\/egitmenler\/murtaza-sarialtun\/\" data-type=\"page\" data-id=\"1570\">Murtaza Sar\u0131altun<\/a><\/li>\n\n\n\n<li><a href=\"https:\/\/kamp.linux.org.tr\/2025-kis\/egitmenler\/numan-ozdemir\/\" data-type=\"page\" data-id=\"1578\">Numan \u00d6zdemir<\/a><\/li>\n\n\n\n<li><a href=\"https:\/\/kamp.linux.org.tr\/2025-kis\/egitmenler\/osman-unalan\/\" data-type=\"page\" data-id=\"1632\">Osman \u00dcnalan<\/a><\/li>\n\n\n\n<li><a href=\"https:\/\/kamp.linux.org.tr\/2025-kis\/egitmenler\/ozan-buk\/\" data-type=\"page\" data-id=\"1611\">Ozan B\u00fck<\/a><\/li>\n\n\n\n<li><a href=\"https:\/\/kamp.linux.org.tr\/2025-kis\/egitmenler\/r-engur-pisirici\/\">R. Eng\u00fcr Pi\u015firici<\/a><\/li>\n\n\n\n<li><a href=\"https:\/\/kamp.linux.org.tr\/2025-kis\/egitmenler\/selin-sezi-elevli\/\" data-type=\"page\" data-id=\"1617\">Selin Sezi Elevli<\/a><\/li>\n\n\n\n<li><a href=\"https:\/\/kamp.linux.org.tr\/2025-kis\/egitmenler\/senol-aldibas\/\" data-type=\"page\" data-id=\"1634\">\u015eenol Ald\u0131ba\u015f<\/a><\/li>\n\n\n\n<li><a href=\"https:\/\/kamp.linux.org.tr\/2025-kis\/egitmenler\/tayfun-erikan\/\" data-type=\"page\" data-id=\"1591\">Tayfun Erikan<\/a><\/li>\n\n\n\n<li><a href=\"https:\/\/kamp.linux.org.tr\/2025-kis\/egitmenler\/yunus-safak-mintas\/\">Yunus \u015eafak Minta\u015f<\/a><\/li>\n\n\n\n<li><a href=\"https:\/\/kamp.linux.org.tr\/2025-kis\/egitmenler\/yunus-yasar\/\" data-type=\"page\" data-id=\"1625\">Yunus Ya\u015far<\/a><\/li>\n\n\n\n<li><a href=\"https:\/\/kamp.linux.org.tr\/2025-kis\/egitmenler\/yusuf-duzgun\/\" data-type=\"page\" data-id=\"1636\">Yusuf D\u00fczg\u00fcn<\/a><\/li>\n<\/ul>\n","protected":false},"excerpt":{"rendered":"","protected":false},"author":1,"featured_media":0,"parent":0,"menu_order":0,"comment_status":"closed","ping_status":"closed","template":"","meta":{"footnotes":""},"class_list":["post-12","page","type-page","status-publish","hentry"],"jetpack_sharing_enabled":true,"_links":{"self":[{"href":"https:\/\/kamp.linux.org.tr\/2025-kis\/wp-json\/wp\/v2\/pages\/12","targetHints":{"allow":["GET"]}}],"collection":[{"href":"https:\/\/kamp.linux.org.tr\/2025-kis\/wp-json\/wp\/v2\/pages"}],"about":[{"href":"https:\/\/kamp.linux.org.tr\/2025-kis\/wp-json\/wp\/v2\/types\/page"}],"author":[{"embeddable":true,"href":"https:\/\/kamp.linux.org.tr\/2025-kis\/wp-json\/wp\/v2\/users\/1"}],"replies":[{"embeddable":true,"href":"https:\/\/kamp.linux.org.tr\/2025-kis\/wp-json\/wp\/v2\/comments?post=12"}],"version-history":[{"count":20,"href":"https:\/\/kamp.linux.org.tr\/2025-kis\/wp-json\/wp\/v2\/pages\/12\/revisions"}],"predecessor-version":[{"id":1721,"href":"https:\/\/kamp.linux.org.tr\/2025-kis\/wp-json\/wp\/v2\/pages\/12\/revisions\/1721"}],"wp:attachment":[{"href":"https:\/\/kamp.linux.org.tr\/2025-kis\/wp-json\/wp\/v2\/media?parent=12"}],"curies":[{"name":"wp","href":"https:\/\/api.w.org\/{rel}","templated":true}]}}