{"id":1429,"date":"2025-01-15T12:25:44","date_gmt":"2025-01-15T09:25:44","guid":{"rendered":"https:\/\/kamp.linux.org.tr\/2025-kis\/?page_id=1429"},"modified":"2025-01-15T17:42:34","modified_gmt":"2025-01-15T14:42:34","slug":"ag-yoneticiligine-giris","status":"publish","type":"page","link":"https:\/\/kamp.linux.org.tr\/2025-kis\/kurslar\/ag-yoneticiligine-giris\/","title":{"rendered":"A\u011f Y\u00f6neticili\u011fine Giri\u015f"},"content":{"rendered":"\n<p>E\u011fitmenler: <a href=\"https:\/\/kamp.linux.org.tr\/2025-kis\/egitmenler\/gokhan-akin\/\" data-type=\"page\" data-id=\"1610\">G\u00f6khan Ak\u0131n<\/a>, <a href=\"https:\/\/kamp.linux.org.tr\/2025-kis\/egitmenler\/ozan-buk\/\" data-type=\"page\" data-id=\"1611\">Ozan B\u00fck<\/a><\/p>\n\n\n\n<p class=\"mb10\"><a class=\"btn btn-lyk\" href=\"https:\/\/kayit.linux.org.tr\/\" target=\"_blank\" rel=\"noreferrer noopener\">Kurslara kay\u0131t olmak i\u00e7in t\u0131klay\u0131n<\/a><\/p>\n\n\n\n<h3 class=\"wp-block-heading\"><strong>Kat\u0131l\u0131mc\u0131lar i\u00e7in \u00f6n-\u015fartlar<\/strong><\/h3>\n\n\n\n<ul class=\"wp-block-list\">\n<li>Herhangi bir \u00f6n \u015fart yok.<\/li>\n<\/ul>\n\n\n\n<br \/>\n\n\n\n<h3 class=\"wp-block-heading\"><strong>E\u011fitim i\u00e7eri\u011fi<\/strong><\/h3>\n\n\n\n<ul class=\"wp-block-list\">\n<li>A\u011f Tekonolojilerine Giri\u015f<\/li>\n\n\n\n<li>Protokol Modelleri<\/li>\n\n\n\n<li>Fiziksel katman<\/li>\n\n\n\n<li>Veri Ba\u011flant\u0131 Katman\u0131<\/li>\n\n\n\n<li>Ethernet Anahtarlama<\/li>\n\n\n\n<li>A\u011f katman\u0131<\/li>\n\n\n\n<li>Adres \u00c7\u00f6z\u00fcmleme<\/li>\n\n\n\n<li>IPv4 Adresleme<\/li>\n\n\n\n<li>ICMP<\/li>\n\n\n\n<li>Ta\u015f\u0131ma katman\u0131<\/li>\n\n\n\n<li>Uygulama katman\u0131<\/li>\n<\/ul>\n","protected":false},"excerpt":{"rendered":"<p>E\u011fitmenler: G\u00f6khan Ak\u0131n, Ozan B\u00fck Kurslara kay\u0131t olmak i\u00e7in t\u0131klay\u0131n Kat\u0131l\u0131mc\u0131lar i\u00e7in \u00f6n-\u015fartlar E\u011fitim i\u00e7eri\u011fi<\/p>\n","protected":false},"author":1,"featured_media":0,"parent":362,"menu_order":0,"comment_status":"closed","ping_status":"closed","template":"","meta":{"footnotes":""},"class_list":["post-1429","page","type-page","status-publish","hentry"],"jetpack_sharing_enabled":true,"_links":{"self":[{"href":"https:\/\/kamp.linux.org.tr\/2025-kis\/wp-json\/wp\/v2\/pages\/1429","targetHints":{"allow":["GET"]}}],"collection":[{"href":"https:\/\/kamp.linux.org.tr\/2025-kis\/wp-json\/wp\/v2\/pages"}],"about":[{"href":"https:\/\/kamp.linux.org.tr\/2025-kis\/wp-json\/wp\/v2\/types\/page"}],"author":[{"embeddable":true,"href":"https:\/\/kamp.linux.org.tr\/2025-kis\/wp-json\/wp\/v2\/users\/1"}],"replies":[{"embeddable":true,"href":"https:\/\/kamp.linux.org.tr\/2025-kis\/wp-json\/wp\/v2\/comments?post=1429"}],"version-history":[{"count":3,"href":"https:\/\/kamp.linux.org.tr\/2025-kis\/wp-json\/wp\/v2\/pages\/1429\/revisions"}],"predecessor-version":[{"id":1616,"href":"https:\/\/kamp.linux.org.tr\/2025-kis\/wp-json\/wp\/v2\/pages\/1429\/revisions\/1616"}],"up":[{"embeddable":true,"href":"https:\/\/kamp.linux.org.tr\/2025-kis\/wp-json\/wp\/v2\/pages\/362"}],"wp:attachment":[{"href":"https:\/\/kamp.linux.org.tr\/2025-kis\/wp-json\/wp\/v2\/media?parent=1429"}],"curies":[{"name":"wp","href":"https:\/\/api.w.org\/{rel}","templated":true}]}}