{"id":1431,"date":"2025-01-15T12:26:15","date_gmt":"2025-01-15T09:26:15","guid":{"rendered":"https:\/\/kamp.linux.org.tr\/2025-kis\/?page_id=1431"},"modified":"2025-01-15T16:54:16","modified_gmt":"2025-01-15T13:54:16","slug":"blokzincire-giris","status":"publish","type":"page","link":"https:\/\/kamp.linux.org.tr\/2025-kis\/kurslar\/blokzincire-giris\/","title":{"rendered":"Blokzincir&#8217;e Giri\u015f"},"content":{"rendered":"\n<p>E\u011fitmenler: <a href=\"https:\/\/kamp.linux.org.tr\/2025-kis\/egitmenler\/numan-ozdemir\/\" data-type=\"page\" data-id=\"1578\">Numan \u00d6zdemir<\/a>, <a href=\"https:\/\/kamp.linux.org.tr\/2025-kis\/egitmenler\/mertcan-kose\/\" data-type=\"page\" data-id=\"1573\">Mercan K\u00f6se<\/a><\/p>\n\n\n\n<p class=\"mb10\"><a class=\"btn btn-lyk\" href=\"https:\/\/kayit.linux.org.tr\/\" target=\"_blank\" rel=\"noreferrer noopener\">Kurslara kay\u0131t olmak i\u00e7in t\u0131klay\u0131n<\/a><\/p>\n\n\n\n<h3 class=\"wp-block-heading\"><strong>Kat\u0131l\u0131mc\u0131lar i\u00e7in \u00f6n-\u015fartlar<\/strong><\/h3>\n\n\n\n<ul class=\"wp-block-list\">\n<li>Temel d\u00fczeyde programlama deneyimine sahip olmak avantaj sa\u011flayacakt\u0131r.<\/li>\n<\/ul>\n\n\n\n<br \/>\n\n\n\n<h3 class=\"wp-block-heading\"><strong>E\u011fitim i\u00e7eri\u011fi<\/strong><\/h3>\n\n\n\n<p>1. G\u00fcn: Blokzincire Giri\u015f<\/p>\n\n\n\n<ol class=\"wp-block-list\"><\/ol>\n\n\n\n<ul class=\"wp-block-list\">\n<li>Blokzincir nedir?<\/li>\n\n\n\n<li>Teoride blokzincir nas\u0131l \u00e7al\u0131\u015f\u0131r? \u00d6rnek g\u00f6sterim<\/li>\n\n\n\n<li>Blokzincir neden kullan\u0131l\u0131r, ne avantajlar sa\u011flar?<\/li>\n\n\n\n<li>Hangi alanlarda blokzincir kullan\u0131labilir?<\/li>\n\n\n\n<li>Cypherpunk ak\u0131m\u0131, merkeziyetsizlik ve kripto paralar<\/li>\n\n\n\n<li>Bitcoin nedir? Ne vadeder, ne vadetmez?<\/li>\n\n\n\n<li>Bitcoin whitepaper\u2019\u0131n\u0131n incelenmesi<\/li>\n\n\n\n<li>Bitcoin\u2019e \u00f6nc\u00fcl\u00fck eden \u00e7al\u0131\u015fmalar<\/li>\n\n\n\n<li>Ara\u015ft\u0131rma \u00f6devi: Bizans Generalleri Problemi ve Bizans Hata Tolerans\u0131 nedir?<\/li>\n<\/ul>\n\n\n\n<p><\/p>\n\n\n\n<p>2. G\u00fcn: Bitcoin Blokzincirine Teknik Bak\u0131\u015f<\/p>\n\n\n\n<ul class=\"wp-block-list\">\n<li>Temel kriptoloji: hash fonksiyonlar\u0131, simetrik\/asimetrik \u015fifreleme, dijital imzalar<\/li>\n\n\n\n<li>Bir Bitcoin adresi nas\u0131l olu\u015fturulur, BTC\u2019ler nerede tutulur?<\/li>\n\n\n\n<li>Bitcoin a\u011f yap\u0131s\u0131, d\u00fc\u011f\u00fcmler ve P2P ileti\u015fim<\/li>\n\n\n\n<li>Bitcoin\u2019de i\u015flem (transaction) tan\u0131m\u0131 ve yap\u0131s\u0131<\/li>\n\n\n\n<li>UTXO, change, double-spending, fee kavramlar\u0131<\/li>\n\n\n\n<li>Bitcoin\u2019de i\u015flemler nas\u0131l do\u011frulan\u0131r ve nerede toplan\u0131r?<\/li>\n\n\n\n<li>\u201cProof of Work (PoW)\u201d konsens\u00fcs mekanizmas\u0131<\/li>\n\n\n\n<li>Temel tan\u0131mlar: blok, merkle a\u011fac\u0131, madencilik, blok \u00f6d\u00fcl\u00fc\u2026<\/li>\n\n\n\n<li>Ad\u0131m ad\u0131m Bitcoin transferi nas\u0131l ger\u00e7ekle\u015fir?<\/li>\n<\/ul>\n\n\n\n<p><\/p>\n\n\n\n<p>3. G\u00fcn: Blokzincire Farkl\u0131 Bir Bak\u0131\u015f<\/p>\n\n\n\n<ul class=\"wp-block-list\">\n<li>Bitcoin\u2019de toplam arz, halving ve burning<\/li>\n\n\n\n<li>\u201cHard fork\u201d ve \u201csoft fork\u201d kavramlar\u0131<\/li>\n\n\n\n<li>Blok \u00f6zellikleri, yetim blok, bo\u015f blok<\/li>\n\n\n\n<li>Bitcoin\u2019i diren\u00e7li k\u0131lan ne?<\/li>\n\n\n\n<li>Bitcoin trilemma, \u00f6l\u00e7eklenebilirlik ve katman \u00e7\u00f6z\u00fcmleri<\/li>\n\n\n\n<li>\u201cProof of Stake (PoS)\u201d ve di\u011fer konsens\u00fcs mekanizmalar\u0131<\/li>\n\n\n\n<li>Ak\u0131ll\u0131 s\u00f6zle\u015fmeler: nedir, ne i\u015fe yarar, nas\u0131l \u00e7al\u0131\u015f\u0131r?<\/li>\n\n\n\n<li>Web3, DApp, DEX, DAO, DeFi, NFT, coin, token nedir?<\/li>\n<\/ul>\n\n\n\n<p><\/p>\n\n\n\n<p>4. G\u00fcn: Birlikte Ara\u015ft\u0131ral\u0131m<\/p>\n\n\n\n<ul class=\"wp-block-list\">\n<li>\u201cBlockchain explorer\u201d ile blokzincir a\u011flar\u0131na yak\u0131ndan bakal\u0131m<\/li>\n\n\n\n<li>Mevcut blokzincir projelerini ara\u015ft\u0131r\u0131p birbirimize anlatal\u0131m<\/li>\n\n\n\n<li>Bitcoin belgeselini izleyelim (opsiyonel)<\/li>\n\n\n\n<li>Basit bir blokzincir uygulamas\u0131 yapal\u0131m<\/li>\n\n\n\n<li>Blokzincir \u00fczerine sohbet ve fikir al\u0131\u015fveri\u015fi<\/li>\n<\/ul>\n","protected":false},"excerpt":{"rendered":"<p>E\u011fitmenler: Numan \u00d6zdemir, Mercan K\u00f6se Kurslara kay\u0131t olmak i\u00e7in t\u0131klay\u0131n Kat\u0131l\u0131mc\u0131lar i\u00e7in \u00f6n-\u015fartlar E\u011fitim i\u00e7eri\u011fi 1. G\u00fcn: Blokzincire Giri\u015f 2. G\u00fcn: Bitcoin Blokzincirine Teknik Bak\u0131\u015f 3. G\u00fcn: Blokzincire Farkl\u0131 Bir Bak\u0131\u015f 4. G\u00fcn: Birlikte Ara\u015ft\u0131ral\u0131m<\/p>\n","protected":false},"author":1,"featured_media":0,"parent":362,"menu_order":0,"comment_status":"closed","ping_status":"closed","template":"","meta":{"footnotes":""},"class_list":["post-1431","page","type-page","status-publish","hentry"],"jetpack_sharing_enabled":true,"_links":{"self":[{"href":"https:\/\/kamp.linux.org.tr\/2025-kis\/wp-json\/wp\/v2\/pages\/1431","targetHints":{"allow":["GET"]}}],"collection":[{"href":"https:\/\/kamp.linux.org.tr\/2025-kis\/wp-json\/wp\/v2\/pages"}],"about":[{"href":"https:\/\/kamp.linux.org.tr\/2025-kis\/wp-json\/wp\/v2\/types\/page"}],"author":[{"embeddable":true,"href":"https:\/\/kamp.linux.org.tr\/2025-kis\/wp-json\/wp\/v2\/users\/1"}],"replies":[{"embeddable":true,"href":"https:\/\/kamp.linux.org.tr\/2025-kis\/wp-json\/wp\/v2\/comments?post=1431"}],"version-history":[{"count":4,"href":"https:\/\/kamp.linux.org.tr\/2025-kis\/wp-json\/wp\/v2\/pages\/1431\/revisions"}],"predecessor-version":[{"id":1582,"href":"https:\/\/kamp.linux.org.tr\/2025-kis\/wp-json\/wp\/v2\/pages\/1431\/revisions\/1582"}],"up":[{"embeddable":true,"href":"https:\/\/kamp.linux.org.tr\/2025-kis\/wp-json\/wp\/v2\/pages\/362"}],"wp:attachment":[{"href":"https:\/\/kamp.linux.org.tr\/2025-kis\/wp-json\/wp\/v2\/media?parent=1431"}],"curies":[{"name":"wp","href":"https:\/\/api.w.org\/{rel}","templated":true}]}}