{"id":1433,"date":"2025-01-15T12:26:39","date_gmt":"2025-01-15T09:26:39","guid":{"rendered":"https:\/\/kamp.linux.org.tr\/2025-kis\/?page_id=1433"},"modified":"2025-01-16T10:11:15","modified_gmt":"2025-01-16T07:11:15","slug":"depolama-teknolojileri","status":"publish","type":"page","link":"https:\/\/kamp.linux.org.tr\/2025-kis\/kurslar\/depolama-teknolojileri\/","title":{"rendered":"Depolama Teknolojileri"},"content":{"rendered":"\n<p>E\u011fitmenler: <a href=\"https:\/\/kamp.linux.org.tr\/2025-kis\/egitmenler\/adem-dogan\/\"><a href=\"https:\/\/kamp.linux.org.tr\/2025-kis\/egitmenler\/adem-dogan\/\">Adem DO\u011eAN<\/a><\/a><\/p>\n\n\n\n<p class=\"mb10\"><a class=\"btn btn-lyk\" href=\"https:\/\/kayit.linux.org.tr\/\" target=\"_blank\" rel=\"noreferrer noopener\">Kurslara kay\u0131t olmak i\u00e7in t\u0131klay\u0131n<\/a><\/p>\n\n\n\n<h3 class=\"wp-block-heading\"><strong>Kat\u0131l\u0131mc\u0131lar i\u00e7in \u00f6n-\u015fartlar<\/strong><\/h3>\n\n\n\n<ul class=\"wp-block-list\">\n<li>Kat\u0131l\u0131mc\u0131lar GNU Linux Sistem Y\u00f6netimi 0.5 bilgisine yada daha \u00f6nce linux kullanma tecr\u00fcbesine sahip olmal\u0131<\/li>\n\n\n\n<li>Kat\u0131l\u0131mc\u0131lar\u0131n yan\u0131nda UTP kablo ile internete ba\u011flanabilen, web taray\u0131c\u0131 a\u00e7abilen tercihen linux kurulumu yap\u0131lm\u0131\u015f yap\u0131lmad\u0131ysa da virtualbox ile sanal bir linux i\u015fletim sistemi kurulmu\u015f halde bir cihaz ile e\u011fitime kat\u0131lmal\u0131lar.<\/li>\n<\/ul>\n\n\n\n<br \/>\n\n\n\n<h3 class=\"wp-block-heading\"><strong>E\u011fitim i\u00e7eri\u011fi<\/strong><\/h3>\n\n\n\n<p>1. G\u00fcn:<br>\u2022 Depolama ihtiyac\u0131: Ki\u015fisel ve kurumsal kullan\u0131m senaryolar\u0131.<br>\u2022 Temel kavramlar: Bit, Byte, Mbps, Gbps.<br>\u2022 Tarihsel geli\u015fim: Delikli kartlardan manyetik tamburlara.<br>\u2022 Manyetik depolama: Teypler ve sabit diskler (HDD).<br>\u2022 Optik depolama: CD, DVD, Bluray.<br>\u2022 HDD teknolojilerindeki yenilikler: PMR, SMR, HAMR, MAMR<br>\u2022 NAND t\u00fcrleri (SLC, MLC, TLC, QLC).<br>\u2022 Sayfa (page) ve blok kavramlar\u0131.<br>\u2022 Garbage collection ve wear leveling<br>\u2022 TRIM ve i\u015fletim sistemi entegrasyonu.<br>\u2022 Over-provisioning ve faydalar\u0131.<br>\u2022 SSD optimizasyonu uygulamalar\u0131 (ZFS yap\u0131land\u0131rmas\u0131, TRIM aktivasyonu).<\/p>\n\n\n\n<p>2. G\u00fcn: <br>\u2022 Depolama Y\u00f6netimi ve G\u00fcvenilirlik<br>\u2022 SMART ile disk sa\u011fl\u0131\u011f\u0131 takibi<br>\u2022 Felaket kurtarma planlar\u0131.<br>\u2022 RAID seviyeleri: RAID 0, 1, 5, 6, 10.<br>\u2022 Yedekleme y\u00f6ntemleri: Tam, art\u0131ml\u0131, fark yedekleme.<br>\u2022 ECC ve bad block y\u00f6netimi.<br>\u2022 SAN ve NAS kavramlar\u0131<br>\u2022 Depolama sistemlerinde sanalla\u015ft\u0131rma (iSCSI, Fibre Channel).<br>\u2022 Sunucu ve switch fiziksel g\u00f6sterim ve kurulumlar\u0131<br>\u2022 Temel Networking Prensipleri<br>\u2022 Bulut ortam\u0131nda TrueNAS uygulamas\u0131<br><br>3. G\u00fcn:<br>\u2022 IOPS, throughput, latency gibi metrikler.<br>\u2022 Performans test ara\u00e7lar\u0131 (fio, bonnie++, iometer).<br>\u2022 Dosya sistemleri: ext4, XFS, ZFS vd.<br>\u2022 B\u00fcy\u00fck veri analiti\u011fi i\u00e7in depolama planlamas\u0131.<br>\u2022 AI projeleri i\u00e7in y\u00fcksek h\u0131zl\u0131 depolama.<br>\u2022 RAID yap\u0131land\u0131rmas\u0131 ve ZFS veri kurtarma senaryolar\u0131.<\/p>\n\n\n\n<p>4. G\u00fcn:<br>\u2022 IoT cihazlar\u0131n\u0131n veri \u00fcretim h\u0131z\u0131 ve depolama gereksinimleri.<br>\u2022 Bulut tabanl\u0131 depolama \u00e7\u00f6z\u00fcmleri<br>\u2022 B\u00fcy\u00fck veri depolama ni\u00e7in bir problemdir?<br>\u2022 B\u00fcy\u00fck veri depolama yaz\u0131l\u0131mlar\u0131 (Hadoop FS, Gluster FS, CEPH)<br>\u2022 T\u00dcB\u0130TAK ULAKB\u0130M Altyap\u0131s\u0131 ve CEPH tecr\u00fcbeleri<br>\u2022 Giri\u015f seviyesi CEPH anlat\u0131m\u0131<br>\u2022 Genel tekrar<br>\u2022 CEPH ve Proxmox uygulamas\u0131<br>\u2022 Soru \u2013 Cevap ve Kapan\u0131\u015f<\/p>\n","protected":false},"excerpt":{"rendered":"<p>E\u011fitmenler: Adem DO\u011eAN Kurslara kay\u0131t olmak i\u00e7in t\u0131klay\u0131n Kat\u0131l\u0131mc\u0131lar i\u00e7in \u00f6n-\u015fartlar E\u011fitim i\u00e7eri\u011fi 1. G\u00fcn:\u2022 Depolama ihtiyac\u0131: Ki\u015fisel ve kurumsal kullan\u0131m senaryolar\u0131.\u2022 Temel kavramlar: Bit, Byte, Mbps, Gbps.\u2022 Tarihsel geli\u015fim: Delikli kartlardan manyetik tamburlara.\u2022 Manyetik depolama: Teypler ve sabit diskler (HDD).\u2022 Optik depolama: CD, DVD, Bluray.\u2022 HDD teknolojilerindeki yenilikler: PMR, SMR, HAMR, MAMR\u2022 NAND t\u00fcrleri [&hellip;]<\/p>\n","protected":false},"author":1,"featured_media":0,"parent":362,"menu_order":0,"comment_status":"closed","ping_status":"closed","template":"","meta":{"footnotes":""},"class_list":["post-1433","page","type-page","status-publish","hentry"],"jetpack_sharing_enabled":true,"_links":{"self":[{"href":"https:\/\/kamp.linux.org.tr\/2025-kis\/wp-json\/wp\/v2\/pages\/1433","targetHints":{"allow":["GET"]}}],"collection":[{"href":"https:\/\/kamp.linux.org.tr\/2025-kis\/wp-json\/wp\/v2\/pages"}],"about":[{"href":"https:\/\/kamp.linux.org.tr\/2025-kis\/wp-json\/wp\/v2\/types\/page"}],"author":[{"embeddable":true,"href":"https:\/\/kamp.linux.org.tr\/2025-kis\/wp-json\/wp\/v2\/users\/1"}],"replies":[{"embeddable":true,"href":"https:\/\/kamp.linux.org.tr\/2025-kis\/wp-json\/wp\/v2\/comments?post=1433"}],"version-history":[{"count":4,"href":"https:\/\/kamp.linux.org.tr\/2025-kis\/wp-json\/wp\/v2\/pages\/1433\/revisions"}],"predecessor-version":[{"id":1779,"href":"https:\/\/kamp.linux.org.tr\/2025-kis\/wp-json\/wp\/v2\/pages\/1433\/revisions\/1779"}],"up":[{"embeddable":true,"href":"https:\/\/kamp.linux.org.tr\/2025-kis\/wp-json\/wp\/v2\/pages\/362"}],"wp:attachment":[{"href":"https:\/\/kamp.linux.org.tr\/2025-kis\/wp-json\/wp\/v2\/media?parent=1433"}],"curies":[{"name":"wp","href":"https:\/\/api.w.org\/{rel}","templated":true}]}}