{"id":1443,"date":"2025-01-15T12:28:12","date_gmt":"2025-01-15T09:28:12","guid":{"rendered":"https:\/\/kamp.linux.org.tr\/2025-kis\/?page_id=1443"},"modified":"2025-01-15T21:00:45","modified_gmt":"2025-01-15T18:00:45","slug":"kriptografiye-giris","status":"publish","type":"page","link":"https:\/\/kamp.linux.org.tr\/2025-kis\/kurslar\/kriptografiye-giris\/","title":{"rendered":"Kriptografiye Giri\u015f"},"content":{"rendered":"\n<p>E\u011fitmenler: <a href=\"https:\/\/kamp.linux.org.tr\/2025-kis\/egitmenler\/metin-evrim-ulu\/\" data-type=\"link\" data-id=\"https:\/\/kamp.linux.org.tr\/2025-kis\/egitmenler\/metin-evrim-ulu\/\">Metin Evrim Ulu<\/a><\/p>\n\n\n\n<p class=\"mb10\"><a class=\"btn btn-lyk\" href=\"https:\/\/kayit.linux.org.tr\/\" target=\"_blank\" rel=\"noreferrer noopener\">Kurslara kay\u0131t olmak i\u00e7in t\u0131klay\u0131n<\/a><\/p>\n\n\n\n<h3 class=\"wp-block-heading\"><strong>Kat\u0131l\u0131mc\u0131lar i\u00e7in \u00f6n-\u015fartlar<\/strong><\/h3>\n\n\n\n<ul class=\"wp-block-list\">\n<li>Herhangi bir \u00f6n \u015fart yok.<\/li>\n<\/ul>\n\n\n\n<br \/>\n\n\n\n<h3 class=\"wp-block-heading\"><strong>E\u011fitim i\u00e7eri\u011fi<\/strong><\/h3>\n\n\n\n<ul class=\"wp-block-list\">\n<li>Kriptografiye Genel Bak\u0131\u015f<\/li>\n\n\n\n<li>Cebir, Gruplar, Halkalar, Sonlu Cisimler<\/li>\n\n\n\n<li>Tek Kullaniml\u0131k Sifreler ve M\u00fckemmel Guvenlik<\/li>\n\n\n\n<li>Ak\u0131m \u015eifreleri ve LFSR\u2019lar<\/li>\n\n\n\n<li>Blok \u015eifreler<\/li>\n\n\n\n<li>Blok \u015eifrelerin Operasyon Modlar\u0131<\/li>\n\n\n\n<li>\u00d6zet Fonksiyonlar ve \u00d6zellikleri<\/li>\n\n\n\n<li>A\u00e7\u0131k Anahtar Kriptografileri<\/li>\n\n\n\n<li>Dijital \u0130mzalar<\/li>\n\n\n\n<li>G\u00fcvenli \u0130leti\u015fim Protokolleri<\/li>\n<\/ul>\n","protected":false},"excerpt":{"rendered":"<p>E\u011fitmenler: Metin Evrim Ulu Kurslara kay\u0131t olmak i\u00e7in t\u0131klay\u0131n Kat\u0131l\u0131mc\u0131lar i\u00e7in \u00f6n-\u015fartlar E\u011fitim i\u00e7eri\u011fi<\/p>\n","protected":false},"author":1,"featured_media":0,"parent":362,"menu_order":0,"comment_status":"closed","ping_status":"closed","template":"","meta":{"footnotes":""},"class_list":["post-1443","page","type-page","status-publish","hentry"],"jetpack_sharing_enabled":true,"_links":{"self":[{"href":"https:\/\/kamp.linux.org.tr\/2025-kis\/wp-json\/wp\/v2\/pages\/1443","targetHints":{"allow":["GET"]}}],"collection":[{"href":"https:\/\/kamp.linux.org.tr\/2025-kis\/wp-json\/wp\/v2\/pages"}],"about":[{"href":"https:\/\/kamp.linux.org.tr\/2025-kis\/wp-json\/wp\/v2\/types\/page"}],"author":[{"embeddable":true,"href":"https:\/\/kamp.linux.org.tr\/2025-kis\/wp-json\/wp\/v2\/users\/1"}],"replies":[{"embeddable":true,"href":"https:\/\/kamp.linux.org.tr\/2025-kis\/wp-json\/wp\/v2\/comments?post=1443"}],"version-history":[{"count":5,"href":"https:\/\/kamp.linux.org.tr\/2025-kis\/wp-json\/wp\/v2\/pages\/1443\/revisions"}],"predecessor-version":[{"id":1695,"href":"https:\/\/kamp.linux.org.tr\/2025-kis\/wp-json\/wp\/v2\/pages\/1443\/revisions\/1695"}],"up":[{"embeddable":true,"href":"https:\/\/kamp.linux.org.tr\/2025-kis\/wp-json\/wp\/v2\/pages\/362"}],"wp:attachment":[{"href":"https:\/\/kamp.linux.org.tr\/2025-kis\/wp-json\/wp\/v2\/media?parent=1443"}],"curies":[{"name":"wp","href":"https:\/\/api.w.org\/{rel}","templated":true}]}}