{"id":1449,"date":"2025-01-15T12:29:17","date_gmt":"2025-01-15T09:29:17","guid":{"rendered":"https:\/\/kamp.linux.org.tr\/2025-kis\/?page_id=1449"},"modified":"2025-01-15T15:18:02","modified_gmt":"2025-01-15T12:18:02","slug":"mikroservisler-ile-devops","status":"publish","type":"page","link":"https:\/\/kamp.linux.org.tr\/2025-kis\/kurslar\/mikroservisler-ile-devops\/","title":{"rendered":"Mikroservisler ile DevOPS"},"content":{"rendered":"\n<p>E\u011fitmenler: <a href=\"https:\/\/kamp.linux.org.tr\/2025-kis\/egitmenler\/hakan-uygun\/\"><a href=\"https:\/\/kamp.linux.org.tr\/2025-kis\/egitmenler\/hakan-uygun\/\">Hakan Uygun<\/a><\/a><\/p>\n\n\n\n<p class=\"mb10\"><a class=\"btn btn-lyk\" href=\"https:\/\/kayit.linux.org.tr\/\" target=\"_blank\" rel=\"noreferrer noopener\">Kurslara kay\u0131t olmak i\u00e7in t\u0131klay\u0131n<\/a><\/p>\n\n\n\n<h3 class=\"wp-block-heading\"><strong>Kat\u0131l\u0131mc\u0131lar i\u00e7in \u00f6n-\u015fartlar<\/strong><\/h3>\n\n\n\n<ul class=\"wp-block-list\">\n<li>En az\u0131ndan bir programlama dilinde yaz\u0131l\u0131m geli\u015ftirme s\u00fcrecinde yer almak.<\/li>\n<\/ul>\n\n\n\n<br \/>\n\n\n\n<h3 class=\"wp-block-heading\"><strong>E\u011fitim i\u00e7eri\u011fi<\/strong><\/h3>\n\n\n\n<ul class=\"wp-block-list\">\n<li>Servis Kavram\u0131\n<ul class=\"wp-block-list\">\n<li>SOA, Web Servis, Makroservis, Mikroservis, RPC)<\/li>\n<\/ul>\n<\/li>\n\n\n\n<li>Sanalla\u015ft\u0131rma Y\u00f6ntemleri (Sanal Makine, Konteyner, Sanal A\u011f, Disk Sanalla\u015ft\u0131rmas\u0131)<\/li>\n\n\n\n<li>Mikroservislerin Kullan\u0131m Ama\u00e7lar\u0131<\/li>\n\n\n\n<li>Mikroservislerin Yaratt\u0131\u011f\u0131 Sorunlar<\/li>\n\n\n\n<li>Sistem Mimarisinin Yaz\u0131l\u0131ma Etkisi (Y\u00fcksek Eri\u015filebilirlik, Felaket Kurtarma, Lider Se\u00e7imi, Cluster State Durumu, Distributed Cache Kullan\u0131m\u0131, Veritaban\u0131 De\u011fi\u015fiklik Y\u00f6netimi)<\/li>\n\n\n\n<li>Mikroservis Tasar\u0131m Desenleri (Saga, Circuit Breaker, CDC, Event Sourcing, Streaming, Backend for Frontend, API Gateway, Sidecar, Service Discovery)<\/li>\n\n\n\n<li>Yaz\u0131l\u0131m Geli\u015ftirme Y\u00f6ntemleri\n<ul class=\"wp-block-list\">\n<li>S\u00fcr\u00fcm Politikas\u0131 ve S\u00fcr\u00fcmlendirme<\/li>\n\n\n\n<li>DevOps<\/li>\n\n\n\n<li>Pipeline<\/li>\n\n\n\n<li>Test Y\u00f6ntemleri<\/li>\n<\/ul>\n<\/li>\n\n\n\n<li>Paketleme Sistemleri ve Y\u00f6netimi (Pod imajlar\u0131, Helm chart, RPM\/DEB, NuGet, NPM, Maven, SBOM)<\/li>\n\n\n\n<li>D\u00fczenli Derleme (CI)<\/li>\n\n\n\n<li>D\u00fczenli Y\u00fckleme (CD)<\/li>\n\n\n\n<li>D\u00fczenli \u0130zleme (CM)\n<ul class=\"wp-block-list\">\n<li>Metrikler<\/li>\n\n\n\n<li>Log<\/li>\n\n\n\n<li>Trace<\/li>\n<\/ul>\n<\/li>\n\n\n\n<li>DevOps Y\u00f6ntemleri\n<ul class=\"wp-block-list\">\n<li>GitOps<\/li>\n\n\n\n<li>KNative<\/li>\n\n\n\n<li>CRD+Operator<\/li>\n\n\n\n<li>DevSecOps<\/li>\n<\/ul>\n<\/li>\n<\/ul>\n","protected":false},"excerpt":{"rendered":"<p>E\u011fitmenler: Hakan Uygun Kurslara kay\u0131t olmak i\u00e7in t\u0131klay\u0131n Kat\u0131l\u0131mc\u0131lar i\u00e7in \u00f6n-\u015fartlar E\u011fitim i\u00e7eri\u011fi<\/p>\n","protected":false},"author":1,"featured_media":0,"parent":362,"menu_order":0,"comment_status":"closed","ping_status":"closed","template":"","meta":{"footnotes":""},"class_list":["post-1449","page","type-page","status-publish","hentry"],"jetpack_sharing_enabled":true,"_links":{"self":[{"href":"https:\/\/kamp.linux.org.tr\/2025-kis\/wp-json\/wp\/v2\/pages\/1449","targetHints":{"allow":["GET"]}}],"collection":[{"href":"https:\/\/kamp.linux.org.tr\/2025-kis\/wp-json\/wp\/v2\/pages"}],"about":[{"href":"https:\/\/kamp.linux.org.tr\/2025-kis\/wp-json\/wp\/v2\/types\/page"}],"author":[{"embeddable":true,"href":"https:\/\/kamp.linux.org.tr\/2025-kis\/wp-json\/wp\/v2\/users\/1"}],"replies":[{"embeddable":true,"href":"https:\/\/kamp.linux.org.tr\/2025-kis\/wp-json\/wp\/v2\/comments?post=1449"}],"version-history":[{"count":2,"href":"https:\/\/kamp.linux.org.tr\/2025-kis\/wp-json\/wp\/v2\/pages\/1449\/revisions"}],"predecessor-version":[{"id":1527,"href":"https:\/\/kamp.linux.org.tr\/2025-kis\/wp-json\/wp\/v2\/pages\/1449\/revisions\/1527"}],"up":[{"embeddable":true,"href":"https:\/\/kamp.linux.org.tr\/2025-kis\/wp-json\/wp\/v2\/pages\/362"}],"wp:attachment":[{"href":"https:\/\/kamp.linux.org.tr\/2025-kis\/wp-json\/wp\/v2\/media?parent=1449"}],"curies":[{"name":"wp","href":"https:\/\/api.w.org\/{rel}","templated":true}]}}