{"id":1453,"date":"2025-01-15T12:30:00","date_gmt":"2025-01-15T09:30:00","guid":{"rendered":"https:\/\/kamp.linux.org.tr\/2025-kis\/?page_id=1453"},"modified":"2025-01-15T15:41:47","modified_gmt":"2025-01-15T12:41:47","slug":"postgresql-veritabani-yoneticileri-icin","status":"publish","type":"page","link":"https:\/\/kamp.linux.org.tr\/2025-kis\/kurslar\/postgresql-veritabani-yoneticileri-icin\/","title":{"rendered":"PostgreSQL: Veritaban\u0131 Y\u00f6neticileri \u0130\u00e7in"},"content":{"rendered":"\n<p><strong>E\u011fitmenler: <strong><a href=\"https:\/\/kamp.linux.org.tr\/2025-kis\/egitmenler\/enez-mutluoglu\/\" data-type=\"link\" data-id=\"https:\/\/kamp.linux.org.tr\/2024-kis\/egitmenler\/enez-mutluoglu\/\" target=\"_blank\" rel=\"noreferrer noopener\">Enez Mutluo\u011flu<\/a><\/strong><\/strong>,<strong> <\/strong><a href=\"https:\/\/kamp.linux.org.tr\/2025-kis\/egitmenler\/yunus-safak-mintas\/\" data-type=\"link\" data-id=\"https:\/\/kamp.linux.org.tr\/2024-kis\/egitmenler\/burak-ergen\/\" target=\"_blank\" rel=\"noreferrer noopener\"><strong>Yunus \u015eafak Minta\u015f<\/strong><\/a><\/p>\n\n\n\n<p><a class=\"btn btn-lyk\" href=\"https:\/\/kayit.linux.org.tr\/\" target=\"_blank\" rel=\"noreferrer noopener\">Kurslara kay\u0131t olmak i\u00e7in t\u0131klay\u0131n<\/a><\/p>\n\n\n\n<h3 class=\"wp-block-heading\"><strong>Kat\u0131l\u0131mc\u0131lar i\u00e7in \u00f6n \u015fartlar<\/strong>:<\/h3>\n\n\n\n<p>GNU\/Linux Sistem Y\u00f6netimi 1. D\u00fczey konular\u0131na hakim olmas\u0131 ve sanalla\u015ft\u0131rma ara\u00e7lar\u0131ndan birine hakim olmas\u0131.<\/p>\n\n\n\n<p><\/p>\n\n\n\n<h3 class=\"wp-block-heading\">E\u011fitim i\u00e7eri\u011fi:<\/h3>\n\n\n\n<ul class=\"wp-block-list\">\n<li>Veri taban\u0131 nedir? Neden kullan\u0131l\u0131r? Neden PostgreSQL?<\/li>\n\n\n\n<li>Site tan\u0131t\u0131m\u0131 ve d\u00f6k\u00fcmantasyon<\/li>\n\n\n\n<li>Genel mimari<\/li>\n\n\n\n<li>Kurulum<\/li>\n\n\n\n<li>Kurulum sonrasi genel ayarlar<\/li>\n\n\n\n<li>Kullan\u0131c\u0131 yetki ve eri\u015fim haklar\u0131<\/li>\n\n\n\n<li>psql komutlar\u0131<\/li>\n\n\n\n<li>Temel SQL<\/li>\n\n\n\n<li>pgAdmin 4<\/li>\n<\/ul>\n","protected":false},"excerpt":{"rendered":"<p>E\u011fitmenler: Enez Mutluo\u011flu, Yunus \u015eafak Minta\u015f Kurslara kay\u0131t olmak i\u00e7in t\u0131klay\u0131n Kat\u0131l\u0131mc\u0131lar i\u00e7in \u00f6n \u015fartlar: GNU\/Linux Sistem Y\u00f6netimi 1. D\u00fczey konular\u0131na hakim olmas\u0131 ve sanalla\u015ft\u0131rma ara\u00e7lar\u0131ndan birine hakim olmas\u0131. E\u011fitim i\u00e7eri\u011fi:<\/p>\n","protected":false},"author":1,"featured_media":0,"parent":362,"menu_order":0,"comment_status":"closed","ping_status":"closed","template":"","meta":{"footnotes":""},"class_list":["post-1453","page","type-page","status-publish","hentry"],"jetpack_sharing_enabled":true,"_links":{"self":[{"href":"https:\/\/kamp.linux.org.tr\/2025-kis\/wp-json\/wp\/v2\/pages\/1453","targetHints":{"allow":["GET"]}}],"collection":[{"href":"https:\/\/kamp.linux.org.tr\/2025-kis\/wp-json\/wp\/v2\/pages"}],"about":[{"href":"https:\/\/kamp.linux.org.tr\/2025-kis\/wp-json\/wp\/v2\/types\/page"}],"author":[{"embeddable":true,"href":"https:\/\/kamp.linux.org.tr\/2025-kis\/wp-json\/wp\/v2\/users\/1"}],"replies":[{"embeddable":true,"href":"https:\/\/kamp.linux.org.tr\/2025-kis\/wp-json\/wp\/v2\/comments?post=1453"}],"version-history":[{"count":4,"href":"https:\/\/kamp.linux.org.tr\/2025-kis\/wp-json\/wp\/v2\/pages\/1453\/revisions"}],"predecessor-version":[{"id":1542,"href":"https:\/\/kamp.linux.org.tr\/2025-kis\/wp-json\/wp\/v2\/pages\/1453\/revisions\/1542"}],"up":[{"embeddable":true,"href":"https:\/\/kamp.linux.org.tr\/2025-kis\/wp-json\/wp\/v2\/pages\/362"}],"wp:attachment":[{"href":"https:\/\/kamp.linux.org.tr\/2025-kis\/wp-json\/wp\/v2\/media?parent=1453"}],"curies":[{"name":"wp","href":"https:\/\/api.w.org\/{rel}","templated":true}]}}