{"id":1457,"date":"2025-01-15T12:30:43","date_gmt":"2025-01-15T09:30:43","guid":{"rendered":"https:\/\/kamp.linux.org.tr\/2025-kis\/?page_id=1457"},"modified":"2025-01-15T17:32:54","modified_gmt":"2025-01-15T14:32:54","slug":"r-ve-python-ile-veri-gorsellestirme","status":"publish","type":"page","link":"https:\/\/kamp.linux.org.tr\/2025-kis\/kurslar\/r-ve-python-ile-veri-gorsellestirme\/","title":{"rendered":"R ve Python ile Veri G\u00f6rselle\u015ftirme"},"content":{"rendered":"\n<p>E\u011fitmenler: <a href=\"https:\/\/kamp.linux.org.tr\/2025-kis\/egitmenler\/elif-ozge-ozdamar\/\" data-type=\"page\" data-id=\"1604\">Elif \u00d6zge \u00d6zdamar<\/a>, <a href=\"https:\/\/kamp.linux.org.tr\/2025-kis\/egitmenler\/erdinc-tasci\/\" data-type=\"page\" data-id=\"1605\">Erdin\u00e7 Ta\u015f\u00e7\u0131<\/a><\/p>\n\n\n\n<p class=\"mb10\"><a class=\"btn btn-lyk\" href=\"https:\/\/kayit.linux.org.tr\/\" target=\"_blank\" rel=\"noreferrer noopener\">Kurslara kay\u0131t olmak i\u00e7in t\u0131klay\u0131n<\/a><\/p>\n\n\n\n<h3 class=\"wp-block-heading\"><strong>Kat\u0131l\u0131mc\u0131lar i\u00e7in \u00f6n-\u015fartlar<\/strong><\/h3>\n\n\n\n<ul class=\"wp-block-list\">\n<li>R ve\/veya Python bilgisi.<\/li>\n<\/ul>\n\n\n\n<br \/>\n\n\n\n<h3 class=\"wp-block-heading\"><strong>E\u011fitim i\u00e7eri\u011fi<\/strong><\/h3>\n\n\n\n<ul class=\"wp-block-list\">\n<li>Kavramlar<\/li>\n\n\n\n<li>Tarih\u00e7e<\/li>\n\n\n\n<li>G\u00f6rsel Alg\u0131<\/li>\n\n\n\n<li>Renk Teorisi<\/li>\n\n\n\n<li>G\u00f6rsel Parametreler ve Koordinat sistemleri<\/li>\n\n\n\n<li>G\u00f6rselle\u015ftirmede yap\u0131lan hatalar<\/li>\n\n\n\n<li>Kurallar<\/li>\n\n\n\n<li>G\u00f6rselle\u015ftirme Tasar\u0131m\u0131<\/li>\n\n\n\n<li>Grafik T\u00fcrleri<\/li>\n\n\n\n<li>Veri G\u00f6rselle\u015ftirilmesinde kullan\u0131lan klasik, modern ve hibrit grafikler<\/li>\n\n\n\n<li>\u0130nteraktif ve 3D Grafikler<\/li>\n\n\n\n<li>Zaman\u0131n G\u00f6rselle\u015ftirilmesi<\/li>\n\n\n\n<li>Mekan\u0131n G\u00f6rselle\u015ftirilmesi<\/li>\n\n\n\n<li>Hiyerar\u015finin G\u00f6rselle\u015ftirilmesi<\/li>\n\n\n\n<li>A\u011flar\u0131n G\u00f6rselle\u015ftirilmesi<\/li>\n\n\n\n<li>Belirsizli\u011fin G\u00f6rselle\u015ftirilmesi<\/li>\n\n\n\n<li>Ayk\u0131r\u0131 ve bo\u015f g\u00f6zlemlerin G\u00f6rselle\u015ftirilmesi<\/li>\n\n\n\n<li>Metin G\u00f6rselle\u015ftirme<\/li>\n<\/ul>\n","protected":false},"excerpt":{"rendered":"<p>E\u011fitmenler: Elif \u00d6zge \u00d6zdamar, Erdin\u00e7 Ta\u015f\u00e7\u0131 Kurslara kay\u0131t olmak i\u00e7in t\u0131klay\u0131n Kat\u0131l\u0131mc\u0131lar i\u00e7in \u00f6n-\u015fartlar E\u011fitim i\u00e7eri\u011fi<\/p>\n","protected":false},"author":1,"featured_media":0,"parent":362,"menu_order":0,"comment_status":"closed","ping_status":"closed","template":"","meta":{"footnotes":""},"class_list":["post-1457","page","type-page","status-publish","hentry"],"jetpack_sharing_enabled":true,"_links":{"self":[{"href":"https:\/\/kamp.linux.org.tr\/2025-kis\/wp-json\/wp\/v2\/pages\/1457","targetHints":{"allow":["GET"]}}],"collection":[{"href":"https:\/\/kamp.linux.org.tr\/2025-kis\/wp-json\/wp\/v2\/pages"}],"about":[{"href":"https:\/\/kamp.linux.org.tr\/2025-kis\/wp-json\/wp\/v2\/types\/page"}],"author":[{"embeddable":true,"href":"https:\/\/kamp.linux.org.tr\/2025-kis\/wp-json\/wp\/v2\/users\/1"}],"replies":[{"embeddable":true,"href":"https:\/\/kamp.linux.org.tr\/2025-kis\/wp-json\/wp\/v2\/comments?post=1457"}],"version-history":[{"count":3,"href":"https:\/\/kamp.linux.org.tr\/2025-kis\/wp-json\/wp\/v2\/pages\/1457\/revisions"}],"predecessor-version":[{"id":1609,"href":"https:\/\/kamp.linux.org.tr\/2025-kis\/wp-json\/wp\/v2\/pages\/1457\/revisions\/1609"}],"up":[{"embeddable":true,"href":"https:\/\/kamp.linux.org.tr\/2025-kis\/wp-json\/wp\/v2\/pages\/362"}],"wp:attachment":[{"href":"https:\/\/kamp.linux.org.tr\/2025-kis\/wp-json\/wp\/v2\/media?parent=1457"}],"curies":[{"name":"wp","href":"https:\/\/api.w.org\/{rel}","templated":true}]}}