{"id":1517,"date":"2025-01-15T14:53:43","date_gmt":"2025-01-15T11:53:43","guid":{"rendered":"https:\/\/kamp.linux.org.tr\/2025-kis\/?page_id=1517"},"modified":"2025-01-15T21:01:29","modified_gmt":"2025-01-15T18:01:29","slug":"metin-evrim-ulu","status":"publish","type":"page","link":"https:\/\/kamp.linux.org.tr\/2025-kis\/egitmenler\/metin-evrim-ulu\/","title":{"rendered":"Metin Evrim Ulu"},"content":{"rendered":"\n<p><strong>Verdi\u011fi E\u011fitim:<\/strong>\u00a0<a href=\"https:\/\/kamp.linux.org.tr\/2025-kis\/kurslar\/kriptografiye-giris\/\">Kriptografiye Giri\u015f<\/a><\/p>\n\n\n\n<p><strong>\u00c7al\u0131\u015ft\u0131\u011f\u0131 Kurum:<\/strong>\u00a0<a href=\"https:\/\/www.core.gen.tr\">Kor Bilisim Teknolojileri Ltd.<\/a><\/p>\n\n\n\n<p><\/p>\n","protected":false},"excerpt":{"rendered":"<p>Verdi\u011fi E\u011fitim:\u00a0Kriptografiye Giri\u015f \u00c7al\u0131\u015ft\u0131\u011f\u0131 Kurum:\u00a0Kor Bilisim Teknolojileri Ltd.<\/p>\n","protected":false},"author":9,"featured_media":0,"parent":12,"menu_order":0,"comment_status":"closed","ping_status":"closed","template":"","meta":{"footnotes":""},"class_list":["post-1517","page","type-page","status-publish","hentry"],"jetpack_sharing_enabled":true,"_links":{"self":[{"href":"https:\/\/kamp.linux.org.tr\/2025-kis\/wp-json\/wp\/v2\/pages\/1517","targetHints":{"allow":["GET"]}}],"collection":[{"href":"https:\/\/kamp.linux.org.tr\/2025-kis\/wp-json\/wp\/v2\/pages"}],"about":[{"href":"https:\/\/kamp.linux.org.tr\/2025-kis\/wp-json\/wp\/v2\/types\/page"}],"author":[{"embeddable":true,"href":"https:\/\/kamp.linux.org.tr\/2025-kis\/wp-json\/wp\/v2\/users\/9"}],"replies":[{"embeddable":true,"href":"https:\/\/kamp.linux.org.tr\/2025-kis\/wp-json\/wp\/v2\/comments?post=1517"}],"version-history":[{"count":3,"href":"https:\/\/kamp.linux.org.tr\/2025-kis\/wp-json\/wp\/v2\/pages\/1517\/revisions"}],"predecessor-version":[{"id":1696,"href":"https:\/\/kamp.linux.org.tr\/2025-kis\/wp-json\/wp\/v2\/pages\/1517\/revisions\/1696"}],"up":[{"embeddable":true,"href":"https:\/\/kamp.linux.org.tr\/2025-kis\/wp-json\/wp\/v2\/pages\/12"}],"wp:attachment":[{"href":"https:\/\/kamp.linux.org.tr\/2025-kis\/wp-json\/wp\/v2\/media?parent=1517"}],"curies":[{"name":"wp","href":"https:\/\/api.w.org\/{rel}","templated":true}]}}