{"id":1523,"date":"2025-01-15T15:11:36","date_gmt":"2025-01-15T12:11:36","guid":{"rendered":"https:\/\/kamp.linux.org.tr\/2025-kis\/?page_id=1523"},"modified":"2025-01-15T15:20:42","modified_gmt":"2025-01-15T12:20:42","slug":"hakan-uygun","status":"publish","type":"page","link":"https:\/\/kamp.linux.org.tr\/2025-kis\/egitmenler\/hakan-uygun\/","title":{"rendered":"Hakan Uygun"},"content":{"rendered":"\n<p>Verdi\u011fi E\u011fitim:\u00a0<a href=\"https:\/\/kamp.linux.org.tr\/2025-kis\/kurslar\/mikroservisler-ile-devops\/\">Mikroservisler ile DevOPS<\/a><\/p>\n\n\n\n<p>\u00c7al\u0131\u015ft\u0131\u011f\u0131 Kurum:\u00a0<a href=\"https:\/\/www.ozguryazilim.com.tr\">\u00d6zg\u00fcr Yaz\u0131l\u0131m A.\u015e.<\/a><\/p>\n\n\n\n<p><\/p>\n","protected":false},"excerpt":{"rendered":"<p>Verdi\u011fi E\u011fitim:\u00a0Mikroservisler ile DevOPS \u00c7al\u0131\u015ft\u0131\u011f\u0131 Kurum:\u00a0\u00d6zg\u00fcr Yaz\u0131l\u0131m A.\u015e.<\/p>\n","protected":false},"author":9,"featured_media":0,"parent":12,"menu_order":0,"comment_status":"closed","ping_status":"closed","template":"","meta":{"footnotes":""},"class_list":["post-1523","page","type-page","status-publish","hentry"],"jetpack_sharing_enabled":true,"_links":{"self":[{"href":"https:\/\/kamp.linux.org.tr\/2025-kis\/wp-json\/wp\/v2\/pages\/1523","targetHints":{"allow":["GET"]}}],"collection":[{"href":"https:\/\/kamp.linux.org.tr\/2025-kis\/wp-json\/wp\/v2\/pages"}],"about":[{"href":"https:\/\/kamp.linux.org.tr\/2025-kis\/wp-json\/wp\/v2\/types\/page"}],"author":[{"embeddable":true,"href":"https:\/\/kamp.linux.org.tr\/2025-kis\/wp-json\/wp\/v2\/users\/9"}],"replies":[{"embeddable":true,"href":"https:\/\/kamp.linux.org.tr\/2025-kis\/wp-json\/wp\/v2\/comments?post=1523"}],"version-history":[{"count":2,"href":"https:\/\/kamp.linux.org.tr\/2025-kis\/wp-json\/wp\/v2\/pages\/1523\/revisions"}],"predecessor-version":[{"id":1529,"href":"https:\/\/kamp.linux.org.tr\/2025-kis\/wp-json\/wp\/v2\/pages\/1523\/revisions\/1529"}],"up":[{"embeddable":true,"href":"https:\/\/kamp.linux.org.tr\/2025-kis\/wp-json\/wp\/v2\/pages\/12"}],"wp:attachment":[{"href":"https:\/\/kamp.linux.org.tr\/2025-kis\/wp-json\/wp\/v2\/media?parent=1523"}],"curies":[{"name":"wp","href":"https:\/\/api.w.org\/{rel}","templated":true}]}}