{"id":1530,"date":"2025-01-15T15:24:17","date_gmt":"2025-01-15T12:24:17","guid":{"rendered":"https:\/\/kamp.linux.org.tr\/2025-kis\/?page_id=1530"},"modified":"2025-01-15T15:24:17","modified_gmt":"2025-01-15T12:24:17","slug":"adem-dogan","status":"publish","type":"page","link":"https:\/\/kamp.linux.org.tr\/2025-kis\/egitmenler\/adem-dogan\/","title":{"rendered":"Adem DO\u011eAN"},"content":{"rendered":"\n<p>Verdi\u011fi E\u011fitim:\u00a0<a href=\"https:\/\/kamp.linux.org.tr\/2025-kis\/kurslar\/depolama-teknolojileri\/\">Depolama Teknolojileri<\/a><\/p>\n\n\n\n<p>\u00c7al\u0131\u015ft\u0131\u011f\u0131 Kurum:\u00a0<a href=\"https:\/\/www.tubitak.gov.tr\">T\u00dcB\u0130TAK ULAKB\u0130M<\/a><\/p>\n","protected":false},"excerpt":{"rendered":"<p>Verdi\u011fi E\u011fitim:\u00a0Depolama Teknolojileri \u00c7al\u0131\u015ft\u0131\u011f\u0131 Kurum:\u00a0T\u00dcB\u0130TAK ULAKB\u0130M<\/p>\n","protected":false},"author":9,"featured_media":0,"parent":12,"menu_order":0,"comment_status":"closed","ping_status":"closed","template":"","meta":{"footnotes":""},"class_list":["post-1530","page","type-page","status-publish","hentry"],"jetpack_sharing_enabled":true,"_links":{"self":[{"href":"https:\/\/kamp.linux.org.tr\/2025-kis\/wp-json\/wp\/v2\/pages\/1530","targetHints":{"allow":["GET"]}}],"collection":[{"href":"https:\/\/kamp.linux.org.tr\/2025-kis\/wp-json\/wp\/v2\/pages"}],"about":[{"href":"https:\/\/kamp.linux.org.tr\/2025-kis\/wp-json\/wp\/v2\/types\/page"}],"author":[{"embeddable":true,"href":"https:\/\/kamp.linux.org.tr\/2025-kis\/wp-json\/wp\/v2\/users\/9"}],"replies":[{"embeddable":true,"href":"https:\/\/kamp.linux.org.tr\/2025-kis\/wp-json\/wp\/v2\/comments?post=1530"}],"version-history":[{"count":1,"href":"https:\/\/kamp.linux.org.tr\/2025-kis\/wp-json\/wp\/v2\/pages\/1530\/revisions"}],"predecessor-version":[{"id":1531,"href":"https:\/\/kamp.linux.org.tr\/2025-kis\/wp-json\/wp\/v2\/pages\/1530\/revisions\/1531"}],"up":[{"embeddable":true,"href":"https:\/\/kamp.linux.org.tr\/2025-kis\/wp-json\/wp\/v2\/pages\/12"}],"wp:attachment":[{"href":"https:\/\/kamp.linux.org.tr\/2025-kis\/wp-json\/wp\/v2\/media?parent=1530"}],"curies":[{"name":"wp","href":"https:\/\/api.w.org\/{rel}","templated":true}]}}