{"id":1536,"date":"2025-01-15T15:35:07","date_gmt":"2025-01-15T12:35:07","guid":{"rendered":"https:\/\/kamp.linux.org.tr\/2025-kis\/?page_id=1536"},"modified":"2025-01-15T15:35:07","modified_gmt":"2025-01-15T12:35:07","slug":"enez-mutluoglu","status":"publish","type":"page","link":"https:\/\/kamp.linux.org.tr\/2025-kis\/egitmenler\/enez-mutluoglu\/","title":{"rendered":"Enez Mutluo\u011flu"},"content":{"rendered":"\n<p id=\"block-17bfc57d-2683-49f5-82d9-02cf23b0a96a\"><strong>Verdi\u011fi E\u011fitim:<\/strong>\u00a0<a href=\"https:\/\/kamp.linux.org.tr\/2025-kis\/kurslar\/postgresql-veritabani-yoneticileri-icin\/\">PostgreSQL: Veritaban\u0131 Y\u00f6neticileri \u0130\u00e7in<\/a><\/p>\n\n\n\n<p id=\"block-d8ec0411-0f33-4ce4-8ec1-d75d2062c9df\"><strong>\u00c7al\u0131\u015ft\u0131\u011f\u0131 Kurum:<\/strong>\u00a0Cooksoft Teknoloji A.\u015e.<\/p>\n","protected":false},"excerpt":{"rendered":"<p>Verdi\u011fi E\u011fitim:\u00a0PostgreSQL: Veritaban\u0131 Y\u00f6neticileri \u0130\u00e7in \u00c7al\u0131\u015ft\u0131\u011f\u0131 Kurum:\u00a0Cooksoft Teknoloji A.\u015e.<\/p>\n","protected":false},"author":9,"featured_media":0,"parent":12,"menu_order":0,"comment_status":"closed","ping_status":"closed","template":"","meta":{"footnotes":""},"class_list":["post-1536","page","type-page","status-publish","hentry"],"jetpack_sharing_enabled":true,"_links":{"self":[{"href":"https:\/\/kamp.linux.org.tr\/2025-kis\/wp-json\/wp\/v2\/pages\/1536","targetHints":{"allow":["GET"]}}],"collection":[{"href":"https:\/\/kamp.linux.org.tr\/2025-kis\/wp-json\/wp\/v2\/pages"}],"about":[{"href":"https:\/\/kamp.linux.org.tr\/2025-kis\/wp-json\/wp\/v2\/types\/page"}],"author":[{"embeddable":true,"href":"https:\/\/kamp.linux.org.tr\/2025-kis\/wp-json\/wp\/v2\/users\/9"}],"replies":[{"embeddable":true,"href":"https:\/\/kamp.linux.org.tr\/2025-kis\/wp-json\/wp\/v2\/comments?post=1536"}],"version-history":[{"count":1,"href":"https:\/\/kamp.linux.org.tr\/2025-kis\/wp-json\/wp\/v2\/pages\/1536\/revisions"}],"predecessor-version":[{"id":1537,"href":"https:\/\/kamp.linux.org.tr\/2025-kis\/wp-json\/wp\/v2\/pages\/1536\/revisions\/1537"}],"up":[{"embeddable":true,"href":"https:\/\/kamp.linux.org.tr\/2025-kis\/wp-json\/wp\/v2\/pages\/12"}],"wp:attachment":[{"href":"https:\/\/kamp.linux.org.tr\/2025-kis\/wp-json\/wp\/v2\/media?parent=1536"}],"curies":[{"name":"wp","href":"https:\/\/api.w.org\/{rel}","templated":true}]}}