{"id":1544,"date":"2025-01-15T15:47:30","date_gmt":"2025-01-15T12:47:30","guid":{"rendered":"https:\/\/kamp.linux.org.tr\/2025-kis\/?page_id=1544"},"modified":"2025-01-15T15:47:30","modified_gmt":"2025-01-15T12:47:30","slug":"fehmican-sarisin","status":"publish","type":"page","link":"https:\/\/kamp.linux.org.tr\/2025-kis\/egitmenler\/fehmican-sarisin\/","title":{"rendered":"Fehmican Sar\u0131\u015f\u0131n"},"content":{"rendered":"\n<p><strong>Verdi\u011fi E\u011fitim:<\/strong>\u00a0<a href=\"https:\/\/kamp.linux.org.tr\/2025-kis\/kurslar\/siber-guvenlikte-tehdit-istihbarati-ve-sorusturma\/\" data-type=\"page\" data-id=\"1453\">Siber G\u00fcvenlikte Tehdit \u0130stihbarat\u0131 ve Soru\u015fturma<\/a><\/p>\n\n\n\n<p><strong>\u00c7al\u0131\u015ft\u0131\u011f\u0131 Kurum:<\/strong>\u00a0Cyberwise<\/p>\n\n\n\n<p><\/p>\n","protected":false},"excerpt":{"rendered":"<p>Verdi\u011fi E\u011fitim:\u00a0Siber G\u00fcvenlikte Tehdit \u0130stihbarat\u0131 ve Soru\u015fturma \u00c7al\u0131\u015ft\u0131\u011f\u0131 Kurum:\u00a0Cyberwise<\/p>\n","protected":false},"author":9,"featured_media":0,"parent":12,"menu_order":0,"comment_status":"closed","ping_status":"closed","template":"","meta":{"footnotes":""},"class_list":["post-1544","page","type-page","status-publish","hentry"],"jetpack_sharing_enabled":true,"_links":{"self":[{"href":"https:\/\/kamp.linux.org.tr\/2025-kis\/wp-json\/wp\/v2\/pages\/1544","targetHints":{"allow":["GET"]}}],"collection":[{"href":"https:\/\/kamp.linux.org.tr\/2025-kis\/wp-json\/wp\/v2\/pages"}],"about":[{"href":"https:\/\/kamp.linux.org.tr\/2025-kis\/wp-json\/wp\/v2\/types\/page"}],"author":[{"embeddable":true,"href":"https:\/\/kamp.linux.org.tr\/2025-kis\/wp-json\/wp\/v2\/users\/9"}],"replies":[{"embeddable":true,"href":"https:\/\/kamp.linux.org.tr\/2025-kis\/wp-json\/wp\/v2\/comments?post=1544"}],"version-history":[{"count":1,"href":"https:\/\/kamp.linux.org.tr\/2025-kis\/wp-json\/wp\/v2\/pages\/1544\/revisions"}],"predecessor-version":[{"id":1545,"href":"https:\/\/kamp.linux.org.tr\/2025-kis\/wp-json\/wp\/v2\/pages\/1544\/revisions\/1545"}],"up":[{"embeddable":true,"href":"https:\/\/kamp.linux.org.tr\/2025-kis\/wp-json\/wp\/v2\/pages\/12"}],"wp:attachment":[{"href":"https:\/\/kamp.linux.org.tr\/2025-kis\/wp-json\/wp\/v2\/media?parent=1544"}],"curies":[{"name":"wp","href":"https:\/\/api.w.org\/{rel}","templated":true}]}}