{"id":1558,"date":"2025-01-15T16:09:49","date_gmt":"2025-01-15T13:09:49","guid":{"rendered":"https:\/\/kamp.linux.org.tr\/2025-kis\/?page_id=1558"},"modified":"2025-01-15T16:09:49","modified_gmt":"2025-01-15T13:09:49","slug":"bahadir-bakkaloglu","status":"publish","type":"page","link":"https:\/\/kamp.linux.org.tr\/2025-kis\/egitmenler\/bahadir-bakkaloglu\/","title":{"rendered":"Bahad\u0131r Bakkalo\u011flu"},"content":{"rendered":"\n<p><strong>Verdi\u011fi E\u011fitim:<\/strong>&nbsp;<a href=\"https:\/\/kamp.linux.org.tr\/2025-kis\/kurslar\/linux-ic-yapisi-ebpfe-giris\/\" data-type=\"page\" data-id=\"1453\">Linux \u0130\u00e7 Yap\u0131s\u0131: eBPF\u2019e Giri\u015f<\/a><\/p>\n\n\n\n<p><strong>\u00c7al\u0131\u015ft\u0131\u011f\u0131 Kurum:<\/strong>\u00a0<\/p>\n","protected":false},"excerpt":{"rendered":"<p>Verdi\u011fi E\u011fitim:&nbsp;Linux \u0130\u00e7 Yap\u0131s\u0131: eBPF\u2019e Giri\u015f \u00c7al\u0131\u015ft\u0131\u011f\u0131 Kurum:\u00a0<\/p>\n","protected":false},"author":9,"featured_media":0,"parent":12,"menu_order":0,"comment_status":"closed","ping_status":"closed","template":"","meta":{"footnotes":""},"class_list":["post-1558","page","type-page","status-publish","hentry"],"jetpack_sharing_enabled":true,"_links":{"self":[{"href":"https:\/\/kamp.linux.org.tr\/2025-kis\/wp-json\/wp\/v2\/pages\/1558","targetHints":{"allow":["GET"]}}],"collection":[{"href":"https:\/\/kamp.linux.org.tr\/2025-kis\/wp-json\/wp\/v2\/pages"}],"about":[{"href":"https:\/\/kamp.linux.org.tr\/2025-kis\/wp-json\/wp\/v2\/types\/page"}],"author":[{"embeddable":true,"href":"https:\/\/kamp.linux.org.tr\/2025-kis\/wp-json\/wp\/v2\/users\/9"}],"replies":[{"embeddable":true,"href":"https:\/\/kamp.linux.org.tr\/2025-kis\/wp-json\/wp\/v2\/comments?post=1558"}],"version-history":[{"count":1,"href":"https:\/\/kamp.linux.org.tr\/2025-kis\/wp-json\/wp\/v2\/pages\/1558\/revisions"}],"predecessor-version":[{"id":1559,"href":"https:\/\/kamp.linux.org.tr\/2025-kis\/wp-json\/wp\/v2\/pages\/1558\/revisions\/1559"}],"up":[{"embeddable":true,"href":"https:\/\/kamp.linux.org.tr\/2025-kis\/wp-json\/wp\/v2\/pages\/12"}],"wp:attachment":[{"href":"https:\/\/kamp.linux.org.tr\/2025-kis\/wp-json\/wp\/v2\/media?parent=1558"}],"curies":[{"name":"wp","href":"https:\/\/api.w.org\/{rel}","templated":true}]}}