{"id":156,"date":"2022-07-27T13:01:33","date_gmt":"2022-07-27T13:01:33","guid":{"rendered":"https:\/\/kamp.linux.org.tr\/2022\/?page_id=156"},"modified":"2022-07-27T13:01:33","modified_gmt":"2022-07-27T13:01:33","slug":"program-kurulu","status":"publish","type":"page","link":"https:\/\/kamp.linux.org.tr\/2025-kis\/program-kurulu\/","title":{"rendered":"Program Kurulu"},"content":{"rendered":"\n<p><strong>Kurul Ba\u015fkan\u0131<\/strong><\/p>\n\n\n\n<p>Doruk Fi\u015fek<\/p>\n\n\n\n<p><strong>Kurul \u00dcyeleri<\/strong> (Alfabetik olarak)<\/p>\n\n\n\n<ul class=\"wp-block-list\">\n<li>Bora G\u00fcng\u00f6ren  (Kamp Komitesi Temsilcisi)<\/li>\n\n\n\n<li>Ender Kelleci (YK Temsilcisi)<\/li>\n\n\n\n<li>Eng\u00fcr Pi\u015firici<\/li>\n\n\n\n<li>Murathan Bostanc\u0131<\/li>\n\n\n\n<li>Onur K\u00fc\u00e7\u00fck<\/li>\n\n\n\n<li>Oya G\u00fcnendi<\/li>\n\n\n\n<li>Serra \u00c7elik<\/li>\n<\/ul>\n","protected":false},"excerpt":{"rendered":"<p>Kurul Ba\u015fkan\u0131 Doruk Fi\u015fek Kurul \u00dcyeleri (Alfabetik olarak)<\/p>\n","protected":false},"author":1,"featured_media":0,"parent":0,"menu_order":0,"comment_status":"closed","ping_status":"closed","template":"","meta":{"footnotes":""},"class_list":["post-156","page","type-page","status-publish","hentry"],"jetpack_sharing_enabled":true,"_links":{"self":[{"href":"https:\/\/kamp.linux.org.tr\/2025-kis\/wp-json\/wp\/v2\/pages\/156","targetHints":{"allow":["GET"]}}],"collection":[{"href":"https:\/\/kamp.linux.org.tr\/2025-kis\/wp-json\/wp\/v2\/pages"}],"about":[{"href":"https:\/\/kamp.linux.org.tr\/2025-kis\/wp-json\/wp\/v2\/types\/page"}],"author":[{"embeddable":true,"href":"https:\/\/kamp.linux.org.tr\/2025-kis\/wp-json\/wp\/v2\/users\/1"}],"replies":[{"embeddable":true,"href":"https:\/\/kamp.linux.org.tr\/2025-kis\/wp-json\/wp\/v2\/comments?post=156"}],"version-history":[{"count":0,"href":"https:\/\/kamp.linux.org.tr\/2025-kis\/wp-json\/wp\/v2\/pages\/156\/revisions"}],"wp:attachment":[{"href":"https:\/\/kamp.linux.org.tr\/2025-kis\/wp-json\/wp\/v2\/media?parent=156"}],"curies":[{"name":"wp","href":"https:\/\/api.w.org\/{rel}","templated":true}]}}