{"id":1570,"date":"2025-01-15T16:23:48","date_gmt":"2025-01-15T13:23:48","guid":{"rendered":"https:\/\/kamp.linux.org.tr\/2025-kis\/?page_id=1570"},"modified":"2025-01-15T16:23:48","modified_gmt":"2025-01-15T13:23:48","slug":"murtaza-sarialtun","status":"publish","type":"page","link":"https:\/\/kamp.linux.org.tr\/2025-kis\/egitmenler\/murtaza-sarialtun\/","title":{"rendered":"Murtaza Sar\u0131altun"},"content":{"rendered":"\n<p><strong>Verdi\u011fi E\u011fitim:<\/strong>&nbsp;<a href=\"https:\/\/kamp.linux.org.tr\/2025-kis\/kurslar\/kubernetes-ve-konteyner-dunyasina-giris\/\" data-type=\"page\" data-id=\"1453\">Kubernetes ve Konteyner D\u00fcnyas\u0131na Giri\u015f<\/a><\/p>\n\n\n\n<p><strong>\u00c7al\u0131\u015ft\u0131\u011f\u0131 Kurum:<\/strong>&nbsp;<a href=\"https:\/\/www.ozguryazilim.com.tr\">\u00d6zg\u00fcr Yaz\u0131l\u0131m A.\u015e<\/a><\/p>\n","protected":false},"excerpt":{"rendered":"<p>Verdi\u011fi E\u011fitim:&nbsp;Kubernetes ve Konteyner D\u00fcnyas\u0131na Giri\u015f \u00c7al\u0131\u015ft\u0131\u011f\u0131 Kurum:&nbsp;\u00d6zg\u00fcr Yaz\u0131l\u0131m A.\u015e<\/p>\n","protected":false},"author":9,"featured_media":0,"parent":12,"menu_order":0,"comment_status":"closed","ping_status":"closed","template":"","meta":{"footnotes":""},"class_list":["post-1570","page","type-page","status-publish","hentry"],"jetpack_sharing_enabled":true,"_links":{"self":[{"href":"https:\/\/kamp.linux.org.tr\/2025-kis\/wp-json\/wp\/v2\/pages\/1570","targetHints":{"allow":["GET"]}}],"collection":[{"href":"https:\/\/kamp.linux.org.tr\/2025-kis\/wp-json\/wp\/v2\/pages"}],"about":[{"href":"https:\/\/kamp.linux.org.tr\/2025-kis\/wp-json\/wp\/v2\/types\/page"}],"author":[{"embeddable":true,"href":"https:\/\/kamp.linux.org.tr\/2025-kis\/wp-json\/wp\/v2\/users\/9"}],"replies":[{"embeddable":true,"href":"https:\/\/kamp.linux.org.tr\/2025-kis\/wp-json\/wp\/v2\/comments?post=1570"}],"version-history":[{"count":1,"href":"https:\/\/kamp.linux.org.tr\/2025-kis\/wp-json\/wp\/v2\/pages\/1570\/revisions"}],"predecessor-version":[{"id":1571,"href":"https:\/\/kamp.linux.org.tr\/2025-kis\/wp-json\/wp\/v2\/pages\/1570\/revisions\/1571"}],"up":[{"embeddable":true,"href":"https:\/\/kamp.linux.org.tr\/2025-kis\/wp-json\/wp\/v2\/pages\/12"}],"wp:attachment":[{"href":"https:\/\/kamp.linux.org.tr\/2025-kis\/wp-json\/wp\/v2\/media?parent=1570"}],"curies":[{"name":"wp","href":"https:\/\/api.w.org\/{rel}","templated":true}]}}