{"id":1578,"date":"2025-01-15T16:51:01","date_gmt":"2025-01-15T13:51:01","guid":{"rendered":"https:\/\/kamp.linux.org.tr\/2025-kis\/?page_id=1578"},"modified":"2025-01-15T16:51:01","modified_gmt":"2025-01-15T13:51:01","slug":"numan-ozdemir","status":"publish","type":"page","link":"https:\/\/kamp.linux.org.tr\/2025-kis\/egitmenler\/numan-ozdemir\/","title":{"rendered":"Numan \u00d6zdemir"},"content":{"rendered":"\n<p><strong>Verdi\u011fi E\u011fitim:<\/strong> <a href=\"https:\/\/kamp.linux.org.tr\/2025-kis\/kurslar\/blokzincire-giris\/\" data-type=\"page\" data-id=\"1431\">Blokzincir&#8217;e Giri\u015f<\/a><\/p>\n\n\n\n<p><strong>\u00c7al\u0131\u015ft\u0131\u011f\u0131 Kurum:<\/strong> Procenne<\/p>\n","protected":false},"excerpt":{"rendered":"<p>Verdi\u011fi E\u011fitim: Blokzincir&#8217;e Giri\u015f \u00c7al\u0131\u015ft\u0131\u011f\u0131 Kurum: Procenne<\/p>\n","protected":false},"author":9,"featured_media":0,"parent":12,"menu_order":0,"comment_status":"closed","ping_status":"closed","template":"","meta":{"footnotes":""},"class_list":["post-1578","page","type-page","status-publish","hentry"],"jetpack_sharing_enabled":true,"_links":{"self":[{"href":"https:\/\/kamp.linux.org.tr\/2025-kis\/wp-json\/wp\/v2\/pages\/1578","targetHints":{"allow":["GET"]}}],"collection":[{"href":"https:\/\/kamp.linux.org.tr\/2025-kis\/wp-json\/wp\/v2\/pages"}],"about":[{"href":"https:\/\/kamp.linux.org.tr\/2025-kis\/wp-json\/wp\/v2\/types\/page"}],"author":[{"embeddable":true,"href":"https:\/\/kamp.linux.org.tr\/2025-kis\/wp-json\/wp\/v2\/users\/9"}],"replies":[{"embeddable":true,"href":"https:\/\/kamp.linux.org.tr\/2025-kis\/wp-json\/wp\/v2\/comments?post=1578"}],"version-history":[{"count":1,"href":"https:\/\/kamp.linux.org.tr\/2025-kis\/wp-json\/wp\/v2\/pages\/1578\/revisions"}],"predecessor-version":[{"id":1579,"href":"https:\/\/kamp.linux.org.tr\/2025-kis\/wp-json\/wp\/v2\/pages\/1578\/revisions\/1579"}],"up":[{"embeddable":true,"href":"https:\/\/kamp.linux.org.tr\/2025-kis\/wp-json\/wp\/v2\/pages\/12"}],"wp:attachment":[{"href":"https:\/\/kamp.linux.org.tr\/2025-kis\/wp-json\/wp\/v2\/media?parent=1578"}],"curies":[{"name":"wp","href":"https:\/\/api.w.org\/{rel}","templated":true}]}}