{"id":16,"date":"2022-07-06T12:58:28","date_gmt":"2022-07-06T09:58:28","guid":{"rendered":"https:\/\/kamp.linux.org.tr\/2022\/?page_id=16"},"modified":"2025-04-10T20:51:12","modified_gmt":"2025-04-10T17:51:12","slug":"destekleyen-kurumlar","status":"publish","type":"page","link":"https:\/\/kamp.linux.org.tr\/2025-kis\/destekleyen-kurumlar\/","title":{"rendered":"Destekleyen Kurumlar"},"content":{"rendered":"\n<p>Mustafa Akg\u00fcl \u00d6zg\u00fcr Yaz\u0131l\u0131m 2025 K\u0131\u015f Kamp\u0131&#8217;na maddi destek olmak isterseniz <a href=\"https:\/\/kamp.linux.org.tr\/2025-kis\/wp-content\/uploads\/sites\/7\/2025\/01\/OYK_2025_Kis_sponsorluk_dosyasi.pdf\" data-type=\"link\" data-id=\"https:\/\/kamp.linux.org.tr\/2025-kis\/wp-content\/uploads\/sites\/7\/2025\/01\/OYK_2025_Kis_sponsorluk_dosyasi.pdf\" target=\"_blank\" rel=\"noreferrer noopener\">sponsorluk dosyam\u0131z\u0131<\/a> inceleyebilirsiniz.<\/p>\n\n\n\n<hr class=\"wp-block-separator has-alpha-channel-opacity\"\/>\n\n\n\n<h3 class=\"wp-block-heading has-text-align-center has-large-font-size\"><strong><em>Organizasyon<\/em><\/strong><\/h3>\n\n\n\n<br><br>\n\n\n\n<div class=\"wp-block-columns is-layout-flex wp-container-core-columns-is-layout-9d6595d7 wp-block-columns-is-layout-flex\">\n<div class=\"wp-block-column is-layout-flow wp-block-column-is-layout-flow\"><div class=\"wp-block-image\">\n<figure class=\"alignright size-full\"><img decoding=\"async\" src=\"https:\/\/kamp.linux.org.tr\/2025-kis\/wp-content\/uploads\/sites\/7\/2023\/01\/tlkd.png\" alt=\"\" class=\"wp-image-380\"\/><\/figure>\n<\/div><\/div>\n\n\n\n<div class=\"wp-block-column is-vertically-aligned-center is-layout-flow wp-block-column-is-layout-flow\">\n<figure class=\"wp-block-image size-full is-resized\"><img decoding=\"async\" src=\"https:\/\/kamp.linux.org.tr\/2025-kis\/wp-content\/uploads\/sites\/7\/2024\/01\/Anadolu_logo_YUVARLAK.png\" alt=\"\" class=\"wp-image-1230\" style=\"width:250px\"\/><\/figure>\n<\/div>\n<\/div>\n\n\n\n<br><br>\n\n\n\n<h3 class=\"wp-block-heading has-text-align-center has-large-font-size\"><em><strong>Destekleyen Kurulu\u015flar<\/strong><\/em><\/h3>\n\n\n\n<br><br>\n\n\n\n<div class=\"wp-block-columns is-layout-flex wp-container-core-columns-is-layout-9d6595d7 wp-block-columns-is-layout-flex\">\n<div class=\"wp-block-column is-layout-flow wp-block-column-is-layout-flow\">\n<figure class=\"wp-block-image size-full\"><img loading=\"lazy\" decoding=\"async\" width=\"679\" height=\"692\" src=\"https:\/\/kamp.linux.org.tr\/2025-kis\/wp-content\/uploads\/sites\/7\/2025\/01\/bmo-logo-1-rgb-transparent-png.webp\" alt=\"\" class=\"wp-image-1792\" srcset=\"https:\/\/kamp.linux.org.tr\/2025-kis\/wp-content\/uploads\/sites\/7\/2025\/01\/bmo-logo-1-rgb-transparent-png.webp 679w, https:\/\/kamp.linux.org.tr\/2025-kis\/wp-content\/uploads\/sites\/7\/2025\/01\/bmo-logo-1-rgb-transparent-294x300.webp 294w\" sizes=\"auto, (max-width: 679px) 100vw, 679px\" \/><\/figure>\n<\/div>\n\n\n\n<div class=\"wp-block-column is-layout-flow wp-block-column-is-layout-flow\">\n<figure class=\"wp-block-image size-large\"><img loading=\"lazy\" decoding=\"async\" width=\"1017\" height=\"1024\" src=\"https:\/\/kamp.linux.org.tr\/2025-kis\/wp-content\/uploads\/sites\/7\/2025\/01\/LOGO-JPEG-1017x1024.webp\" alt=\"\" class=\"wp-image-1800\" srcset=\"https:\/\/kamp.linux.org.tr\/2025-kis\/wp-content\/uploads\/sites\/7\/2025\/01\/LOGO-JPEG-1017x1024.webp 1017w, https:\/\/kamp.linux.org.tr\/2025-kis\/wp-content\/uploads\/sites\/7\/2025\/01\/LOGO-JPEG-298x300.webp 298w, https:\/\/kamp.linux.org.tr\/2025-kis\/wp-content\/uploads\/sites\/7\/2025\/01\/LOGO-JPEG-150x150.webp 150w, https:\/\/kamp.linux.org.tr\/2025-kis\/wp-content\/uploads\/sites\/7\/2025\/01\/LOGO-JPEG-768x773.webp 768w, https:\/\/kamp.linux.org.tr\/2025-kis\/wp-content\/uploads\/sites\/7\/2025\/01\/LOGO-JPEG-1525x1536.webp 1525w, https:\/\/kamp.linux.org.tr\/2025-kis\/wp-content\/uploads\/sites\/7\/2025\/01\/LOGO-JPEG-2034x2048.webp 2034w\" sizes=\"auto, (max-width: 1017px) 100vw, 1017px\" \/><\/figure>\n<\/div>\n\n\n\n<div class=\"wp-block-column is-layout-flow wp-block-column-is-layout-flow\">\n<figure class=\"wp-block-image size-full\"><img loading=\"lazy\" decoding=\"async\" width=\"800\" height=\"800\" src=\"https:\/\/kamp.linux.org.tr\/2025-kis\/wp-content\/uploads\/sites\/7\/2024\/01\/308878319_455408976624236_1553411580966457741_n.png\" alt=\"\" class=\"wp-image-1219\" srcset=\"https:\/\/kamp.linux.org.tr\/2025-kis\/wp-content\/uploads\/sites\/7\/2024\/01\/308878319_455408976624236_1553411580966457741_n.png 800w, https:\/\/kamp.linux.org.tr\/2025-kis\/wp-content\/uploads\/sites\/7\/2024\/01\/308878319_455408976624236_1553411580966457741_n-300x300.avif 300w, https:\/\/kamp.linux.org.tr\/2025-kis\/wp-content\/uploads\/sites\/7\/2024\/01\/308878319_455408976624236_1553411580966457741_n-150x150.avif 150w, https:\/\/kamp.linux.org.tr\/2025-kis\/wp-content\/uploads\/sites\/7\/2024\/01\/308878319_455408976624236_1553411580966457741_n-768x768.avif 768w\" sizes=\"auto, (max-width: 800px) 100vw, 800px\" \/><\/figure>\n<\/div>\n<\/div>\n\n\n\n<div class=\"wp-block-columns is-layout-flex wp-container-core-columns-is-layout-9d6595d7 wp-block-columns-is-layout-flex\">\n<div class=\"wp-block-column is-layout-flow wp-block-column-is-layout-flow\">\n<figure class=\"wp-block-image size-full\"><img loading=\"lazy\" decoding=\"async\" width=\"350\" height=\"350\" src=\"https:\/\/kamp.linux.org.tr\/2025-kis\/wp-content\/uploads\/sites\/7\/2025\/02\/pardus_yatay-1-png.webp\" alt=\"\" class=\"wp-image-1811\" srcset=\"https:\/\/kamp.linux.org.tr\/2025-kis\/wp-content\/uploads\/sites\/7\/2025\/02\/pardus_yatay-1-png.webp 350w, https:\/\/kamp.linux.org.tr\/2025-kis\/wp-content\/uploads\/sites\/7\/2025\/02\/pardus_yatay-1-300x300.webp 300w, https:\/\/kamp.linux.org.tr\/2025-kis\/wp-content\/uploads\/sites\/7\/2025\/02\/pardus_yatay-1-150x150.webp 150w\" sizes=\"auto, (max-width: 350px) 100vw, 350px\" \/><\/figure>\n<\/div>\n\n\n\n<div class=\"wp-block-column is-layout-flow wp-block-column-is-layout-flow\"><\/div>\n\n\n\n<div class=\"wp-block-column is-layout-flow wp-block-column-is-layout-flow\"><\/div>\n<\/div>\n\n\n\n<br><br>\n\n\n\n<h3 class=\"wp-block-heading has-text-align-center has-large-font-size\"><em><strong>Alt\u0131n Sponsor<\/strong><\/em><\/h3>\n\n\n\n<br><br>\n\n\n\n<div class=\"wp-block-columns is-layout-flex wp-container-core-columns-is-layout-9d6595d7 wp-block-columns-is-layout-flex\">\n<div class=\"wp-block-column is-layout-flow wp-block-column-is-layout-flow\">\n<figure class=\"wp-block-image size-full\"><img loading=\"lazy\" decoding=\"async\" width=\"597\" height=\"116\" src=\"https:\/\/kamp.linux.org.tr\/2025-kis\/wp-content\/uploads\/sites\/7\/2025\/01\/Profelis_Logo_Site-300x58-1.webp\" alt=\"\" class=\"wp-image-1785\" srcset=\"https:\/\/kamp.linux.org.tr\/2025-kis\/wp-content\/uploads\/sites\/7\/2025\/01\/Profelis_Logo_Site-300x58-1.webp 597w, https:\/\/kamp.linux.org.tr\/2025-kis\/wp-content\/uploads\/sites\/7\/2025\/01\/Profelis_Logo_Site-300x58-1-300x58.webp 300w\" sizes=\"auto, (max-width: 597px) 100vw, 597px\" \/><\/figure>\n<\/div>\n\n\n\n<div class=\"wp-block-column is-layout-flow wp-block-column-is-layout-flow\"><\/div>\n\n\n\n<div class=\"wp-block-column is-layout-flow wp-block-column-is-layout-flow\"><\/div>\n<\/div>\n\n\n\n<br><br>\n\n\n\n<h3 class=\"wp-block-heading has-text-align-center has-large-font-size\"><em><strong>G\u00fcm\u00fc\u015f Sponsor<\/strong><\/em><\/h3>\n\n\n\n<br><br>\n\n\n\n<div class=\"wp-block-columns is-layout-flex wp-container-core-columns-is-layout-9d6595d7 wp-block-columns-is-layout-flex\">\n<div class=\"wp-block-column is-layout-flow wp-block-column-is-layout-flow\">\n<figure class=\"wp-block-image size-large\"><img loading=\"lazy\" decoding=\"async\" width=\"1024\" height=\"301\" src=\"https:\/\/kamp.linux.org.tr\/2025-kis\/wp-content\/uploads\/sites\/7\/2025\/01\/Clicker-Games-Logo-Black-1024x301.webp\" alt=\"\" class=\"wp-image-1796\" srcset=\"https:\/\/kamp.linux.org.tr\/2025-kis\/wp-content\/uploads\/sites\/7\/2025\/01\/Clicker-Games-Logo-Black-1024x301.webp 1024w, https:\/\/kamp.linux.org.tr\/2025-kis\/wp-content\/uploads\/sites\/7\/2025\/01\/Clicker-Games-Logo-Black-300x88.webp 300w, https:\/\/kamp.linux.org.tr\/2025-kis\/wp-content\/uploads\/sites\/7\/2025\/01\/Clicker-Games-Logo-Black-768x226.webp 768w, https:\/\/kamp.linux.org.tr\/2025-kis\/wp-content\/uploads\/sites\/7\/2025\/01\/Clicker-Games-Logo-Black-1536x452.webp 1536w, https:\/\/kamp.linux.org.tr\/2025-kis\/wp-content\/uploads\/sites\/7\/2025\/01\/Clicker-Games-Logo-Black-2048x602.webp 2048w\" sizes=\"auto, (max-width: 1024px) 100vw, 1024px\" \/><\/figure>\n<\/div>\n\n\n\n<div class=\"wp-block-column is-layout-flow wp-block-column-is-layout-flow\"><\/div>\n\n\n\n<div class=\"wp-block-column is-layout-flow wp-block-column-is-layout-flow\"><\/div>\n<\/div>\n\n\n\n<br><br>\n\n\n\n<h3 class=\"wp-block-heading has-text-align-center has-large-font-size\"><em><strong>Platin Sponsor<\/strong><\/em><\/h3>\n\n\n\n<br><br>\n\n\n\n<div class=\"wp-block-columns is-layout-flex wp-container-core-columns-is-layout-9d6595d7 wp-block-columns-is-layout-flex\">\n<div class=\"wp-block-column is-layout-flow wp-block-column-is-layout-flow\">\n<figure class=\"wp-block-image size-full\"><img loading=\"lazy\" decoding=\"async\" width=\"224\" height=\"150\" src=\"https:\/\/kamp.linux.org.tr\/2025-kis\/wp-content\/uploads\/sites\/7\/2025\/01\/ozgur_yazilim_as-png.webp\" alt=\"\" class=\"wp-image-1418\"\/><\/figure>\n<\/div>\n\n\n\n<div class=\"wp-block-column is-layout-flow wp-block-column-is-layout-flow\"><\/div>\n\n\n\n<div class=\"wp-block-column is-layout-flow wp-block-column-is-layout-flow\"><\/div>\n<\/div>\n\n\n\n<br><br>\n\n\n\n<h3 class=\"wp-block-heading has-text-align-center has-large-font-size\"><em><strong>Yaka Kart\u0131 Sponsorlar\u0131<\/strong><\/em><\/h3>\n\n\n\n<br><br>\n\n\n\n<div class=\"wp-block-columns is-layout-flex wp-container-core-columns-is-layout-9d6595d7 wp-block-columns-is-layout-flex\">\n<div class=\"wp-block-column is-layout-flow wp-block-column-is-layout-flow\">\n<figure class=\"wp-block-image size-full\"><img loading=\"lazy\" decoding=\"async\" width=\"1024\" height=\"203\" src=\"https:\/\/kamp.linux.org.tr\/2025-kis\/wp-content\/uploads\/sites\/7\/2025\/01\/MonoLogo-1024x203-1-png.webp\" alt=\"\" class=\"wp-image-1419\" srcset=\"https:\/\/kamp.linux.org.tr\/2025-kis\/wp-content\/uploads\/sites\/7\/2025\/01\/MonoLogo-1024x203-1-png.webp 1024w, https:\/\/kamp.linux.org.tr\/2025-kis\/wp-content\/uploads\/sites\/7\/2025\/01\/MonoLogo-1024x203-1-300x59.webp 300w, https:\/\/kamp.linux.org.tr\/2025-kis\/wp-content\/uploads\/sites\/7\/2025\/01\/MonoLogo-1024x203-1-768x152.webp 768w\" sizes=\"auto, (max-width: 1024px) 100vw, 1024px\" \/><\/figure>\n<\/div>\n\n\n\n<div class=\"wp-block-column is-layout-flow wp-block-column-is-layout-flow\">\n<figure class=\"wp-block-image size-full\"><img loading=\"lazy\" decoding=\"async\" width=\"794\" height=\"160\" src=\"https:\/\/kamp.linux.org.tr\/2025-kis\/wp-content\/uploads\/sites\/7\/2025\/01\/sambabox-png.webp\" alt=\"\" class=\"wp-image-1786\" srcset=\"https:\/\/kamp.linux.org.tr\/2025-kis\/wp-content\/uploads\/sites\/7\/2025\/01\/sambabox-png.webp 794w, https:\/\/kamp.linux.org.tr\/2025-kis\/wp-content\/uploads\/sites\/7\/2025\/01\/sambabox-300x60.webp 300w, https:\/\/kamp.linux.org.tr\/2025-kis\/wp-content\/uploads\/sites\/7\/2025\/01\/sambabox-768x155.webp 768w\" sizes=\"auto, (max-width: 794px) 100vw, 794px\" \/><\/figure>\n<\/div>\n\n\n\n<div class=\"wp-block-column is-layout-flow wp-block-column-is-layout-flow\"><\/div>\n<\/div>\n\n\n\n<br><br>\n\n\n\n<h3 class=\"wp-block-heading has-text-align-center has-large-font-size\"><strong><em>Foto\u011fraf Alan\u0131 Sponsoru<\/em><\/strong><\/h3>\n\n\n\n<div class=\"wp-block-columns is-layout-flex wp-container-core-columns-is-layout-9d6595d7 wp-block-columns-is-layout-flex\">\n<div class=\"wp-block-column is-layout-flow wp-block-column-is-layout-flow\"><\/div>\n\n\n\n<div class=\"wp-block-column is-layout-flow wp-block-column-is-layout-flow\"><\/div>\n\n\n\n<div class=\"wp-block-column is-layout-flow wp-block-column-is-layout-flow\"><\/div>\n<\/div>\n\n\n\n<br><br>\n\n\n\n<h3 class=\"wp-block-heading has-text-align-center has-large-font-size\">\u0130kram Sponsorlar\u0131<\/h3>\n\n\n\n<br><br>\n\n\n\n<h3 class=\"wp-block-heading has-text-align-center has-large-font-size\">Kat\u0131l\u0131mc\u0131 Ula\u015f\u0131m Sponsorlar\u0131<\/h3>\n","protected":false},"excerpt":{"rendered":"<p>Mustafa Akg\u00fcl \u00d6zg\u00fcr Yaz\u0131l\u0131m 2025 K\u0131\u015f Kamp\u0131&#8217;na maddi destek olmak isterseniz sponsorluk dosyam\u0131z\u0131 inceleyebilirsiniz. Organizasyon Destekleyen Kurulu\u015flar Alt\u0131n Sponsor G\u00fcm\u00fc\u015f Sponsor Platin Sponsor Yaka Kart\u0131 Sponsorlar\u0131 Foto\u011fraf Alan\u0131 Sponsoru \u0130kram Sponsorlar\u0131 Kat\u0131l\u0131mc\u0131 Ula\u015f\u0131m Sponsorlar\u0131<\/p>\n","protected":false},"author":1,"featured_media":0,"parent":0,"menu_order":0,"comment_status":"closed","ping_status":"closed","template":"ortalanmis-icerik.php","meta":{"footnotes":""},"class_list":["post-16","page","type-page","status-publish","hentry"],"jetpack_sharing_enabled":true,"_links":{"self":[{"href":"https:\/\/kamp.linux.org.tr\/2025-kis\/wp-json\/wp\/v2\/pages\/16","targetHints":{"allow":["GET"]}}],"collection":[{"href":"https:\/\/kamp.linux.org.tr\/2025-kis\/wp-json\/wp\/v2\/pages"}],"about":[{"href":"https:\/\/kamp.linux.org.tr\/2025-kis\/wp-json\/wp\/v2\/types\/page"}],"author":[{"embeddable":true,"href":"https:\/\/kamp.linux.org.tr\/2025-kis\/wp-json\/wp\/v2\/users\/1"}],"replies":[{"embeddable":true,"href":"https:\/\/kamp.linux.org.tr\/2025-kis\/wp-json\/wp\/v2\/comments?post=16"}],"version-history":[{"count":17,"href":"https:\/\/kamp.linux.org.tr\/2025-kis\/wp-json\/wp\/v2\/pages\/16\/revisions"}],"predecessor-version":[{"id":1819,"href":"https:\/\/kamp.linux.org.tr\/2025-kis\/wp-json\/wp\/v2\/pages\/16\/revisions\/1819"}],"wp:attachment":[{"href":"https:\/\/kamp.linux.org.tr\/2025-kis\/wp-json\/wp\/v2\/media?parent=16"}],"curies":[{"name":"wp","href":"https:\/\/api.w.org\/{rel}","templated":true}]}}