{"id":1604,"date":"2025-01-15T17:30:41","date_gmt":"2025-01-15T14:30:41","guid":{"rendered":"https:\/\/kamp.linux.org.tr\/2025-kis\/?page_id=1604"},"modified":"2025-01-15T17:30:41","modified_gmt":"2025-01-15T14:30:41","slug":"elif-ozge-ozdamar","status":"publish","type":"page","link":"https:\/\/kamp.linux.org.tr\/2025-kis\/egitmenler\/elif-ozge-ozdamar\/","title":{"rendered":"Elif \u00d6zge \u00d6zdamar"},"content":{"rendered":"\n<p><strong>Verdi\u011fi E\u011fitim:<\/strong> <a href=\"https:\/\/kamp.linux.org.tr\/2025-kis\/kurslar\/r-ve-python-ile-veri-gorsellestirme\/\">R ve Python ile Veri G\u00f6rselle\u015ftirme<\/a><\/p>\n\n\n\n<p><strong>\u00c7al\u0131\u015ft\u0131\u011f\u0131 Kurum:<\/strong> <a href=\"https:\/\/www.msgsu.edu.tr\">Mimar Sinan G\u00fczel Sanatlar \u00dcniversitesi<\/a><\/p>\n\n\n\n<p><\/p>\n","protected":false},"excerpt":{"rendered":"<p>Verdi\u011fi E\u011fitim: R ve Python ile Veri G\u00f6rselle\u015ftirme \u00c7al\u0131\u015ft\u0131\u011f\u0131 Kurum: Mimar Sinan G\u00fczel Sanatlar \u00dcniversitesi<\/p>\n","protected":false},"author":9,"featured_media":0,"parent":12,"menu_order":0,"comment_status":"closed","ping_status":"closed","template":"","meta":{"footnotes":""},"class_list":["post-1604","page","type-page","status-publish","hentry"],"jetpack_sharing_enabled":true,"_links":{"self":[{"href":"https:\/\/kamp.linux.org.tr\/2025-kis\/wp-json\/wp\/v2\/pages\/1604","targetHints":{"allow":["GET"]}}],"collection":[{"href":"https:\/\/kamp.linux.org.tr\/2025-kis\/wp-json\/wp\/v2\/pages"}],"about":[{"href":"https:\/\/kamp.linux.org.tr\/2025-kis\/wp-json\/wp\/v2\/types\/page"}],"author":[{"embeddable":true,"href":"https:\/\/kamp.linux.org.tr\/2025-kis\/wp-json\/wp\/v2\/users\/9"}],"replies":[{"embeddable":true,"href":"https:\/\/kamp.linux.org.tr\/2025-kis\/wp-json\/wp\/v2\/comments?post=1604"}],"version-history":[{"count":1,"href":"https:\/\/kamp.linux.org.tr\/2025-kis\/wp-json\/wp\/v2\/pages\/1604\/revisions"}],"predecessor-version":[{"id":1606,"href":"https:\/\/kamp.linux.org.tr\/2025-kis\/wp-json\/wp\/v2\/pages\/1604\/revisions\/1606"}],"up":[{"embeddable":true,"href":"https:\/\/kamp.linux.org.tr\/2025-kis\/wp-json\/wp\/v2\/pages\/12"}],"wp:attachment":[{"href":"https:\/\/kamp.linux.org.tr\/2025-kis\/wp-json\/wp\/v2\/media?parent=1604"}],"curies":[{"name":"wp","href":"https:\/\/api.w.org\/{rel}","templated":true}]}}