{"id":1610,"date":"2025-01-15T17:41:37","date_gmt":"2025-01-15T14:41:37","guid":{"rendered":"https:\/\/kamp.linux.org.tr\/2025-kis\/?page_id=1610"},"modified":"2025-01-15T17:42:23","modified_gmt":"2025-01-15T14:42:23","slug":"gokhan-akin","status":"publish","type":"page","link":"https:\/\/kamp.linux.org.tr\/2025-kis\/egitmenler\/gokhan-akin\/","title":{"rendered":"G\u00f6khan Ak\u0131n"},"content":{"rendered":"\n<p><strong>Verdi\u011fi E\u011fitim:<\/strong> <a href=\"https:\/\/kamp.linux.org.tr\/2025-kis\/kurslar\/ag-yoneticiligine-giris\/\">A\u011f Y\u00f6neticili\u011fine Giri\u015f<\/a><\/p>\n\n\n\n<p><strong>\u00c7al\u0131\u015ft\u0131\u011f\u0131 Kurum:<\/strong> <a href=\"https:\/\/www.agyoneticileri.org\">AYD<\/a><\/p>\n","protected":false},"excerpt":{"rendered":"<p>Verdi\u011fi E\u011fitim: A\u011f Y\u00f6neticili\u011fine Giri\u015f \u00c7al\u0131\u015ft\u0131\u011f\u0131 Kurum: AYD<\/p>\n","protected":false},"author":9,"featured_media":0,"parent":12,"menu_order":0,"comment_status":"closed","ping_status":"closed","template":"","meta":{"footnotes":""},"class_list":["post-1610","page","type-page","status-publish","hentry"],"jetpack_sharing_enabled":true,"_links":{"self":[{"href":"https:\/\/kamp.linux.org.tr\/2025-kis\/wp-json\/wp\/v2\/pages\/1610","targetHints":{"allow":["GET"]}}],"collection":[{"href":"https:\/\/kamp.linux.org.tr\/2025-kis\/wp-json\/wp\/v2\/pages"}],"about":[{"href":"https:\/\/kamp.linux.org.tr\/2025-kis\/wp-json\/wp\/v2\/types\/page"}],"author":[{"embeddable":true,"href":"https:\/\/kamp.linux.org.tr\/2025-kis\/wp-json\/wp\/v2\/users\/9"}],"replies":[{"embeddable":true,"href":"https:\/\/kamp.linux.org.tr\/2025-kis\/wp-json\/wp\/v2\/comments?post=1610"}],"version-history":[{"count":2,"href":"https:\/\/kamp.linux.org.tr\/2025-kis\/wp-json\/wp\/v2\/pages\/1610\/revisions"}],"predecessor-version":[{"id":1615,"href":"https:\/\/kamp.linux.org.tr\/2025-kis\/wp-json\/wp\/v2\/pages\/1610\/revisions\/1615"}],"up":[{"embeddable":true,"href":"https:\/\/kamp.linux.org.tr\/2025-kis\/wp-json\/wp\/v2\/pages\/12"}],"wp:attachment":[{"href":"https:\/\/kamp.linux.org.tr\/2025-kis\/wp-json\/wp\/v2\/media?parent=1610"}],"curies":[{"name":"wp","href":"https:\/\/api.w.org\/{rel}","templated":true}]}}