{"id":1611,"date":"2025-01-15T17:41:44","date_gmt":"2025-01-15T14:41:44","guid":{"rendered":"https:\/\/kamp.linux.org.tr\/2025-kis\/?page_id=1611"},"modified":"2025-01-15T17:41:44","modified_gmt":"2025-01-15T14:41:44","slug":"ozan-buk","status":"publish","type":"page","link":"https:\/\/kamp.linux.org.tr\/2025-kis\/egitmenler\/ozan-buk\/","title":{"rendered":"Ozan B\u00fck"},"content":{"rendered":"\n<p><strong>Verdi\u011fi E\u011fitim:<\/strong> <a href=\"https:\/\/kamp.linux.org.tr\/2025-kis\/kurslar\/ag-yoneticiligine-giris\/\">A\u011f Y\u00f6neticili\u011fine Giri\u015f<\/a><\/p>\n\n\n\n<p><strong>\u00c7al\u0131\u015ft\u0131\u011f\u0131 Kurum:<\/strong> <a href=\"https:\/\/www.agyoneticileri.org\">AYD<\/a><\/p>\n","protected":false},"excerpt":{"rendered":"<p>Verdi\u011fi E\u011fitim: A\u011f Y\u00f6neticili\u011fine Giri\u015f \u00c7al\u0131\u015ft\u0131\u011f\u0131 Kurum: AYD<\/p>\n","protected":false},"author":9,"featured_media":0,"parent":12,"menu_order":0,"comment_status":"closed","ping_status":"closed","template":"","meta":{"footnotes":""},"class_list":["post-1611","page","type-page","status-publish","hentry"],"jetpack_sharing_enabled":true,"_links":{"self":[{"href":"https:\/\/kamp.linux.org.tr\/2025-kis\/wp-json\/wp\/v2\/pages\/1611","targetHints":{"allow":["GET"]}}],"collection":[{"href":"https:\/\/kamp.linux.org.tr\/2025-kis\/wp-json\/wp\/v2\/pages"}],"about":[{"href":"https:\/\/kamp.linux.org.tr\/2025-kis\/wp-json\/wp\/v2\/types\/page"}],"author":[{"embeddable":true,"href":"https:\/\/kamp.linux.org.tr\/2025-kis\/wp-json\/wp\/v2\/users\/9"}],"replies":[{"embeddable":true,"href":"https:\/\/kamp.linux.org.tr\/2025-kis\/wp-json\/wp\/v2\/comments?post=1611"}],"version-history":[{"count":1,"href":"https:\/\/kamp.linux.org.tr\/2025-kis\/wp-json\/wp\/v2\/pages\/1611\/revisions"}],"predecessor-version":[{"id":1614,"href":"https:\/\/kamp.linux.org.tr\/2025-kis\/wp-json\/wp\/v2\/pages\/1611\/revisions\/1614"}],"up":[{"embeddable":true,"href":"https:\/\/kamp.linux.org.tr\/2025-kis\/wp-json\/wp\/v2\/pages\/12"}],"wp:attachment":[{"href":"https:\/\/kamp.linux.org.tr\/2025-kis\/wp-json\/wp\/v2\/media?parent=1611"}],"curies":[{"name":"wp","href":"https:\/\/api.w.org\/{rel}","templated":true}]}}