{"id":1618,"date":"2025-01-15T17:47:07","date_gmt":"2025-01-15T14:47:07","guid":{"rendered":"https:\/\/kamp.linux.org.tr\/2025-kis\/?page_id=1618"},"modified":"2025-01-15T17:47:07","modified_gmt":"2025-01-15T14:47:07","slug":"muhammed-kahraman","status":"publish","type":"page","link":"https:\/\/kamp.linux.org.tr\/2025-kis\/egitmenler\/muhammed-kahraman\/","title":{"rendered":"Muhammed Kahraman"},"content":{"rendered":"\n<p><strong>Verdi\u011fi E\u011fitim:<\/strong>\u00a0<a href=\"https:\/\/kamp.linux.org.tr\/2025-kis\/kurslar\/on-yuze-front-end-giris\/\">\u00d6n-Y\u00fcz\u2019e (Front-end) Giri\u015f<\/a><\/p>\n\n\n\n<p><strong>\u00c7al\u0131\u015ft\u0131\u011f\u0131 Kurum:<\/strong>\u00a0PwC Turkey<\/p>\n","protected":false},"excerpt":{"rendered":"<p>Verdi\u011fi E\u011fitim:\u00a0\u00d6n-Y\u00fcz\u2019e (Front-end) Giri\u015f \u00c7al\u0131\u015ft\u0131\u011f\u0131 Kurum:\u00a0PwC Turkey<\/p>\n","protected":false},"author":9,"featured_media":0,"parent":12,"menu_order":0,"comment_status":"closed","ping_status":"closed","template":"","meta":{"footnotes":""},"class_list":["post-1618","page","type-page","status-publish","hentry"],"jetpack_sharing_enabled":true,"_links":{"self":[{"href":"https:\/\/kamp.linux.org.tr\/2025-kis\/wp-json\/wp\/v2\/pages\/1618","targetHints":{"allow":["GET"]}}],"collection":[{"href":"https:\/\/kamp.linux.org.tr\/2025-kis\/wp-json\/wp\/v2\/pages"}],"about":[{"href":"https:\/\/kamp.linux.org.tr\/2025-kis\/wp-json\/wp\/v2\/types\/page"}],"author":[{"embeddable":true,"href":"https:\/\/kamp.linux.org.tr\/2025-kis\/wp-json\/wp\/v2\/users\/9"}],"replies":[{"embeddable":true,"href":"https:\/\/kamp.linux.org.tr\/2025-kis\/wp-json\/wp\/v2\/comments?post=1618"}],"version-history":[{"count":1,"href":"https:\/\/kamp.linux.org.tr\/2025-kis\/wp-json\/wp\/v2\/pages\/1618\/revisions"}],"predecessor-version":[{"id":1620,"href":"https:\/\/kamp.linux.org.tr\/2025-kis\/wp-json\/wp\/v2\/pages\/1618\/revisions\/1620"}],"up":[{"embeddable":true,"href":"https:\/\/kamp.linux.org.tr\/2025-kis\/wp-json\/wp\/v2\/pages\/12"}],"wp:attachment":[{"href":"https:\/\/kamp.linux.org.tr\/2025-kis\/wp-json\/wp\/v2\/media?parent=1618"}],"curies":[{"name":"wp","href":"https:\/\/api.w.org\/{rel}","templated":true}]}}