{"id":1625,"date":"2025-01-15T17:53:49","date_gmt":"2025-01-15T14:53:49","guid":{"rendered":"https:\/\/kamp.linux.org.tr\/2025-kis\/?page_id=1625"},"modified":"2025-01-15T17:53:49","modified_gmt":"2025-01-15T14:53:49","slug":"yunus-yasar","status":"publish","type":"page","link":"https:\/\/kamp.linux.org.tr\/2025-kis\/egitmenler\/yunus-yasar\/","title":{"rendered":"Yunus Ya\u015far"},"content":{"rendered":"\n<p><strong>Verdi\u011fi E\u011fitim:<\/strong>\u00a0<a href=\"https:\/\/kamp.linux.org.tr\/2025-kis\/kurslar\/jenkins-ile-ci-cd\/\">Jenkins ile CI\/CD<\/a><\/p>\n\n\n\n<p><strong>\u00c7al\u0131\u015ft\u0131\u011f\u0131 Kurum:<\/strong>\u00a0<a href=\"https:\/\/www.sahibinden.com\">Sahibinden<\/a><\/p>\n","protected":false},"excerpt":{"rendered":"<p>Verdi\u011fi E\u011fitim:\u00a0Jenkins ile CI\/CD \u00c7al\u0131\u015ft\u0131\u011f\u0131 Kurum:\u00a0Sahibinden<\/p>\n","protected":false},"author":9,"featured_media":0,"parent":12,"menu_order":0,"comment_status":"closed","ping_status":"closed","template":"","meta":{"footnotes":""},"class_list":["post-1625","page","type-page","status-publish","hentry"],"jetpack_sharing_enabled":true,"_links":{"self":[{"href":"https:\/\/kamp.linux.org.tr\/2025-kis\/wp-json\/wp\/v2\/pages\/1625","targetHints":{"allow":["GET"]}}],"collection":[{"href":"https:\/\/kamp.linux.org.tr\/2025-kis\/wp-json\/wp\/v2\/pages"}],"about":[{"href":"https:\/\/kamp.linux.org.tr\/2025-kis\/wp-json\/wp\/v2\/types\/page"}],"author":[{"embeddable":true,"href":"https:\/\/kamp.linux.org.tr\/2025-kis\/wp-json\/wp\/v2\/users\/9"}],"replies":[{"embeddable":true,"href":"https:\/\/kamp.linux.org.tr\/2025-kis\/wp-json\/wp\/v2\/comments?post=1625"}],"version-history":[{"count":1,"href":"https:\/\/kamp.linux.org.tr\/2025-kis\/wp-json\/wp\/v2\/pages\/1625\/revisions"}],"predecessor-version":[{"id":1627,"href":"https:\/\/kamp.linux.org.tr\/2025-kis\/wp-json\/wp\/v2\/pages\/1625\/revisions\/1627"}],"up":[{"embeddable":true,"href":"https:\/\/kamp.linux.org.tr\/2025-kis\/wp-json\/wp\/v2\/pages\/12"}],"wp:attachment":[{"href":"https:\/\/kamp.linux.org.tr\/2025-kis\/wp-json\/wp\/v2\/media?parent=1625"}],"curies":[{"name":"wp","href":"https:\/\/api.w.org\/{rel}","templated":true}]}}