{"id":1630,"date":"2025-01-15T18:06:12","date_gmt":"2025-01-15T15:06:12","guid":{"rendered":"https:\/\/kamp.linux.org.tr\/2025-kis\/?page_id=1630"},"modified":"2025-02-07T10:40:33","modified_gmt":"2025-02-07T07:40:33","slug":"ahmetcan-irdem","status":"publish","type":"page","link":"https:\/\/kamp.linux.org.tr\/2025-kis\/egitmenler\/ahmetcan-irdem\/","title":{"rendered":"Ahmetcan \u0130rdem"},"content":{"rendered":"\n<p><strong>Verdi\u011fi E\u011fitim:<\/strong> <a href=\"https:\/\/kamp.linux.org.tr\/2025-kis\/kurslar\/gnu-linux-sistem-yonetimi-0-5\/\">GNU\/Linux Sistem Y\u00f6netimi 0.5<\/a><\/p>\n\n\n\n<p><strong>\u00c7al\u0131\u015ft\u0131\u011f\u0131 Kurum:<\/strong> <a href=\"https:\/\/kartaca.com\/\" data-type=\"link\" data-id=\"https:\/\/kartaca.com\/\">Kartaca<\/a><\/p>\n\n\n\n<p><\/p>\n","protected":false},"excerpt":{"rendered":"<p>Verdi\u011fi E\u011fitim: GNU\/Linux Sistem Y\u00f6netimi 0.5 \u00c7al\u0131\u015ft\u0131\u011f\u0131 Kurum: Kartaca<\/p>\n","protected":false},"author":9,"featured_media":0,"parent":12,"menu_order":0,"comment_status":"closed","ping_status":"closed","template":"","meta":{"footnotes":""},"class_list":["post-1630","page","type-page","status-publish","hentry"],"jetpack_sharing_enabled":true,"_links":{"self":[{"href":"https:\/\/kamp.linux.org.tr\/2025-kis\/wp-json\/wp\/v2\/pages\/1630","targetHints":{"allow":["GET"]}}],"collection":[{"href":"https:\/\/kamp.linux.org.tr\/2025-kis\/wp-json\/wp\/v2\/pages"}],"about":[{"href":"https:\/\/kamp.linux.org.tr\/2025-kis\/wp-json\/wp\/v2\/types\/page"}],"author":[{"embeddable":true,"href":"https:\/\/kamp.linux.org.tr\/2025-kis\/wp-json\/wp\/v2\/users\/9"}],"replies":[{"embeddable":true,"href":"https:\/\/kamp.linux.org.tr\/2025-kis\/wp-json\/wp\/v2\/comments?post=1630"}],"version-history":[{"count":2,"href":"https:\/\/kamp.linux.org.tr\/2025-kis\/wp-json\/wp\/v2\/pages\/1630\/revisions"}],"predecessor-version":[{"id":1804,"href":"https:\/\/kamp.linux.org.tr\/2025-kis\/wp-json\/wp\/v2\/pages\/1630\/revisions\/1804"}],"up":[{"embeddable":true,"href":"https:\/\/kamp.linux.org.tr\/2025-kis\/wp-json\/wp\/v2\/pages\/12"}],"wp:attachment":[{"href":"https:\/\/kamp.linux.org.tr\/2025-kis\/wp-json\/wp\/v2\/media?parent=1630"}],"curies":[{"name":"wp","href":"https:\/\/api.w.org\/{rel}","templated":true}]}}