{"id":362,"date":"2022-07-06T12:57:00","date_gmt":"2022-07-06T12:57:00","guid":{"rendered":"https:\/\/kamp.linux.org.tr\/2022\/?page_id=8"},"modified":"2025-01-15T19:53:48","modified_gmt":"2025-01-15T16:53:48","slug":"kurslar","status":"publish","type":"page","link":"https:\/\/kamp.linux.org.tr\/2025-kis\/kurslar\/","title":{"rendered":"Kurslar"},"content":{"rendered":"\n<p style=\"font-size:16px\">Bu seneki kampta paralel s\u0131n\u0131flarda verilecek kurslar belirlendik\u00e7e, kurslar\u0131n bilgilerine a\u015fa\u011f\u0131daki listeden ula\u015fabilirsiniz.<\/p>\n\n\n\n<p style=\"font-size:16px\">Ba\u015fvurmay\u0131 planlad\u0131\u011f\u0131n\u0131z kursun web sayfas\u0131ndaki detay program\u0131, anlat\u0131lanlar\u0131, kat\u0131l\u0131mc\u0131lardan beklenenleri mutlaka inceleyiniz.<\/p>\n\n\n\n<p style=\"font-size:16px\">E\u011fer hen\u00fcz okumad\u0131ysan\u0131z <a href=\"https:\/\/kamp.linux.org.tr\/2025-kis\/sikca-sorulan-sorular\/\" data-type=\"page\" data-id=\"14\">S\u0131k\u00e7a Sorulan Sorular<\/a> sayfas\u0131n\u0131 da dikkatlice okuyunuz.<\/p>\n\n\n\n<p><a class=\"btn btn-lyk\" rel=\"noreferrer noopener\" href=\"https:\/\/kayit.linux.org.tr\/\" data-type=\"URL\" data-id=\"https:\/\/kayit.linux.org.tr\/\" target=\"_blank\">Kurslara kay\u0131t olmak i\u00e7in t\u0131klay\u0131n<\/a><\/p>\n\n\n\n<p style=\"font-size:16px\"><strong>Kurs listemiz<\/strong><\/p>\n\n\n\n<ul class=\"wp-block-list\">\n<li class=\"mb10\" style=\"font-size:16px\"><a href=\"https:\/\/kamp.linux.org.tr\/2025-kis\/kurslar\/gnu-linux-sistem-yonetimi-0-5\/\" data-type=\"page\" data-id=\"1427\">GNU\/Linux Sistem Y\u00f6netimi 0.5<\/a><\/li>\n\n\n\n<li class=\"mb10\" style=\"font-size:16px\"><a href=\"https:\/\/kamp.linux.org.tr\/2025-kis\/kurslar\/ag-yoneticiligine-giris\/\" data-type=\"page\" data-id=\"1429\">A\u011f Y\u00f6neticili\u011fine Giri\u015f<\/a><\/li>\n\n\n\n<li class=\"mb10\" style=\"font-size:16px\"><a href=\"https:\/\/kamp.linux.org.tr\/2025-kis\/kurslar\/blokzincire-giris\/\" data-type=\"page\" data-id=\"1431\">Blokzincir&#8217;e Giri\u015f<\/a><\/li>\n\n\n\n<li class=\"mb10\" style=\"font-size:16px\"><a href=\"https:\/\/kamp.linux.org.tr\/2025-kis\/kurslar\/depolama-teknolojileri\/\" data-type=\"page\" data-id=\"1433\">Depolama Teknolojileri<\/a><\/li>\n\n\n\n<li class=\"mb10\" style=\"font-size:16px\"><a href=\"https:\/\/kamp.linux.org.tr\/2025-kis\/kurslar\/ethereum-uzerinde-akilli-sozlesmeler-ve-web3-uygulamalari\/\" data-type=\"page\" data-id=\"1436\">Ethereum \u00dczerinde Ak\u0131ll\u0131 S\u00f6zle\u015fmeler ve Web3 Uygulamalar\u0131<\/a><\/li>\n\n\n\n<li class=\"mb10\" style=\"font-size:16px\"><a href=\"https:\/\/kamp.linux.org.tr\/2025-kis\/kurslar\/gnu-radio-ile-uygulamali-haberlesme-sistemleri\/\" data-type=\"page\" data-id=\"1438\">GNU Radio ile Uygulamal\u0131 Haberle\u015fme Sistemleri<\/a><\/li>\n\n\n\n<li class=\"mb10\" style=\"font-size:16px\"><a href=\"https:\/\/kamp.linux.org.tr\/2025-kis\/kurslar\/jenkins-ile-ci-cd\/\" data-type=\"page\" data-id=\"1441\">Jenkins ile CI\/CD<\/a><\/li>\n\n\n\n<li class=\"mb10\" style=\"font-size:16px\"><a href=\"https:\/\/kamp.linux.org.tr\/2025-kis\/kurslar\/kriptografiye-giris\/\" data-type=\"page\" data-id=\"1443\">Kriptografiye Giri\u015f<\/a><\/li>\n\n\n\n<li class=\"mb10\" style=\"font-size:16px\"><a href=\"https:\/\/kamp.linux.org.tr\/2025-kis\/kurslar\/kubernetes-ve-konteyner-dunyasina-giris\/\" data-type=\"page\" data-id=\"1445\">Kubernetes ve Konteyner D\u00fcnyas\u0131na Giri\u015f<\/a><\/li>\n\n\n\n<li class=\"mb10\" style=\"font-size:16px\"><a href=\"https:\/\/kamp.linux.org.tr\/2025-kis\/kurslar\/linux-ic-yapisi-ebpfe-giris\/\" data-type=\"page\" data-id=\"1447\">Linux \u0130\u00e7 Yap\u0131s\u0131: eBPF&#8217;e Giri\u015f<\/a><\/li>\n\n\n\n<li class=\"mb10\" style=\"font-size:16px\"><a href=\"https:\/\/kamp.linux.org.tr\/2025-kis\/kurslar\/mikroservisler-ile-devops\/\" data-type=\"page\" data-id=\"1449\">Mikroservisler ile DevOPS<\/a><\/li>\n\n\n\n<li class=\"mb10\" style=\"font-size:16px\"><a href=\"https:\/\/kamp.linux.org.tr\/2025-kis\/kurslar\/on-yuze-front-end-giris\/\" data-type=\"page\" data-id=\"1451\">\u00d6n-Y\u00fcz&#8217;e (Front-end) Giri\u015f<\/a><\/li>\n\n\n\n<li class=\"mb10\" style=\"font-size:16px\"><a href=\"https:\/\/kamp.linux.org.tr\/2025-kis\/kurslar\/postgresql-veritabani-yoneticileri-icin\/\" data-type=\"page\" data-id=\"1453\">PostgreSQL: Veritaban\u0131 Y\u00f6neticileri \u0130\u00e7in<\/a><\/li>\n\n\n\n<li class=\"mb10\" style=\"font-size:16px\"><a href=\"https:\/\/kamp.linux.org.tr\/2025-kis\/kurslar\/python-ile-yapay-zekaya-giris\/\" data-type=\"page\" data-id=\"1455\">Python ile Yapay Zekaya Giri\u015f<\/a><\/li>\n\n\n\n<li class=\"mb10\" style=\"font-size:16px\"><a href=\"https:\/\/kamp.linux.org.tr\/2025-kis\/kurslar\/r-ve-python-ile-veri-gorsellestirme\/\" data-type=\"page\" data-id=\"1457\">R ve Python ile Veri G\u00f6rselle\u015ftirme<\/a><\/li>\n\n\n\n<li class=\"mb10\" style=\"font-size:16px\"><a href=\"https:\/\/kamp.linux.org.tr\/2025-kis\/kurslar\/rails-ve-hotwire-ile-modern-web-mobil-uygulamalari\/\" data-type=\"page\" data-id=\"1459\">Rails ve Hotwire ile Modern Web\/Mobil Uygulamalar\u0131<\/a><\/li>\n\n\n\n<li class=\"mb10\" style=\"font-size:16px\"><a href=\"https:\/\/kamp.linux.org.tr\/2025-kis\/kurslar\/siber-guvenlikte-tehdit-istihbarati-ve-sorusturma\/\" data-type=\"page\" data-id=\"1461\">Siber G\u00fcvenlikte Tehdit \u0130stihbarat\u0131 ve Soru\u015fturma<\/a><\/li>\n<\/ul>\n","protected":false},"excerpt":{"rendered":"<p>Bu seneki kampta paralel s\u0131n\u0131flarda verilecek kurslar belirlendik\u00e7e, kurslar\u0131n bilgilerine a\u015fa\u011f\u0131daki listeden ula\u015fabilirsiniz. Ba\u015fvurmay\u0131 planlad\u0131\u011f\u0131n\u0131z kursun web sayfas\u0131ndaki detay program\u0131, anlat\u0131lanlar\u0131, kat\u0131l\u0131mc\u0131lardan beklenenleri mutlaka inceleyiniz. E\u011fer hen\u00fcz okumad\u0131ysan\u0131z S\u0131k\u00e7a Sorulan Sorular sayfas\u0131n\u0131 da dikkatlice okuyunuz. Kurslara kay\u0131t olmak i\u00e7in t\u0131klay\u0131n Kurs listemiz<\/p>\n","protected":false},"author":1,"featured_media":0,"parent":0,"menu_order":0,"comment_status":"closed","ping_status":"closed","template":"","meta":{"footnotes":""},"class_list":["post-362","page","type-page","status-publish","hentry"],"jetpack_sharing_enabled":true,"_links":{"self":[{"href":"https:\/\/kamp.linux.org.tr\/2025-kis\/wp-json\/wp\/v2\/pages\/362","targetHints":{"allow":["GET"]}}],"collection":[{"href":"https:\/\/kamp.linux.org.tr\/2025-kis\/wp-json\/wp\/v2\/pages"}],"about":[{"href":"https:\/\/kamp.linux.org.tr\/2025-kis\/wp-json\/wp\/v2\/types\/page"}],"author":[{"embeddable":true,"href":"https:\/\/kamp.linux.org.tr\/2025-kis\/wp-json\/wp\/v2\/users\/1"}],"replies":[{"embeddable":true,"href":"https:\/\/kamp.linux.org.tr\/2025-kis\/wp-json\/wp\/v2\/comments?post=362"}],"version-history":[{"count":13,"href":"https:\/\/kamp.linux.org.tr\/2025-kis\/wp-json\/wp\/v2\/pages\/362\/revisions"}],"predecessor-version":[{"id":1987,"href":"https:\/\/kamp.linux.org.tr\/2025-kis\/wp-json\/wp\/v2\/pages\/362\/revisions\/1987"}],"wp:attachment":[{"href":"https:\/\/kamp.linux.org.tr\/2025-kis\/wp-json\/wp\/v2\/media?parent=362"}],"curies":[{"name":"wp","href":"https:\/\/api.w.org\/{rel}","templated":true}]}}