{"id":1927,"date":"2026-01-19T16:25:50","date_gmt":"2026-01-19T13:25:50","guid":{"rendered":"https:\/\/kamp.linux.org.tr\/2026-kis\/?page_id=1927"},"modified":"2026-01-20T12:19:36","modified_gmt":"2026-01-20T09:19:36","slug":"gnu-linux-sistem-yonetimi-1-5","status":"publish","type":"page","link":"https:\/\/kamp.linux.org.tr\/2026-kis\/kurslar\/gnu-linux-sistem-yonetimi-1-5\/","title":{"rendered":"GNU\/Linux Sistem Y\u00f6netimi 1.5"},"content":{"rendered":"\n<p>\u00d6zg\u00fcr Yaz\u0131l\u0131m Yaz Kamp\u0131\u2019n\u0131n <a href=\"https:\/\/kamp.linux.org.tr\/2025-yaz\/kurslar\/gnu-linux-sistem-yonetimi-1-duzey\/\" data-type=\"link\" data-id=\"https:\/\/kamp.linux.org.tr\/2025-yaz\/kurslar\/gnu-linux-sistem-yonetimi-1-duzey\/\" target=\"_blank\" rel=\"noreferrer noopener\">GNU\/Linux Sistem Y\u00f6netimi 1. D\u00fczey<\/a> E\u011fitimi s\u0131ras\u0131nda 15 g\u00fcn boyunca edindikleri bilgileri tazelemek ve uygulama yaparak peki\u015ftirmek isteyen sistem y\u00f6neticisi adaylar\u0131na y\u00f6nelik bir e\u011fitim.<\/p>\n\n\n\n<p><strong>E\u011fitmenler:<\/strong> Ahmetcan \u0130rdem, Tar\u0131k Kabak<\/p>\n\n\n\n<p class=\"mb10\"><a class=\"btn btn-lyk\" href=\"https:\/\/kayit.linux.org.tr\/\" target=\"_blank\" rel=\"noreferrer noopener\">Kurslara kay\u0131t olmak i\u00e7in t\u0131klay\u0131n<\/a><\/p>\n\n\n\n<p><strong>Kat\u0131l\u0131mc\u0131lar i\u00e7in \u00f6n-\u015fartlar<\/strong><\/p>\n\n\n\n<ul class=\"wp-block-list\">\n<li>\u00d6zg\u00fcr Yaz\u0131l\u0131m Yaz Kamp\u0131\u2019nda <a href=\"https:\/\/kamp.linux.org.tr\/2025-yaz\/kurslar\/gnu-linux-sistem-yonetimi-1-duzey\/\" data-type=\"link\" data-id=\"https:\/\/kamp.linux.org.tr\/2025-yaz\/kurslar\/gnu-linux-sistem-yonetimi-1-duzey\/\" target=\"_blank\" rel=\"noreferrer noopener\">GNU\/Linux Sistem Y\u00f6netimi 1. D\u00fczey<\/a> E\u011fitimi alm\u0131\u015f olmak.<\/li>\n\n\n\n<li>VirtualBox sanalla\u015ft\u0131rma ortam\u0131n\u0131n kurulmas\u0131. Rocky Linux, Debian, Ubuntu, Pardus da\u011f\u0131t\u0131mlar\u0131n\u0131n en az birinin minimum paketlerle (grafik aray\u00fcz olmadan) sanal makine olarak kurulmas\u0131 3 sanal makine olu\u015fturulmas\u0131, bu sanal makinelerin birbirleriyle, host (ana) bilgisayarlar\u0131 ile ileti\u015fim kurabilmesi ve \u0130nternet\u2019e ba\u011flanabilmesi.<\/li>\n<\/ul>\n\n\n\n<br \/>\n\n\n\n<p><strong>E\u011fitim \u0130\u00e7eri\u011fi<\/strong><\/p>\n\n\n\n<p><a href=\"https:\/\/kamp.linux.org.tr\/2025-yaz\/kurslar\/gnu-linux-sistem-yonetimi-1-duzey\/\" data-type=\"link\" data-id=\"https:\/\/kamp.linux.org.tr\/2025-yaz\/kurslar\/gnu-linux-sistem-yonetimi-1-duzey\/\" target=\"_blank\" rel=\"noreferrer noopener\">GNU\/Linux Sistem Y\u00f6netimi 1. D\u00fczey<\/a> E\u011fitimi uygulamalar\u0131na ek olarak a\u015fa\u011f\u0131daki konulara da de\u011finilerek 2. D\u00fczey E\u011fitimine haz\u0131rl\u0131k g\u00f6revi g\u00f6recektir.<\/p>\n\n\n\n<ul class=\"wp-block-list\">\n<li>LVM<\/li>\n\n\n\n<li>Bash Scripting<\/li>\n\n\n\n<li>\u00c7ekirdek ve Ayg\u0131t Y\u00f6netimi<\/li>\n\n\n\n<li>GRUB Y\u00f6netimi<\/li>\n\n\n\n<li>PAM ve Do\u011frulama Mekanizmalar\u0131<\/li>\n<\/ul>\n\n\n\n<p><\/p>\n","protected":false},"excerpt":{"rendered":"<p>\u00d6zg\u00fcr Yaz\u0131l\u0131m Yaz Kamp\u0131\u2019n\u0131n GNU\/Linux Sistem Y\u00f6netimi 1. D\u00fczey E\u011fitimi s\u0131ras\u0131nda 15 g\u00fcn boyunca edindikleri bilgileri tazelemek ve uygulama yaparak peki\u015ftirmek isteyen sistem y\u00f6neticisi adaylar\u0131na y\u00f6nelik bir e\u011fitim. E\u011fitmenler: Ahmetcan \u0130rdem, Tar\u0131k Kabak Kurslara kay\u0131t olmak i\u00e7in t\u0131klay\u0131n Kat\u0131l\u0131mc\u0131lar i\u00e7in \u00f6n-\u015fartlar E\u011fitim \u0130\u00e7eri\u011fi GNU\/Linux Sistem Y\u00f6netimi 1. D\u00fczey E\u011fitimi uygulamalar\u0131na ek olarak a\u015fa\u011f\u0131daki konulara da [&hellip;]<\/p>\n","protected":false},"author":9,"featured_media":0,"parent":362,"menu_order":0,"comment_status":"closed","ping_status":"closed","template":"","meta":{"footnotes":""},"class_list":["post-1927","page","type-page","status-publish","hentry"],"jetpack_sharing_enabled":true,"_links":{"self":[{"href":"https:\/\/kamp.linux.org.tr\/2026-kis\/wp-json\/wp\/v2\/pages\/1927","targetHints":{"allow":["GET"]}}],"collection":[{"href":"https:\/\/kamp.linux.org.tr\/2026-kis\/wp-json\/wp\/v2\/pages"}],"about":[{"href":"https:\/\/kamp.linux.org.tr\/2026-kis\/wp-json\/wp\/v2\/types\/page"}],"author":[{"embeddable":true,"href":"https:\/\/kamp.linux.org.tr\/2026-kis\/wp-json\/wp\/v2\/users\/9"}],"replies":[{"embeddable":true,"href":"https:\/\/kamp.linux.org.tr\/2026-kis\/wp-json\/wp\/v2\/comments?post=1927"}],"version-history":[{"count":6,"href":"https:\/\/kamp.linux.org.tr\/2026-kis\/wp-json\/wp\/v2\/pages\/1927\/revisions"}],"predecessor-version":[{"id":2066,"href":"https:\/\/kamp.linux.org.tr\/2026-kis\/wp-json\/wp\/v2\/pages\/1927\/revisions\/2066"}],"up":[{"embeddable":true,"href":"https:\/\/kamp.linux.org.tr\/2026-kis\/wp-json\/wp\/v2\/pages\/362"}],"wp:attachment":[{"href":"https:\/\/kamp.linux.org.tr\/2026-kis\/wp-json\/wp\/v2\/media?parent=1927"}],"curies":[{"name":"wp","href":"https:\/\/api.w.org\/{rel}","templated":true}]}}