{"id":1941,"date":"2026-01-19T16:39:44","date_gmt":"2026-01-19T13:39:44","guid":{"rendered":"https:\/\/kamp.linux.org.tr\/2026-kis\/?page_id=1941"},"modified":"2026-01-20T00:22:27","modified_gmt":"2026-01-19T21:22:27","slug":"bitcoini-anlamak-sayisal-kriptografi-ve-blokzincire-giris","status":"publish","type":"page","link":"https:\/\/kamp.linux.org.tr\/2026-kis\/kurslar\/bitcoini-anlamak-sayisal-kriptografi-ve-blokzincire-giris\/","title":{"rendered":"Bitcoin\u2019i Anlamak: Say\u0131sal Kriptografi ve Blokzincire Giri\u015f"},"content":{"rendered":"\n<p><strong>E\u011fitmenler:<\/strong> Eng\u00fcr Pi\u015firici, Dr. Hamdi Murat Yildirim<\/p>\n\n\n\n<p class=\"mb10\"><a class=\"btn btn-lyk\" href=\"https:\/\/kayit.linux.org.tr\/\" target=\"_blank\" rel=\"noreferrer noopener\">Kurslara kay\u0131t olmak i\u00e7in t\u0131klay\u0131n<\/a><\/p>\n\n\n\n<p><strong>Kat\u0131l\u0131mc\u0131lar i\u00e7in \u00f6n-\u015fartlar<\/strong><\/p>\n\n\n\n<ul class=\"wp-block-list\">\n<li>G\u00fcncellenecek..<\/li>\n<\/ul>\n\n\n\n<br \/>\n\n\n\n<p><strong>E\u011fitim \u0130\u00e7eri\u011fi<\/strong><\/p>\n\n\n\n<p><\/p>\n","protected":false},"excerpt":{"rendered":"<p>E\u011fitmenler: Eng\u00fcr Pi\u015firici, Dr. Hamdi Murat Yildirim Kurslara kay\u0131t olmak i\u00e7in t\u0131klay\u0131n Kat\u0131l\u0131mc\u0131lar i\u00e7in \u00f6n-\u015fartlar E\u011fitim \u0130\u00e7eri\u011fi<\/p>\n","protected":false},"author":9,"featured_media":0,"parent":362,"menu_order":0,"comment_status":"closed","ping_status":"closed","template":"","meta":{"footnotes":""},"class_list":["post-1941","page","type-page","status-publish","hentry"],"jetpack_sharing_enabled":true,"_links":{"self":[{"href":"https:\/\/kamp.linux.org.tr\/2026-kis\/wp-json\/wp\/v2\/pages\/1941","targetHints":{"allow":["GET"]}}],"collection":[{"href":"https:\/\/kamp.linux.org.tr\/2026-kis\/wp-json\/wp\/v2\/pages"}],"about":[{"href":"https:\/\/kamp.linux.org.tr\/2026-kis\/wp-json\/wp\/v2\/types\/page"}],"author":[{"embeddable":true,"href":"https:\/\/kamp.linux.org.tr\/2026-kis\/wp-json\/wp\/v2\/users\/9"}],"replies":[{"embeddable":true,"href":"https:\/\/kamp.linux.org.tr\/2026-kis\/wp-json\/wp\/v2\/comments?post=1941"}],"version-history":[{"count":3,"href":"https:\/\/kamp.linux.org.tr\/2026-kis\/wp-json\/wp\/v2\/pages\/1941\/revisions"}],"predecessor-version":[{"id":2058,"href":"https:\/\/kamp.linux.org.tr\/2026-kis\/wp-json\/wp\/v2\/pages\/1941\/revisions\/2058"}],"up":[{"embeddable":true,"href":"https:\/\/kamp.linux.org.tr\/2026-kis\/wp-json\/wp\/v2\/pages\/362"}],"wp:attachment":[{"href":"https:\/\/kamp.linux.org.tr\/2026-kis\/wp-json\/wp\/v2\/media?parent=1941"}],"curies":[{"name":"wp","href":"https:\/\/api.w.org\/{rel}","templated":true}]}}